{"id":5728,"date":"2019-10-19T01:09:58","date_gmt":"2019-10-19T01:09:58","guid":{"rendered":"http:\/\/ulc.edu.pe\/?page_id=5728"},"modified":"2022-11-12T16:15:02","modified_gmt":"2022-11-12T16:15:02","slug":"pagos-virtuales","status":"publish","type":"page","link":"https:\/\/ulc.edu.pe\/ulcWeb\/pagos-virtuales\/","title":{"rendered":"PAGOS"},"content":{"rendered":"<div class=\"wpb-content-wrapper\">[vc_row full_width=&#8221;stretch_row&#8221; css=&#8221;.vc_custom_1603912400331{margin-top: -110px !important;padding-top: 250px !important;padding-bottom: 50px !important;background-image: url(http:\/\/ulc.edu.pe\/ulcWeb\/wp-content\/uploads\/2019\/10\/ULC_Pagos_Virtuales.jpg?id=5747) !important;background-position: center !important;background-repeat: no-repeat !important;background-size: cover !important;}&#8221; el_class=&#8221;overlay fixed_bg&#8221;][vc_column][vc_custom_heading text=&#8221;SISTEMA DE PAGOS&#8221; font_container=&#8221;tag:h1|text_align:left|color:%23ffffff&#8221; use_theme_fonts=&#8221;yes&#8221; subtitle_color=&#8221;#ffffff&#8221; subtitle=&#8221;Servicios de Pagos virtuales y Presenciales&#8221;][\/vc_column][\/vc_row][vc_row][vc_column width=&#8221;2\/3&#8243;][gt3_spacing height=&#8221;35px&#8221;][vc_single_image image=&#8221;8025&#8243; img_size=&#8221;full&#8221; alignment=&#8221;center&#8221; onclick=&#8221;link_image&#8221;][gt3_spacing height=&#8221;35px&#8221;][vc_single_image image=&#8221;8018&#8243; img_size=&#8221;full&#8221; alignment=&#8221;center&#8221; onclick=&#8221;link_image&#8221;][\/vc_column][vc_column width=&#8221;1\/3&#8243;][gt3_spacing height=&#8221;35px&#8221;][vc_text_separator title=&#8221;Objetivos&#8221; title_align=&#8221;separator_align_left&#8221; align=&#8221;align_left&#8221; color=&#8221;juicy_pink&#8221; border_width=&#8221;2&#8243;][vc_column_text]\n<ul>\n<li>Dar a conocer a los usuarios finales las caracter\u00edsticas y las formas de funcionamiento del servicio brindado.<\/li>\n<li>Proporcionar al usuario la informaci\u00f3n necesaria para utilizar el Sistemas de Pagos Virtuales<\/li>\n<li>Facilitar registrar las gestiones necesarias, y reportes correspondientes a la informaci\u00f3n requerida.<\/li>\n<li>Conocer c\u00f3mo utilizar un sistema, mediante una descripci\u00f3n detallada e ilustrada a trav\u00e9s de opciones.<\/li>\n<\/ul>\n[\/vc_column_text][gt3_spacing height=&#8221;35px&#8221;][vc_text_separator title=&#8221;Detalles&#8221; title_align=&#8221;separator_align_left&#8221; align=&#8221;align_left&#8221; color=&#8221;juicy_pink&#8221; border_width=&#8221;2&#8243;][vc_column_text]\n<ul>\n<li>\n<p class=\"GPOParrafo01\"><span lang=\"ES-PE\">La ULC ha puesto a disposici\u00f3n el servicio de pagos virtuales para MATR\u00cdCULAS, CUOTAS de pregrado, a trav\u00e9s de BANCA POR INTERNET de la CAJA TACNA entre otros medios. Es un sistema confiable que le brinda la posibilidad de hacer los pagos desde cualquier dispositivo conectado a Internet.<\/span><\/p>\n<\/li>\n<\/ul>\n[\/vc_column_text][gt3_spacing height=&#8221;35px&#8221;][vc_text_separator title=&#8221;Manual del Estudiante&#8221; title_align=&#8221;separator_align_left&#8221; align=&#8221;align_left&#8221; color=&#8221;juicy_pink&#8221; border_width=&#8221;2&#8243;][vc_btn title=&#8221;`{`descargar`}` Manual de Uso&#8221; size=&#8221;sm&#8221; align=&#8221;left&#8221; i_icon_fontawesome=&#8221;fa fa-file-pdf-o&#8221; css_animation=&#8221;left-to-right&#8221; button_block=&#8221;true&#8221; add_icon=&#8221;true&#8221; el_class=&#8221;font-weight: normal&#8221; link=&#8221;url:https%3A%2F%2Fdrive.google.com%2Ffile%2Fd%2F1tzmDgO8WT4oIJf7J9BkewSmpTjTTFgLi%2Fview%3Fusp%3Dsharing||target:%20_blank&#8221;][vc_text_separator title=&#8221;Boleta Electr\u00f3nica&#8221; title_align=&#8221;separator_align_left&#8221; align=&#8221;align_left&#8221; color=&#8221;juicy_pink&#8221; border_width=&#8221;2&#8243;][vc_images_carousel images=&#8221;5779&#8243; img_size=&#8221;full&#8221; onclick=&#8221;custom_link&#8221; custom_links_target=&#8221;_blank&#8221; hide_pagination_control=&#8221;yes&#8221; hide_prev_next_buttons=&#8221;yes&#8221; custom_links=&#8221;#E-8_aHR0cCUzQSUyRiUyRnVsYy5lZHUucGUlMkZkZXNjYXJnYS1ib2xldGElMkY=&#8221;][vc_text_separator title=&#8221;Comprobar Pagos en S.I.G.U Intranet Estudiante&#8221; title_align=&#8221;separator_align_left&#8221; align=&#8221;align_left&#8221; color=&#8221;juicy_pink&#8221; border_width=&#8221;2&#8243;][vc_single_image image=&#8221;5777&#8243; onclick=&#8221;link_image&#8221;][gt3_spacing height=&#8221;35px&#8221;][vc_text_separator title=&#8221;1. Oficina de Contabilidad y Tesorer\u00eda&#8221; title_align=&#8221;separator_align_left&#8221; align=&#8221;align_left&#8221; color=&#8221;juicy_pink&#8221; border_width=&#8221;2&#8243;][vc_column_text](Pago Presencial &#8211; Efectivo)<br \/>\n<a href=\"https:\/\/www.google.com\/maps\/place\/Universidad+Latinoamericana+CIMA\/@-18.0155585,-70.242308,15z\/data=!4m5!3m4!1s0x0:0x3eb8dacc3fdaae6c!8m2!3d-18.0155585!4d-70.242308\" target=\"_blank\" rel=\"noopener noreferrer\">Oficina &#8211; 1er Piso &#8211; Pabell\u00f3n C<\/a>[\/vc_column_text][vc_images_carousel images=&#8221;5775&#8243; onclick=&#8221;custom_link&#8221; custom_links_target=&#8221;_blank&#8221; hide_pagination_control=&#8221;yes&#8221; hide_prev_next_buttons=&#8221;yes&#8221; custom_links=&#8221;#E-8_aHR0cHMlM0ElMkYlMkZ3d3cuZ29vZ2xlLmNvbSUyRm1hcHMlMkZwbGFjZSUyRlVuaXZlcnNpZGFkJTJCTGF0aW5vYW1lcmljYW5hJTJCQ0lNQSUyRiU0MC0xOC4wMTU1NTg1JTJDLTcwLjI0MjMwOCUyQzE1eiUyRmRhdGElM0QlMjE0bTUlMjEzbTQlMjExczB4MCUzQTB4M2ViOGRhY2MzZmRhYWU2YyUyMThtMiUyMTNkLTE4LjAxNTU1ODUlMjE0ZC03MC4yNDIzMDg=&#8221;][gt3_spacing height=&#8221;35px&#8221;][\/vc_column][\/vc_row]\n<\/div>","protected":false},"excerpt":{"rendered":"<p>[vc_row full_width=&#8221;stretch_row&#8221; css=&#8221;.vc_custom_1603912400331{margin-top: -110px !important;padding-top: 250px !important;padding-bottom: 50px !important;background-image: url(http:\/\/ulc.edu.pe\/ulcWeb\/wp-content\/uploads\/2019\/10\/ULC_Pagos_Virtuales.jpg?id=5747) !important;background-position: center !important;background-repeat: no-repeat !important;background-size: cover !important;}&#8221; el_class=&#8221;overlay fixed_bg&#8221;][vc_column][vc_custom_heading text=&#8221;SISTEMA DE PAGOS&#8221; font_container=&#8221;tag:h1|text_align:left|color:%23ffffff&#8221; use_theme_fonts=&#8221;yes&#8221; subtitle_color=&#8221;#ffffff&#8221; subtitle=&#8221;Servicios de Pagos virtuales y Presenciales&#8221;][\/vc_column][\/vc_row][vc_row][vc_column width=&#8221;2\/3&#8243;][gt3_spacing height=&#8221;35px&#8221;][vc_single_image image=&#8221;8025&#8243; img_size=&#8221;full&#8221; alignment=&#8221;center&#8221; onclick=&#8221;link_image&#8221;][gt3_spacing height=&#8221;35px&#8221;][vc_single_image image=&#8221;8018&#8243; img_size=&#8221;full&#8221; alignment=&#8221;center&#8221; onclick=&#8221;link_image&#8221;][\/vc_column][vc_column width=&#8221;1\/3&#8243;][gt3_spacing height=&#8221;35px&#8221;][vc_text_separator title=&#8221;Objetivos&#8221; title_align=&#8221;separator_align_left&#8221; align=&#8221;align_left&#8221; color=&#8221;juicy_pink&#8221; border_width=&#8221;2&#8243;][vc_column_text] Dar a conocer a los usuarios [&hellip;]<\/p>\n","protected":false},"author":3,"featured_media":0,"parent":0,"menu_order":0,"comment_status":"closed","ping_status":"closed","template":"","meta":{"footnotes":""},"class_list":["post-5728","page","type-page","status-publish","hentry"],"_links":{"self":[{"href":"https:\/\/ulc.edu.pe\/ulcWeb\/wp-json\/wp\/v2\/pages\/5728","targetHints":{"allow":["GET"]}}],"collection":[{"href":"https:\/\/ulc.edu.pe\/ulcWeb\/wp-json\/wp\/v2\/pages"}],"about":[{"href":"https:\/\/ulc.edu.pe\/ulcWeb\/wp-json\/wp\/v2\/types\/page"}],"author":[{"embeddable":true,"href":"https:\/\/ulc.edu.pe\/ulcWeb\/wp-json\/wp\/v2\/users\/3"}],"replies":[{"embeddable":true,"href":"https:\/\/ulc.edu.pe\/ulcWeb\/wp-json\/wp\/v2\/comments?post=5728"}],"version-history":[{"count":43,"href":"https:\/\/ulc.edu.pe\/ulcWeb\/wp-json\/wp\/v2\/pages\/5728\/revisions"}],"predecessor-version":[{"id":8026,"href":"https:\/\/ulc.edu.pe\/ulcWeb\/wp-json\/wp\/v2\/pages\/5728\/revisions\/8026"}],"wp:attachment":[{"href":"https:\/\/ulc.edu.pe\/ulcWeb\/wp-json\/wp\/v2\/media?parent=5728"}],"curies":[{"name":"wp","href":"https:\/\/api.w.org\/{rel}","templated":true}]}}