{"id":4890,"date":"2019-07-10T00:49:02","date_gmt":"2019-07-10T00:49:02","guid":{"rendered":"http:\/\/ulc.edu.pe\/?page_id=4890"},"modified":"2024-08-12T16:47:52","modified_gmt":"2024-08-12T16:47:52","slug":"matricula","status":"publish","type":"page","link":"https:\/\/ulc.edu.pe\/ulcWeb\/matricula\/","title":{"rendered":"MATR\u00cdCULA"},"content":{"rendered":"<div class=\"wpb-content-wrapper\">[vc_row full_width=&#8221;stretch_row&#8221; content_placement=&#8221;top&#8221; css=&#8221;.vc_custom_1598083712084{margin-top: -110px !important;padding-top: 300px !important;padding-bottom: 50px !important;background-image: url(http:\/\/ulc.edu.pe\/ulcWeb\/wp-content\/uploads\/2020\/01\/92925-copia.jpg?id=6608) !important;background-position: center !important;background-repeat: no-repeat !important;background-size: cover !important;}&#8221; el_class=&#8221;overlay fixed_bg&#8221;][vc_column][vc_custom_heading text=&#8221;PROCESO DE M\u00c1TRICULA SEMESTRE ACAD\u00c9MICO 2024-II&#8221; font_container=&#8221;tag:h1|text_align:center|color:%23dd3333&#8243; use_theme_fonts=&#8221;yes&#8221; subtitle_color=&#8221;#ffffff&#8221; subtitle=&#8221;Proceso conforme a Ley Universitaria N\u00ba 30220&#8243;][\/vc_column][\/vc_row][vc_row][vc_column][gt3_spacing height=&#8221;40px&#8221;][vc_tta_tour active_section=&#8221;1&#8243; color=&#8221;juicy-pink&#8221;][vc_tta_section title=&#8221;Proceso de Matr\u00edcula&#8221; tab_id=&#8221;1534871309621-c2172cfb-bdc1&#8243;][vc_text_separator title=&#8221;Documentos Relacionados&#8221; border_width=&#8221;2&#8243;][gt3_spacing height=&#8221;40px&#8221;][vc_row_inner][vc_column_inner][gt3_button button_title=&#8221;RESOLUCI\u00d3N N\u00b0005-2024-CU-ULC&#8221; button_size=&#8221;large&#8221; button_alignment=&#8221;center&#8221; link=&#8221;url:https%3A%2F%2Fulc.edu.pe%2FulcWeb%2Fwp-content%2Fuploads%2F2024%2F02%2FRESO-005-2024-CU-ULC-CRONOGRAMA-ACADEMICO-2024.pdf||target:%20_blank|&#8221;][\/vc_column_inner][\/vc_row_inner][gt3_spacing height=&#8221;20px&#8221;][vc_text_separator title=&#8221;Cronograma de Matr\u00edcula 2024-II&#8221; border_width=&#8221;2&#8243;][gt3_spacing height=&#8221;20px&#8221;][vc_column_text]\n<table style=\"width: 98.0548%; height: 166px;\" rules=\"rows\">\n<tbody>\n<tr style=\"height: 24px;\">\n<td style=\"width: 65.9396%; height: 24px;\" align=\"center\"><strong>ACTIVIDAD ADMINISTRATIVO \/ ACAD\u00c9MICO<\/strong><\/td>\n<td style=\"width: 16.6107%; height: 24px;\" align=\"center\"><strong>DEL<\/strong><\/td>\n<td style=\"width: 17.2819%; height: 24px;\" align=\"center\"><strong>AL<\/strong><\/td>\n<\/tr>\n<tr style=\"height: 24px;\">\n<td style=\"width: 65.9396%; height: 24px;\" align=\"center\">Matr\u00edcula Regular<\/td>\n<td style=\"width: 16.6107%; height: 24px;\" align=\"center\">01\/08\/2024<\/td>\n<td style=\"width: 17.2819%; height: 24px;\" align=\"center\">16\/08\/2024<\/td>\n<\/tr>\n<tr style=\"height: 24px;\">\n<td style=\"width: 65.9396%; height: 24px;\" align=\"center\">Matr\u00edcula Extempor\u00e1nea<\/td>\n<td style=\"width: 16.6107%; height: 24px;\" align=\"center\">19\/08\/2024<\/td>\n<td style=\"width: 17.2819%; height: 24px;\" align=\"center\">30\/08\/2024<\/td>\n<\/tr>\n<tr style=\"height: 24px;\">\n<td style=\"width: 65.9396%; height: 24px;\" align=\"center\">Reserva de Matr\u00edcula<\/td>\n<td style=\"width: 16.6107%; height: 24px;\" align=\"center\">01\/08\/2024<\/td>\n<td style=\"width: 17.2819%; height: 24px;\" align=\"center\">30\/08\/2024<\/td>\n<\/tr>\n<tr style=\"height: 24px;\">\n<td style=\"width: 65.9396%; height: 24px;\" align=\"center\"><strong>Clases de Semestre Acad\u00e9mico 2024-II<\/strong><\/td>\n<td style=\"width: 16.6107%; height: 24px;\" align=\"center\"><strong>01\/09\/2024<\/strong><\/td>\n<td style=\"width: 17.2819%; height: 24px;\" align=\"center\"><strong>29\/12\/2024<\/strong><\/td>\n<\/tr>\n<tr style=\"height: 24px;\">\n<td style=\"width: 65.9396%; height: 24px;\" align=\"center\">Rectificaci\u00f3n de Matr\u00edcula<\/td>\n<td style=\"width: 16.6107%; height: 24px;\" align=\"center\">01\/09\/2024<\/td>\n<td style=\"width: 17.2819%; height: 24px;\" align=\"center\">11\/09\/2024<\/td>\n<\/tr>\n<tr style=\"height: 24px;\">\n<td style=\"width: 65.9396%; height: 24px;\" align=\"center\">Retiro de Asignaturas<\/td>\n<td style=\"width: 16.6107%; height: 24px;\" align=\"center\">01\/09\/2024<\/td>\n<td style=\"width: 17.2819%; height: 24px;\" align=\"center\">11\/09\/2024<\/td>\n<\/tr>\n<\/tbody>\n<\/table>\n[\/vc_column_text][\/vc_tta_section][vc_tta_section title=&#8221;Mapa Campus ULC&#8221; tab_id=&#8221;1536121170921-baab26ef-d122&#8243;][vc_row_inner][vc_column_inner width=&#8221;1\/3&#8243;][\/vc_column_inner][vc_column_inner width=&#8221;1\/3&#8243;][vc_images_carousel images=&#8221;5771&#8243; img_size=&#8221;full&#8221; onclick=&#8221;custom_link&#8221; custom_links_target=&#8221;_blank&#8221; hide_pagination_control=&#8221;yes&#8221; hide_prev_next_buttons=&#8221;yes&#8221; custom_links=&#8221;#E-8_aHR0cCUzQSUyRiUyRnNpZ3UudWxjLmVkdS5wZSUyRmFsdW1ubyUyRm1hdHJpY3VsYSUyRmZpY2hh&#8221;][\/vc_column_inner][vc_column_inner width=&#8221;1\/3&#8243;][\/vc_column_inner][\/vc_row_inner][\/vc_tta_section][\/vc_tta_tour][vc_message message_box_style=&#8221;solid&#8221; message_box_color=&#8221;pink&#8221; icon_fontawesome=&#8221;fa fa-spinner&#8221;]\n<p style=\"text-align: center;\">HORARIO DE ATENCI\u00d3N DE LAS MATR\u00cdCULAS: LUNES A VIERNES (MA\u00d1ANA 02:30 PM &#8211; 05:00 PM) \/ S\u00c1BADO Y DOMINGO NO HAY ATENCI\u00d3N<\/p>\n[\/vc_message][vc_column_text][\/vc_column_text][vc_single_image image=&#8221;8133&#8243; img_size=&#8221;full&#8221; alignment=&#8221;center&#8221;][gt3_spacing height=&#8221;40px&#8221;][\/vc_column][\/vc_row][vc_row][vc_column width=&#8221;1\/2&#8243;][vc_btn title=&#8221;INTRANET DEL ESTUDIANTE &#8211; Verificar Estado de Sus Pagos&#8221; size=&#8221;sm&#8221; align=&#8221;left&#8221; i_icon_fontawesome=&#8221;fa fa-bluetooth&#8221; css_animation=&#8221;left-to-right&#8221; button_block=&#8221;true&#8221; add_icon=&#8221;true&#8221; el_class=&#8221;font-weight: normal&#8221; link=&#8221;url:http%3A%2F%2Fsigu.ulc.edu.pe%2Falumno%2Fpagos-alu||target:%20_blank&#8221;][\/vc_column][vc_column width=&#8221;1\/2&#8243;][vc_btn title=&#8221;INTRANET DEL ESTUDIANTE &#8211; Verificar sus Cursos&#8221; size=&#8221;sm&#8221; align=&#8221;left&#8221; i_icon_fontawesome=&#8221;fa fa-calendar-minus-o&#8221; css_animation=&#8221;left-to-right&#8221; button_block=&#8221;true&#8221; add_icon=&#8221;true&#8221; el_class=&#8221;font-weight: normal&#8221; link=&#8221;url:http%3A%2F%2Fsigu.ulc.edu.pe%2Falumno%2Fmatricula%2Fficha||target:%20_blank&#8221;][\/vc_column][\/vc_row]\n<\/div>","protected":false},"excerpt":{"rendered":"<p>[vc_row full_width=&#8221;stretch_row&#8221; content_placement=&#8221;top&#8221; css=&#8221;.vc_custom_1598083712084{margin-top: -110px !important;padding-top: 300px !important;padding-bottom: 50px !important;background-image: url(http:\/\/ulc.edu.pe\/ulcWeb\/wp-content\/uploads\/2020\/01\/92925-copia.jpg?id=6608) !important;background-position: center !important;background-repeat: no-repeat !important;background-size: cover !important;}&#8221; el_class=&#8221;overlay fixed_bg&#8221;][vc_column][vc_custom_heading text=&#8221;PROCESO DE M\u00c1TRICULA SEMESTRE ACAD\u00c9MICO 2024-II&#8221; font_container=&#8221;tag:h1|text_align:center|color:%23dd3333&#8243; use_theme_fonts=&#8221;yes&#8221; subtitle_color=&#8221;#ffffff&#8221; subtitle=&#8221;Proceso conforme a Ley Universitaria N\u00ba 30220&#8243;][\/vc_column][\/vc_row][vc_row][vc_column][gt3_spacing height=&#8221;40px&#8221;][vc_tta_tour active_section=&#8221;1&#8243; color=&#8221;juicy-pink&#8221;][vc_tta_section title=&#8221;Proceso de Matr\u00edcula&#8221; tab_id=&#8221;1534871309621-c2172cfb-bdc1&#8243;][vc_text_separator title=&#8221;Documentos Relacionados&#8221; border_width=&#8221;2&#8243;][gt3_spacing height=&#8221;40px&#8221;][vc_row_inner][vc_column_inner][gt3_button button_title=&#8221;RESOLUCI\u00d3N N\u00b0005-2024-CU-ULC&#8221; button_size=&#8221;large&#8221; button_alignment=&#8221;center&#8221; link=&#8221;url:https%3A%2F%2Fulc.edu.pe%2FulcWeb%2Fwp-content%2Fuploads%2F2024%2F02%2FRESO-005-2024-CU-ULC-CRONOGRAMA-ACADEMICO-2024.pdf||target:%20_blank|&#8221;][\/vc_column_inner][\/vc_row_inner][gt3_spacing height=&#8221;20px&#8221;][vc_text_separator title=&#8221;Cronograma de [&hellip;]<\/p>\n","protected":false},"author":3,"featured_media":0,"parent":0,"menu_order":0,"comment_status":"closed","ping_status":"closed","template":"","meta":{"footnotes":""},"class_list":["post-4890","page","type-page","status-publish","hentry"],"_links":{"self":[{"href":"https:\/\/ulc.edu.pe\/ulcWeb\/wp-json\/wp\/v2\/pages\/4890","targetHints":{"allow":["GET"]}}],"collection":[{"href":"https:\/\/ulc.edu.pe\/ulcWeb\/wp-json\/wp\/v2\/pages"}],"about":[{"href":"https:\/\/ulc.edu.pe\/ulcWeb\/wp-json\/wp\/v2\/types\/page"}],"author":[{"embeddable":true,"href":"https:\/\/ulc.edu.pe\/ulcWeb\/wp-json\/wp\/v2\/users\/3"}],"replies":[{"embeddable":true,"href":"https:\/\/ulc.edu.pe\/ulcWeb\/wp-json\/wp\/v2\/comments?post=4890"}],"version-history":[{"count":71,"href":"https:\/\/ulc.edu.pe\/ulcWeb\/wp-json\/wp\/v2\/pages\/4890\/revisions"}],"predecessor-version":[{"id":8175,"href":"https:\/\/ulc.edu.pe\/ulcWeb\/wp-json\/wp\/v2\/pages\/4890\/revisions\/8175"}],"wp:attachment":[{"href":"https:\/\/ulc.edu.pe\/ulcWeb\/wp-json\/wp\/v2\/media?parent=4890"}],"curies":[{"name":"wp","href":"https:\/\/api.w.org\/{rel}","templated":true}]}}