{"id":3938,"date":"2018-09-11T21:16:10","date_gmt":"2018-09-11T21:16:10","guid":{"rendered":"http:\/\/ulc.edu.pe\/?page_id=3938"},"modified":"2022-09-29T23:55:36","modified_gmt":"2022-09-29T23:55:36","slug":"oficina-psicologia","status":"publish","type":"page","link":"https:\/\/ulc.edu.pe\/ulcWeb\/oficina-psicologia\/","title":{"rendered":"OBUN &#8211; Servicios de Psicopedagog\u00eda"},"content":{"rendered":"<div class=\"wpb-content-wrapper\">[vc_row full_width=&#8221;stretch_row&#8221; css=&#8221;.vc_custom_1536701546363{padding-top: 250px !important;padding-bottom: 50px !important;background-image: url(http:\/\/ulc.edu.pe\/ulcWeb\/wp-content\/uploads\/2018\/09\/ULC_LOGO_Oficina-de-Oficina-de-Psicologia_BANER.jpg?id=3942) !important;background-position: center !important;background-repeat: no-repeat !important;background-size: cover !important;}&#8221; el_class=&#8221;overlay fixed_bg&#8221;][vc_column][vc_custom_heading text=&#8221;&#8221; font_container=&#8221;tag:h1|text_align:left|color:%23ffffff&#8221; use_theme_fonts=&#8221;yes&#8221; subtitle_color=&#8221;#ffffff&#8221; subtitle=&#8221;An\u00e1lisis de la conducta y los procesos mentales del Estudiante&#8221;][\/vc_column][\/vc_row][vc_row][vc_column width=&#8221;5\/6&#8243;][gt3_spacing height=&#8221;40px&#8221;][vc_tta_tour active_section=&#8221;1&#8243; color=&#8221;juicy-pink&#8221;][vc_tta_section title=&#8221;Presentaci\u00f3n&#8221; tab_id=&#8221;1534871309621-c2172cfb-bdc1&#8243;][vc_text_separator title=&#8221;Definici\u00f3n&#8221; color=&#8221;juicy_pink&#8221; border_width=&#8221;2&#8243;][gt3_spacing height=&#8221;32px&#8221;][vc_column_text]Los Servicios psicopedag\u00f3gicos benefician a todos los estudiantes de la Universidad Latinoamericana CIMA y buscan contribuir en la promoci\u00f3n de la salud mental mediante la realizaci\u00f3n de talleres psicopedag\u00f3gicos, orientaci\u00f3n psicol\u00f3gica, acad\u00e9mica, apoyo al desarrollo profesional y en el programa de tutor\u00eda,<\/p>\n<p>Este Servicio comprender\u00e1 los siguientes aspectos:<\/p>\n<ul>\n<li>&#8211; Prestar orientaci\u00f3n acad\u00e9mica y profesional.<\/li>\n<li>&#8211; Programar campa\u00f1as de salud mental y talleres psicopedag\u00f3gicos.<\/li>\n<li>&#8211; Prestar Consultas, orientaci\u00f3n, consejer\u00eda y evaluaci\u00f3n psicopedag\u00f3gica.<\/li>\n<li>&#8211; Realizar tamizajes en Salud Mental a los estudiantes ingresantes.<\/li>\n<li>&#8211; Apoyar en Capacitaciones y en el Programa de Tutor\u00eda.<\/li>\n<li>&#8211; Elaboraci\u00f3n de informes estad\u00edsticos por semestre de los servicios.<\/li>\n<li>&#8211; Las dem\u00e1s que sean necesarios para el cumplimiento del servicio.<\/li>\n<\/ul>\n[\/vc_column_text][\/vc_tta_section][vc_tta_section title=&#8221;Servicios Generales&#8221; tab_id=&#8221;servicios-generales&#8221;][vc_text_separator title=&#8221;Servicios&#8221; color=&#8221;juicy_pink&#8221; border_width=&#8221;2&#8243;][gt3_spacing height=&#8221;32px&#8221;][vc_btn title=&#8221;`{`descargar`}` Servicios&#8221; size=&#8221;sm&#8221; align=&#8221;left&#8221; i_icon_fontawesome=&#8221;fa fa-file-pdf-o&#8221; css_animation=&#8221;left-to-right&#8221; button_block=&#8221;true&#8221; add_icon=&#8221;true&#8221; el_class=&#8221;font-weight: normal&#8221; link=&#8221;||target:%20_blank&#8221;][\/vc_tta_section][vc_tta_section title=&#8221;Reglamentos y Documentos&#8221; tab_id=&#8221;reglamentos-y-documentos&#8221;][vc_text_separator title=&#8221;Reglamentos&#8221; color=&#8221;juicy_pink&#8221; border_width=&#8221;2&#8243;][gt3_spacing height=&#8221;32px&#8221;][vc_btn title=&#8221;`{`descargar`}` Reglamento de la Oficina&#8221; size=&#8221;sm&#8221; align=&#8221;left&#8221; i_icon_fontawesome=&#8221;fa fa-file-pdf-o&#8221; css_animation=&#8221;left-to-right&#8221; button_block=&#8221;true&#8221; add_icon=&#8221;true&#8221; el_class=&#8221;font-weight: normal&#8221; link=&#8221;||target:%20_blank&#8221;][gt3_spacing height=&#8221;32px&#8221;][vc_text_separator title=&#8221;Documentos de Gesti\u00f3n&#8221; color=&#8221;juicy_pink&#8221; border_width=&#8221;2&#8243;][gt3_spacing height=&#8221;32px&#8221;][vc_btn title=&#8221;`{`descargar`}` Documentos&#8221; size=&#8221;sm&#8221; align=&#8221;left&#8221; i_icon_fontawesome=&#8221;fa fa-file-pdf-o&#8221; css_animation=&#8221;left-to-right&#8221; button_block=&#8221;true&#8221; add_icon=&#8221;true&#8221; el_class=&#8221;font-weight: normal&#8221; link=&#8221;||target:%20_blank&#8221;][\/vc_tta_section][vc_tta_section title=&#8221;Organigrama&#8221; tab_id=&#8221;1536334997350-5d2e2d23-a813&#8243;][vc_text_separator title=&#8221;Oficinas a Cargo&#8221; color=&#8221;juicy_pink&#8221; border_width=&#8221;2&#8243;][gt3_spacing height=&#8221;32px&#8221;][vc_icon icon_fontawesome=&#8221;fa fa-users&#8221; color=&#8221;juicy_pink&#8221; size=&#8221;lg&#8221; align=&#8221;center&#8221;][vc_custom_heading text=&#8221;GERENCIA GENERAL&#8221; font_container=&#8221;tag:p|text_align:center&#8221; use_theme_fonts=&#8221;yes&#8221;][vc_icon icon_fontawesome=&#8221;fa fa-user-secret&#8221; color=&#8221;juicy_pink&#8221; size=&#8221;lg&#8221; align=&#8221;center&#8221;][vc_custom_heading text=&#8221;RECTOR&#8221; font_container=&#8221;tag:p|text_align:center&#8221; use_theme_fonts=&#8221;yes&#8221;][vc_icon icon_fontawesome=&#8221;fa fa-user&#8221; color=&#8221;juicy_pink&#8221; size=&#8221;lg&#8221; align=&#8221;center&#8221;][vc_custom_heading text=&#8221;OFICINA DE BIENESTAR UNIVERSITARIO&#8221; font_container=&#8221;tag:p|text_align:center&#8221; use_theme_fonts=&#8221;yes&#8221;][vc_icon icon_fontawesome=&#8221;fa fa-users&#8221; color=&#8221;juicy_pink&#8221; size=&#8221;lg&#8221; align=&#8221;center&#8221;][vc_custom_heading text=&#8221;SERVICIOS DE PSICOPEDAGOG\u00cdA&#8221; font_container=&#8221;tag:p|text_align:center&#8221; use_theme_fonts=&#8221;yes&#8221;][\/vc_tta_section][vc_tta_section title=&#8221;\u00c1rea de Ubicaci\u00f3n&#8221; tab_id=&#8221;area-de-ubicacion&#8221;][vc_text_separator title=&#8221;\u00c1rea de Ubicaci\u00f3n&#8221; color=&#8221;juicy_pink&#8221; border_width=&#8221;2&#8243;][gt3_spacing height=&#8221;32px&#8221;][vc_custom_heading text=&#8221;PABELL\u00d3N B &#8211; PRIMER PISO&#8221; font_container=&#8221;tag:h4|text_align:center&#8221; use_theme_fonts=&#8221;yes&#8221;][gt3_spacing height=&#8221;32px&#8221;][vc_btn title=&#8221;`{`descargar`}` Ubicaci\u00f3n F\u00edsica de la Oficina&#8221; size=&#8221;sm&#8221; align=&#8221;left&#8221; i_icon_fontawesome=&#8221;fa fa-file-pdf-o&#8221; css_animation=&#8221;left-to-right&#8221; button_block=&#8221;true&#8221; add_icon=&#8221;true&#8221; el_class=&#8221;font-weight: normal&#8221; link=&#8221;url:https%3A%2F%2Fdrive.google.com%2Ffile%2Fd%2F1TXDLyLkkr9MMhwlAVnSbdYaEjy09-RvX%2Fview||target:%20_blank&#8221;][\/vc_tta_section][vc_tta_section title=&#8221;Contacto&#8221; tab_id=&#8221;1536335072756-d2d907a0-4e1b&#8221;][vc_text_separator title=&#8221;Horario de Atenci\u00f3n&#8221; color=&#8221;juicy_pink&#8221; border_width=&#8221;2&#8243;][gt3_spacing height=&#8221;32px&#8221;][vc_column_text]\n<table style=\"height: 96px;\">\n<tbody>\n<tr style=\"height: 24px;\">\n<td style=\"text-align: center; height: 24px; width: 117px;\">D\u00cdAS<\/td>\n<td style=\"text-align: center; height: 24px; width: 94px;\">TIPO<\/td>\n<td style=\"text-align: center; height: 24px; width: 194px;\">HORAS<\/td>\n<\/tr>\n<tr style=\"height: 72px;\">\n<td style=\"text-align: center; height: 72px; width: 117px;\">LUNES, MI\u00c9RCOLES Y VIERNES<\/td>\n<td style=\"text-align: center; height: 72px; width: 94px;\">Virtual y Presencial<\/td>\n<td style=\"text-align: center; height: 72px; width: 194px;\">06:00 PM<br \/>\n08:00 PM<\/td>\n<\/tr>\n<tr>\n<td style=\"text-align: center; width: 117px;\">S\u00c1BADO<\/td>\n<td style=\"text-align: center; width: 94px;\">Virtual y Presencial<\/td>\n<td style=\"text-align: center; width: 194px;\">08:00 AM<br \/>\n10:00 AM<\/td>\n<\/tr>\n<\/tbody>\n<\/table>\n[\/vc_column_text][gt3_spacing height=&#8221;32px&#8221;][vc_text_separator title=&#8221;Puedes Comunicarte&#8221; color=&#8221;juicy_pink&#8221; border_width=&#8221;2&#8243;][gt3_spacing height=&#8221;32px&#8221;][vc_row_inner][vc_column_inner width=&#8221;1\/2&#8243;][vc_custom_heading text=&#8221;Correo Electr\u00f3nico&#8221; font_container=&#8221;tag:h4|text_align:center&#8221; use_theme_fonts=&#8221;yes&#8221;][vc_column_text]\n<p style=\"text-align: center;\">rtorres@ulc.edu.pe<\/p>\n[\/vc_column_text][\/vc_column_inner][vc_column_inner width=&#8221;1\/2&#8243;][vc_custom_heading text=&#8221;Tel\u00e9fono&#8221; font_container=&#8221;tag:h4|text_align:center&#8221; use_theme_fonts=&#8221;yes&#8221;][vc_column_text]\n<p style=\"text-align: center;\">931781519<\/p>\n[\/vc_column_text][\/vc_column_inner][\/vc_row_inner][\/vc_tta_section][vc_tta_section title=&#8221;Enviar Consulta Directa&#8221; tab_id=&#8221;1536335130794-9adc5c6f-ed46&#8243;][vc_text_separator title=&#8221;Puede enviar su consulta y nos pondremos en contacto&#8221; color=&#8221;juicy_pink&#8221; border_width=&#8221;2&#8243;][gt3_spacing height=&#8221;32px&#8221;]\n<div class=\"wpcf7 no-js\" id=\"wpcf7-f3941-o1\" lang=\"es-PE\" dir=\"ltr\" data-wpcf7-id=\"3941\">\n<div class=\"screen-reader-response\"><p role=\"status\" aria-live=\"polite\" aria-atomic=\"true\"><\/p> <ul><\/ul><\/div>\n<form action=\"\/ulcWeb\/wp-json\/wp\/v2\/pages\/3938#wpcf7-f3941-o1\" method=\"post\" class=\"wpcf7-form init\" aria-label=\"Contact form\" novalidate=\"novalidate\" data-status=\"init\">\n<div style=\"display: none;\">\n<input type=\"hidden\" name=\"_wpcf7\" value=\"3941\" \/>\n<input type=\"hidden\" name=\"_wpcf7_version\" value=\"6.0.6\" \/>\n<input type=\"hidden\" name=\"_wpcf7_locale\" value=\"es_PE\" \/>\n<input type=\"hidden\" name=\"_wpcf7_unit_tag\" value=\"wpcf7-f3941-o1\" \/>\n<input type=\"hidden\" name=\"_wpcf7_container_post\" value=\"0\" \/>\n<input type=\"hidden\" name=\"_wpcf7_posted_data_hash\" value=\"\" \/>\n<\/div>\n<p><label> Ingresar Apellidos Nombres<br \/>\n<span class=\"wpcf7-form-control-wrap\" data-name=\"your-name\"><input size=\"40\" maxlength=\"400\" class=\"wpcf7-form-control wpcf7-text wpcf7-validates-as-required\" aria-required=\"true\" aria-invalid=\"false\" value=\"\" type=\"text\" name=\"your-name\" \/><\/span> <\/label>\n<\/p>\n<p><label> Correo Electr\u00f3nico<br \/>\n<span class=\"wpcf7-form-control-wrap\" data-name=\"your-email\"><input size=\"40\" maxlength=\"400\" class=\"wpcf7-form-control wpcf7-email wpcf7-validates-as-required wpcf7-text wpcf7-validates-as-email\" aria-required=\"true\" aria-invalid=\"false\" value=\"\" type=\"email\" name=\"your-email\" \/><\/span> <\/label>\n<\/p>\n<p><label> N\u00famero Telef\u00f3nico<br \/>\n<span class=\"wpcf7-form-control-wrap\" data-name=\"number-123\"><input class=\"wpcf7-form-control wpcf7-number wpcf7-validates-as-number\" min=\"6\" max=\"9\" aria-invalid=\"false\" value=\"\" type=\"number\" name=\"number-123\" \/><\/span> <\/label>\n<\/p>\n<p><label> Asunto<br \/>\n<span class=\"wpcf7-form-control-wrap\" data-name=\"your-subject\"><input size=\"40\" maxlength=\"400\" class=\"wpcf7-form-control wpcf7-text\" aria-invalid=\"false\" value=\"\" type=\"text\" name=\"your-subject\" \/><\/span> <\/label>\n<\/p>\n<p><label> Consulta<br \/>\n<span class=\"wpcf7-form-control-wrap\" data-name=\"your-message\"><textarea cols=\"40\" rows=\"10\" maxlength=\"2000\" class=\"wpcf7-form-control wpcf7-textarea\" aria-invalid=\"false\" name=\"your-message\"><\/textarea><\/span> <\/label>\n<\/p>\n<p><input class=\"wpcf7-form-control wpcf7-submit has-spinner\" type=\"submit\" value=\"Enviar Consulta a la Oficina\" \/>\n<\/p><div class=\"wpcf7-response-output\" aria-hidden=\"true\"><\/div>\n<\/form>\n<\/div>\n[\/vc_tta_section][\/vc_tta_tour][\/vc_column][vc_column width=&#8221;1\/6&#8243;][gt3_spacing height=&#8221;40px&#8221;][gt3_custom_text text_color=&#8221;#dd3333&#8243; font_size=&#8221;18&#8243;]\n<p style=\"text-align: center;\"><strong>PERSONAL RESPONSABLE<\/strong><\/p>\n[\/gt3_custom_text][gt3_spacing height=&#8221;20px&#8221;][vc_text_separator title=&#8221;&#8221; align=&#8221;align_left&#8221;][gt3_spacing height=&#8221;20px&#8221;][vc_single_image img_size=&#8221;full&#8221; alignment=&#8221;center&#8221;][gt3_spacing height=&#8221;20px&#8221;][gt3_custom_text text_color=&#8221;#dd3333&#8243; font_size=&#8221;18&#8243;]\n<p style=\"text-align: center;\">&#8211;<\/p>\n[\/gt3_custom_text][\/vc_column][\/vc_row][vc_row][vc_column width=&#8221;1\/3&#8243;][gt3_spacing height=&#8221;20px&#8221;][vc_text_separator title=&#8221;&#8221; align=&#8221;align_left&#8221; color=&#8221;juicy_pink&#8221; border_width=&#8221;2&#8243;][gt3_spacing height=&#8221;20px&#8221;][vc_single_image image=&#8221;7878&#8243; img_size=&#8221;full&#8221; alignment=&#8221;center&#8221;][\/vc_column][vc_column width=&#8221;1\/3&#8243;][gt3_spacing height=&#8221;20px&#8221;][vc_text_separator title=&#8221;&#8221; align=&#8221;align_left&#8221; color=&#8221;juicy_pink&#8221; border_width=&#8221;2&#8243;][gt3_spacing height=&#8221;20px&#8221;][vc_single_image image=&#8221;7877&#8243; img_size=&#8221;full&#8221; alignment=&#8221;center&#8221;][\/vc_column][vc_column width=&#8221;1\/3&#8243;][gt3_spacing height=&#8221;20px&#8221;][vc_text_separator title=&#8221;Facebook OFICIAL&#8221; color=&#8221;juicy_pink&#8221; border_width=&#8221;2&#8243;][gt3_spacing height=&#8221;20px&#8221;][vc_raw_html]JTNDaWZyYW1lJTIwc3JjJTNEJTIyaHR0cHMlM0ElMkYlMkZ3d3cuZmFjZWJvb2suY29tJTJGcGx1Z2lucyUyRnBhZ2UucGhwJTNGaHJlZiUzRGh0dHBzJTI1M0ElMjUyRiUyNTJGd3d3LmZhY2Vib29rLmNvbSUyNTJGVUxDSU1BJTI2dGFicyUzRHRpbWVsaW5lJTI2d2lkdGglM0QzNDAlMjZoZWlnaHQlM0Q1MDAlMjZzbWFsbF9oZWFkZXIlM0RmYWxzZSUyNmFkYXB0X2NvbnRhaW5lcl93aWR0aCUzRHRydWUlMjZoaWRlX2NvdmVyJTNEZmFsc2UlMjZzaG93X2ZhY2VwaWxlJTNEdHJ1ZSUyNmFwcElkJTNEMjIzODIxNzgxNjQ3ODkwJTIyJTIwd2lkdGglM0QlMjIzNDAlMjIlMjBoZWlnaHQlM0QlMjI1MDAlMjIlMjBzdHlsZSUzRCUyMmJvcmRlciUzQW5vbmUlM0JvdmVyZmxvdyUzQWhpZGRlbiUyMiUyMHNjcm9sbGluZyUzRCUyMm5vJTIyJTIwZnJhbWVib3JkZXIlM0QlMjIwJTIyJTIwYWxsb3dUcmFuc3BhcmVuY3klM0QlMjJ0cnVlJTIyJTIwYWxsb3clM0QlMjJlbmNyeXB0ZWQtbWVkaWElMjIlM0UlM0MlMkZpZnJhbWUlM0U=[\/vc_raw_html][\/vc_column][\/vc_row]\n<\/div>","protected":false},"excerpt":{"rendered":"<p>[vc_row full_width=&#8221;stretch_row&#8221; css=&#8221;.vc_custom_1536701546363{padding-top: 250px !important;padding-bottom: 50px !important;background-image: url(http:\/\/ulc.edu.pe\/ulcWeb\/wp-content\/uploads\/2018\/09\/ULC_LOGO_Oficina-de-Oficina-de-Psicologia_BANER.jpg?id=3942) !important;background-position: center !important;background-repeat: no-repeat !important;background-size: cover !important;}&#8221; el_class=&#8221;overlay fixed_bg&#8221;][vc_column][vc_custom_heading text=&#8221;&#8221; font_container=&#8221;tag:h1|text_align:left|color:%23ffffff&#8221; use_theme_fonts=&#8221;yes&#8221; subtitle_color=&#8221;#ffffff&#8221; subtitle=&#8221;An\u00e1lisis de la conducta y los procesos mentales del Estudiante&#8221;][\/vc_column][\/vc_row][vc_row][vc_column width=&#8221;5\/6&#8243;][gt3_spacing height=&#8221;40px&#8221;][vc_tta_tour active_section=&#8221;1&#8243; color=&#8221;juicy-pink&#8221;][vc_tta_section title=&#8221;Presentaci\u00f3n&#8221; tab_id=&#8221;1534871309621-c2172cfb-bdc1&#8243;][vc_text_separator title=&#8221;Definici\u00f3n&#8221; color=&#8221;juicy_pink&#8221; border_width=&#8221;2&#8243;][gt3_spacing height=&#8221;32px&#8221;][vc_column_text]Los Servicios psicopedag\u00f3gicos benefician a todos los estudiantes de la Universidad Latinoamericana CIMA y buscan [&hellip;]<\/p>\n","protected":false},"author":3,"featured_media":0,"parent":0,"menu_order":0,"comment_status":"closed","ping_status":"closed","template":"","meta":{"footnotes":""},"class_list":["post-3938","page","type-page","status-publish","hentry"],"_links":{"self":[{"href":"https:\/\/ulc.edu.pe\/ulcWeb\/wp-json\/wp\/v2\/pages\/3938","targetHints":{"allow":["GET"]}}],"collection":[{"href":"https:\/\/ulc.edu.pe\/ulcWeb\/wp-json\/wp\/v2\/pages"}],"about":[{"href":"https:\/\/ulc.edu.pe\/ulcWeb\/wp-json\/wp\/v2\/types\/page"}],"author":[{"embeddable":true,"href":"https:\/\/ulc.edu.pe\/ulcWeb\/wp-json\/wp\/v2\/users\/3"}],"replies":[{"embeddable":true,"href":"https:\/\/ulc.edu.pe\/ulcWeb\/wp-json\/wp\/v2\/comments?post=3938"}],"version-history":[{"count":22,"href":"https:\/\/ulc.edu.pe\/ulcWeb\/wp-json\/wp\/v2\/pages\/3938\/revisions"}],"predecessor-version":[{"id":7982,"href":"https:\/\/ulc.edu.pe\/ulcWeb\/wp-json\/wp\/v2\/pages\/3938\/revisions\/7982"}],"wp:attachment":[{"href":"https:\/\/ulc.edu.pe\/ulcWeb\/wp-json\/wp\/v2\/media?parent=3938"}],"curies":[{"name":"wp","href":"https:\/\/api.w.org\/{rel}","templated":true}]}}