{"id":3732,"date":"2018-09-05T13:16:53","date_gmt":"2018-09-05T13:16:53","guid":{"rendered":"http:\/\/ulc.edu.pe\/?page_id=3732"},"modified":"2022-11-14T23:58:42","modified_gmt":"2022-11-14T23:58:42","slug":"ulc-juegos-florales","status":"publish","type":"page","link":"https:\/\/ulc.edu.pe\/ulcWeb\/ulc-juegos-florales\/","title":{"rendered":"ULC &#8211; JUEGOS FLORALES"},"content":{"rendered":"<div class=\"wpb-content-wrapper\">[vc_row full_width=&#8221;stretch_row&#8221; css=&#8221;.vc_custom_1668196292829{margin-top: -20px !important;padding-top: 450px !important;padding-bottom: 50px !important;background-image: url(https:\/\/ulc.edu.pe\/ulcWeb\/wp-content\/uploads\/2022\/11\/ULC_2022-II_PRINCIPAL-copia.jpg?id=8008) !important;background-position: center !important;background-repeat: no-repeat !important;background-size: cover !important;}&#8221; el_class=&#8221;overlay fixed_bg&#8221;][vc_column][\/vc_column][\/vc_row][vc_row full_width=&#8221;stretch_row_content&#8221;][vc_column width=&#8221;1\/2&#8243;][gt3_spacing height=&#8221;32px&#8221;][vc_single_image image=&#8221;8014&#8243; img_size=&#8221;full&#8221; alignment=&#8221;center&#8221;][gt3_spacing height=&#8221;32px&#8221;][vc_single_image image=&#8221;8014&#8243; img_size=&#8221;full&#8221; alignment=&#8221;center&#8221;][\/vc_column][vc_column width=&#8221;1\/2&#8243;][gt3_spacing height=&#8221;32px&#8221;][vc_tta_accordion style=&#8221;accordion_solid&#8221; active_section=&#8221;1&#8243; css_animation=&#8221;bounceInDown&#8221;][vc_tta_section title=&#8221;Presentaci\u00f3n&#8221; tab_id=&#8221;1604378410870-2a615fd5-55bc&#8221;][gt3_spacing height=&#8221;32px&#8221;][vc_text_separator title=&#8221;Introducci\u00f3n&#8221; align=&#8221;align_left&#8221; color=&#8221;custom&#8221; border_width=&#8221;2&#8243;][gt3_spacing height=&#8221;32px&#8221;][vc_column_text]Los juegos florales de la Universidad Latinoamericana CIMA ULC representan como se viene forjando la identidad y la formaci\u00f3n acorde a la misi\u00f3n y valores de nuestra Universidad.<\/p>\n<p>Es una fiesta de cultura que organiza el Vicerrectorado Acad\u00e9mico a trav\u00e9s de la Oficina de Bienestar Universitario, que se desarrolla en el marco del Aniversario Institucional de la ULC, representada por el desarrollo de actividades mediante concursos, en diferentes categor\u00edas, promoviendo el desarrollo de talentos y habilidades mediante la Dibujo, Pintura, Canto, Declamaci\u00f3n, Fonom\u00edmica y Bailet\u00f3n<\/p>\n<p>En los juegos florales participa la Comunidad Universitaria, representada por sus autoridades, docentes, personal administrativo, teniendo como principales actores a los estudiantes y delegados matriculados de las facultades de Ingenier\u00eda Ambiental, Contabilidad y Finanzas, Odontolog\u00eda y Derecho.<\/p>\n<p>La ULC, formadora y promotora de los futuros empresarios y respetuosos del medioambiente, investigaci\u00f3n y de la cultura regional, nacional y universal, calificar\u00e1 a los estudiantes que destaquen en su participaci\u00f3n como los Embajadores de la Cultura, aportando as\u00ed al desarrollo profesional en forma integral de los estudiantes y generando un proceso de aprendizaje de servicio, cultura y humanismo basado en la Responsabilidad Social Universitaria.[\/vc_column_text][gt3_spacing height=&#8221;32px&#8221;][\/vc_tta_section][vc_tta_section title=&#8221;Visi\u00f3n, Misi\u00f3n y Valores ULC&#8221; tab_id=&#8221;1604378410780-4c22214f-5197&#8243;][gt3_spacing height=&#8221;32px&#8221;][vc_text_separator title=&#8221;Visi\u00f3n&#8221; color=&#8221;custom&#8221; border_width=&#8221;2&#8243;][gt3_spacing height=&#8221;32px&#8221;][vc_column_text]Ser referente regional en Educaci\u00f3n Universitaria y formadora de emprendedores exitosos, mediante la investigaci\u00f3n y su integraci\u00f3n con la comunidad y el medio ambiente.[\/vc_column_text][gt3_spacing height=&#8221;32px&#8221;][vc_text_separator title=&#8221;Misi\u00f3n&#8221; color=&#8221;custom&#8221; border_width=&#8221;2&#8243;][gt3_spacing height=&#8221;32px&#8221;][vc_column_text]Realizar investigaciones en todos los campos del saber humano, con el prop\u00f3sito de ofrecer alternativas eficaces y viables para el desarrollo sostenible de la Regi\u00f3n y del Pa\u00eds.<\/p>\n<p>Formar profesionales emprendedores, con base cient\u00ed\u00adfica, tecnol\u00f3gica, human\u00ed\u00adstica y respetuosos del medio ambiente.<\/p>\n<p>Conservar, acrecentar, transmitir con sentido cr\u00ed\u00adtico y creativo, la cultura regional, nacional y universal.<\/p>\n<p>Vincular a la Universidad con la Comunidad, a fin de identificar sus experiencias y conocimientos, de esta manera extender su acci\u00f3n universitaria hacia ella.[\/vc_column_text][gt3_spacing height=&#8221;32px&#8221;][vc_text_separator title=&#8221;Valores&#8221; color=&#8221;custom&#8221; border_width=&#8221;2&#8243;][gt3_spacing height=&#8221;32px&#8221;][vc_column_text]Democracia, Justicia, Libertad, Creatividad, Innovaci\u00f3n, Confianza, Puntualidad, Solidaridad, Respeto a la Persona, Trabajo en equipo.[\/vc_column_text][gt3_spacing height=&#8221;32px&#8221;][\/vc_tta_section][vc_tta_section title=&#8221;Contacto&#8221; tab_id=&#8221;1604378562846-68ced832-4539&#8243;][gt3_spacing height=&#8221;32px&#8221;][vc_text_separator title=&#8221;Horario de Atenci\u00f3n Decano&#8221; color=&#8221;custom&#8221; border_width=&#8221;2&#8243;][gt3_spacing height=&#8221;32px&#8221;][vc_column_text]\n<table>\n<tbody>\n<tr style=\"height: 24px;\">\n<td style=\"height: 24px; width: 117px; text-align: center;\"><strong>D\u00cdAS<\/strong><\/td>\n<td style=\"height: 24px; width: 94px; text-align: center;\"><strong>TURNO<\/strong><\/td>\n<td style=\"height: 24px; width: 194px; text-align: center;\"><strong>HORAS<\/strong><\/td>\n<\/tr>\n<tr style=\"height: 72px;\">\n<td style=\"height: 72px; width: 117px; text-align: center;\">LUNES<\/p>\n<p>VIERNES<\/td>\n<td style=\"height: 72px; width: 94px; text-align: center;\">Ma\u00f1ana<\/td>\n<td style=\"height: 72px; width: 194px; text-align: center;\">07:30 AM<br \/>\n12:30 AM<\/td>\n<\/tr>\n<tr>\n<td style=\"width: 117px; text-align: center;\">LUNES<\/p>\n<p>VIERNES<\/td>\n<td style=\"width: 94px; text-align: center;\">Tarde<\/td>\n<td style=\"width: 194px; text-align: center;\">04:00 PM<br \/>\n07:00 PM<\/td>\n<\/tr>\n<tr>\n<td style=\"width: 117px; text-align: center;\">S\u00c1BADO<\/td>\n<td style=\"width: 94px; text-align: center;\">Ma\u00f1ana<\/td>\n<td style=\"width: 194px; text-align: center;\">08:00 AM<br \/>\n12:00 AM<\/td>\n<\/tr>\n<\/tbody>\n<\/table>\n[\/vc_column_text][gt3_spacing height=&#8221;32px&#8221;][vc_text_separator title=&#8221;Puedes Comunicarte&#8221; color=&#8221;custom&#8221; border_width=&#8221;2&#8243;][gt3_spacing height=&#8221;32px&#8221;][vc_row_inner][vc_column_inner width=&#8221;1\/2&#8243;][vc_custom_heading text=&#8221;Correo Electr\u00f3nico&#8221; font_container=&#8221;tag:h4|text_align:center&#8221; use_theme_fonts=&#8221;yes&#8221;][gt3_spacing height=&#8221;32px&#8221;][vc_column_text]\n<ul>\n<li style=\"text-align: center;\">egoyzueta@ulc.edu.pe<\/li>\n<\/ul>\n[\/vc_column_text][\/vc_column_inner][vc_column_inner width=&#8221;1\/2&#8243;][vc_custom_heading text=&#8221;Tel\u00e9fono&#8221; font_container=&#8221;tag:h4|text_align:center&#8221; use_theme_fonts=&#8221;yes&#8221;][gt3_spacing height=&#8221;32px&#8221;][vc_column_text]\n<ul>\n<li style=\"text-align: center;\"><span>993074004<\/span><\/li>\n<\/ul>\n[\/vc_column_text][\/vc_column_inner][\/vc_row_inner][\/vc_tta_section][\/vc_tta_accordion][gt3_spacing height=&#8221;32px&#8221;][vc_text_separator title=&#8221;DESCARGAR DOCUMENTOS RELACIONADOS&#8221; align=&#8221;align_left&#8221; color=&#8221;custom&#8221; border_width=&#8221;2&#8243;][gt3_spacing height=&#8221;32px&#8221;][gt3_button button_title=&#8221;`{`Ver`}` Registro Virtual de los Juegos Florales 2022&#8243; button_size=&#8221;large&#8221; button_alignment=&#8221;center&#8221; link=&#8221;url:http%3A%2F%2Fbit.ly%2FULC_JuegosFlorales2022||target:%20_blank|&#8221;][gt3_button button_title=&#8221;`{`Ver`}` Descargar todas las Bases de los Juegos Florales 2022&#8243; button_size=&#8221;large&#8221; button_alignment=&#8221;center&#8221; link=&#8221;||target:%20_blank|&#8221;][gt3_spacing height=&#8221;32px&#8221;][vc_column_text]\n<table style=\"width: 98.0548%; height: 691px;\" rules=\"rows\">\n<tbody>\n<tr class=\"xl677298\" style=\"mso-height-source: userset; height: 100%pt;\">\n<td class=\"xl697298\" style=\"width: 4.20536%; height: 95px; text-align: center;\" height=\"52\"><strong>N\u00ba<\/strong><\/td>\n<td class=\"xl707298\" style=\"width: 12.725%; height: 95px; text-align: center;\"><strong>CONSURSO<\/strong><\/td>\n<td class=\"xl707298\" style=\"width: 10.1615%; height: 95px; text-align: center;\"><strong>DESCRIPCI\u00d3N<\/strong><\/td>\n<td class=\"xl707298\" style=\"width: 27.5172%; height: 95px; text-align: center;\"><strong>FECHA HORA<\/strong><br \/>\n<strong>LUGAR<\/strong><\/td>\n<td class=\"xl707298\" style=\"width: 15.3214%; height: 95px; text-align: center;\"><strong>PARTICIPANTES<\/strong><br \/>\n<strong>POR CARRERA<\/strong><\/td>\n<td class=\"xl707298\" style=\"width: 15.9895%; height: 95px; text-align: center;\"><strong>INSCRIPCI\u00d3N VIRTUAL<\/strong><\/td>\n<td class=\"xl707298\" style=\"width: 14.32%; height: 95px; text-align: center;\"><strong>DESCARGAR<\/strong><br \/>\n<strong>BASES<\/strong><\/td>\n<\/tr>\n<tr class=\"xl677298\" style=\"mso-height-source: userset; height: 30.0pt;\">\n<td class=\"xl717298\" style=\"width: 100.24%; height: 30px; text-align: center;\" colspan=\"7\" height=\"40\"><span style=\"font-size: 18pt;\"><strong>JUEGOS <\/strong><strong>DEPORTIVOS\u00a0<\/strong><strong style=\"font-size: 18pt; font-family: inherit;\">(18 DE NOVIEMBRE) &#8211; 05:00 PM &#8211; 06:30 PM<\/strong><strong><br \/>\n<\/strong><\/span><\/td>\n<\/tr>\n<tr style=\"mso-height-source: userset; height: 30pt;\">\n<td class=\"xl727298\" style=\"width: 4.20536%; height: 30px; border-top: medium none currentcolor; text-align: center;\" height=\"51\">01<\/td>\n<td class=\"xl737298\" style=\"width: 12.725%; height: 30px; border-top: medium none currentcolor; text-align: center;\"><strong>FUTSAL DAMAS<\/strong><\/td>\n<td class=\"xl747298\" style=\"width: 10.1615%; height: 30px; border-top: medium none currentcolor; text-align: center;\">Actividad<br \/>\nen Equipo de Damas<\/td>\n<td class=\"xl757298\" style=\"width: 27.5172%; height: 30px; border-top: medium none currentcolor; text-align: center;\">18\/11<br \/>\n05:00 PM &#8211; 05:40 PM (CAMPUS ULC)<\/td>\n<td class=\"xl747298\" style=\"width: 15.3214%; height: 30px; border-top: medium none currentcolor; text-align: center;\">M\u00c1XIMO<br \/>\n<span class=\"font57298\">01 REPRESENTANTE<\/span><span class=\"font07298\"><br \/>\nPOR FACULTAD<\/span><\/td>\n<td class=\"xl747298\" style=\"width: 15.9895%; height: 30px; border-top: medium none currentcolor; text-align: center;\"><a href=\"http:\/\/bit.ly\/ULC_JuegosFlorales2022\" target=\"_blank\" rel=\"noopener noreferrer\">REGISTRO VIRTUAL<\/a><\/td>\n<td class=\"xl747298\" style=\"width: 14.32%; height: 30px; border-top: medium none currentcolor; text-align: center;\"><a href=\"https:\/\/ulc.edu.pe\/ulcWeb\/wp-content\/uploads\/2022\/11\/BASES-FUTSAL.pdf\" target=\"_blank\" rel=\"noopener noreferrer\">BASES<\/a><\/td>\n<\/tr>\n<tr style=\"mso-height-source: userset; height: 30pt;\">\n<td class=\"xl727298\" style=\"width: 4.20536%; height: 30px; border-top: medium none currentcolor; text-align: center;\" height=\"51\">02<\/td>\n<td class=\"xl737298\" style=\"width: 12.725%; height: 30px; border-top: medium none currentcolor; text-align: center;\"><strong>FUTSAL VARONES<\/strong><\/td>\n<td class=\"xl747298\" style=\"width: 10.1615%; height: 30px; border-top: medium none currentcolor; text-align: center;\">Actividad<br \/>\nen Equipo de Varones<\/td>\n<td class=\"xl757298\" style=\"width: 27.5172%; height: 30px; border-top: medium none currentcolor; text-align: center;\">18\/11<br \/>\n05:40 PM &#8211; 06:30 PM (CAMPUS ULC)<\/td>\n<td class=\"xl747298\" style=\"width: 15.3214%; height: 30px; border-top: medium none currentcolor; text-align: center;\">M\u00c1XIMO<br \/>\n<span class=\"font57298\">01 REPRESENTANTE<\/span><span class=\"font07298\"><br \/>\nPOR FACULTAD<\/span><\/td>\n<td class=\"xl747298\" style=\"width: 15.9895%; height: 30px; border-top: medium none currentcolor; text-align: center;\"><a href=\"http:\/\/bit.ly\/ULC_JuegosFlorales2022\" target=\"_blank\" rel=\"noopener noreferrer\">REGISTRO VIRTUAL<\/a><\/td>\n<td class=\"xl747298\" style=\"width: 14.32%; height: 30px; border-top: medium none currentcolor; text-align: center;\"><a href=\"https:\/\/ulc.edu.pe\/ulcWeb\/wp-content\/uploads\/2022\/11\/BASES-FUTSAL.pdf\" target=\"_blank\" rel=\"noopener noreferrer\">BASES<\/a><\/td>\n<\/tr>\n<tr class=\"xl677298\" style=\"mso-height-source: userset; height: 30.0pt;\">\n<td class=\"xl717298\" style=\"width: 100.24%; height: 30px; text-align: center;\" colspan=\"7\" height=\"40\"><span style=\"font-size: 18pt;\"><strong>JUEGOS FLORALES (18 DE NOVIEMBRE) &#8211; 06:30 PM &#8211; 09:00 PM<\/strong><\/span><\/td>\n<\/tr>\n<tr style=\"mso-height-source: userset; height: 30pt;\">\n<td class=\"xl727298\" style=\"width: 4.20536%; height: 30px; border-top: medium none currentcolor; text-align: center;\" height=\"51\">01<\/td>\n<td class=\"xl737298\" style=\"width: 12.725%; height: 30px; border-top: medium none currentcolor; text-align: center;\"><strong>DIBUJO<\/strong><\/td>\n<td class=\"xl747298\" style=\"width: 10.1615%; height: 30px; border-top: medium none currentcolor; text-align: center;\">Actividad<br \/>\nindividual<\/td>\n<td class=\"xl757298\" style=\"width: 27.5172%; height: 30px; border-top: medium none currentcolor; text-align: center;\">17\/11<br \/>\n00:00 PM &#8211; 00:00 PM (CAMPUS ULC)<\/td>\n<td class=\"xl747298\" style=\"width: 15.3214%; height: 30px; border-top: medium none currentcolor; text-align: center;\">M\u00c1XIMO<br \/>\n<span class=\"font57298\">03 REPRESENTANTES<\/span><span class=\"font07298\"><br \/>\nPOR FACULTAD<\/span><\/td>\n<td class=\"xl747298\" style=\"width: 15.9895%; height: 30px; border-top: medium none currentcolor; text-align: center;\"><a href=\"http:\/\/bit.ly\/ULC_JuegosFlorales2022\" target=\"_blank\" rel=\"noopener noreferrer\">REGISTRO VIRTUAL<\/a><\/td>\n<td class=\"xl747298\" style=\"width: 14.32%; height: 30px; border-top: medium none currentcolor; text-align: center;\"><a href=\"https:\/\/ulc.edu.pe\/ulcWeb\/wp-content\/uploads\/2022\/11\/IX-JUEGOS-FLORALES-ULC-00-BASES-GENERALES.pdf\" target=\"_blank\" rel=\"noopener noreferrer\">BASES<\/a><\/td>\n<\/tr>\n<tr style=\"mso-height-source: userset; height: 30pt;\">\n<td class=\"xl727298\" style=\"width: 4.20536%; height: 30px; border-top: medium none currentcolor; text-align: center;\" height=\"51\">02<\/td>\n<td class=\"xl737298\" style=\"width: 12.725%; height: 30px; border-top: medium none currentcolor; text-align: center;\"><strong>PINTURA<\/strong><\/td>\n<td class=\"xl747298\" style=\"width: 10.1615%; height: 30px; border-top: medium none currentcolor; text-align: center;\">Actividad<br \/>\nindividual<\/td>\n<td class=\"xl757298\" style=\"width: 27.5172%; height: 30px; border-top: medium none currentcolor; text-align: center;\">17\/11<br \/>\n00:00 PM &#8211; 00:00 PM (CAMPUS ULC)<\/td>\n<td class=\"xl747298\" style=\"width: 15.3214%; height: 30px; border-top: medium none currentcolor; text-align: center;\">M\u00c1XIMO<br \/>\n<span class=\"font57298\">03 REPRESENTANTES<\/span><span class=\"font07298\"><br \/>\nPOR FACULTAD<\/span><\/td>\n<td class=\"xl747298\" style=\"width: 15.9895%; height: 30px; border-top: medium none currentcolor; text-align: center;\"><a href=\"http:\/\/bit.ly\/ULC_JuegosFlorales2022\" target=\"_blank\" rel=\"noopener noreferrer\">REGISTRO VIRTUAL<\/a><\/td>\n<td class=\"xl747298\" style=\"width: 14.32%; height: 30px; border-top: medium none currentcolor; text-align: center;\"><a href=\"https:\/\/ulc.edu.pe\/ulcWeb\/wp-content\/uploads\/2022\/11\/IX-JUEGOS-FLORALES-ULC-00-BASES-GENERALES.pdf\" target=\"_blank\" rel=\"noopener noreferrer\">BASES<\/a><\/td>\n<\/tr>\n<tr style=\"page-break-before: always; mso-height-source: userset; height: 30pt;\">\n<td class=\"xl727298\" style=\"width: 4.20536%; height: 30px; border-top: medium none currentcolor; text-align: center;\" height=\"51\">03<\/td>\n<td class=\"xl737298\" style=\"width: 12.725%; height: 30px; border-top: medium none currentcolor; text-align: center;\"><strong>DECLAMACI\u00d3N<\/strong><\/td>\n<td class=\"xl747298\" style=\"width: 10.1615%; height: 30px; border-top: medium none currentcolor; text-align: center;\">Actividad<br \/>\nindividual<\/td>\n<td class=\"xl757298\" style=\"width: 27.5172%; height: 30px; border-top: medium none currentcolor; text-align: center;\">18\/11<br \/>\n00:00 PM &#8211; 00:00 PM (CAMPUS ULC)<\/td>\n<td class=\"xl747298\" style=\"width: 15.3214%; height: 30px; border-top: medium none currentcolor; text-align: center;\">M\u00c1XIMO<br \/>\n<span class=\"font57298\">03 REPRESENTANTES<\/span><span class=\"font07298\"><br \/>\nPOR FACULTAD<\/span><\/td>\n<td class=\"xl747298\" style=\"width: 15.9895%; height: 30px; border-top: medium none currentcolor; text-align: center;\"><a href=\"http:\/\/bit.ly\/ULC_JuegosFlorales2022\" target=\"_blank\" rel=\"noopener noreferrer\">REGISTRO VIRTUAL<\/a><\/td>\n<td class=\"xl747298\" style=\"width: 14.32%; height: 30px; border-top: medium none currentcolor; text-align: center;\"><a href=\"https:\/\/ulc.edu.pe\/ulcWeb\/wp-content\/uploads\/2022\/11\/IX-JUEGOS-FLORALES-ULC-00-BASES-GENERALES.pdf\" target=\"_blank\" rel=\"noopener noreferrer\">BASES<\/a><\/td>\n<\/tr>\n<tr style=\"page-break-before: always; mso-height-source: userset; height: 30pt;\">\n<td class=\"xl727298\" style=\"width: 4.20536%; height: 30px; border-top: medium none currentcolor; text-align: center;\" height=\"51\">04<\/td>\n<td class=\"xl737298\" style=\"width: 12.725%; height: 30px; border-top: medium none currentcolor; text-align: center;\"><strong>CANTO<\/strong><\/td>\n<td class=\"xl747298\" style=\"width: 10.1615%; height: 30px; border-top: medium none currentcolor; text-align: center;\"><span class=\"font57298\">Actividad<br \/>\nindividual o Grupal<\/span><\/td>\n<td class=\"xl757298\" style=\"width: 27.5172%; height: 30px; border-top: medium none currentcolor; text-align: center;\">18\/11<br \/>\n00:00 PM &#8211; 00:00 PM (CAMPUS ULC)<\/td>\n<td class=\"xl747298\" style=\"width: 15.3214%; height: 30px; border-top: medium none currentcolor; text-align: center;\">M\u00c1XIMO<br \/>\n<span class=\"font57298\">03 REPRESENTANTES<\/span><span class=\"font07298\"><br \/>\nPOR FACULTAD<\/span><\/td>\n<td class=\"xl747298\" style=\"width: 15.9895%; height: 30px; border-top: medium none currentcolor; text-align: center;\"><a href=\"http:\/\/bit.ly\/ULC_JuegosFlorales2022\" target=\"_blank\" rel=\"noopener noreferrer\">REGISTRO VIRTUAL<\/a><\/td>\n<td class=\"xl747298\" style=\"width: 14.32%; height: 30px; border-top: medium none currentcolor; text-align: center;\"><a href=\"https:\/\/ulc.edu.pe\/ulcWeb\/wp-content\/uploads\/2022\/11\/IX-JUEGOS-FLORALES-ULC-00-BASES-GENERALES.pdf\" target=\"_blank\" rel=\"noopener noreferrer\">BASES<\/a><\/td>\n<\/tr>\n<tr style=\"mso-height-source: userset; height: 30pt;\">\n<td class=\"xl727298\" style=\"width: 4.20536%; height: 30px; border-top: medium none currentcolor; text-align: center;\" height=\"51\">05<\/td>\n<td class=\"xl737298\" style=\"width: 12.725%; height: 30px; border-top: medium none currentcolor; text-align: center;\"><strong>FONOM\u00cdMICA <\/strong><\/td>\n<td class=\"xl747298\" style=\"width: 10.1615%; height: 30px; border-top: medium none currentcolor; text-align: center;\"><span class=\"font57298\">Actividad<br \/>\nindividual o Grupal<\/span><\/td>\n<td class=\"xl757298\" style=\"width: 27.5172%; height: 30px; border-top: medium none currentcolor; text-align: center;\">18\/11<br \/>\n00:00 PM &#8211; 00:00 PM (CAMPUS ULC)<\/td>\n<td class=\"xl747298\" style=\"width: 15.3214%; height: 30px; border-top: medium none currentcolor; text-align: center;\">M\u00c1XIMO<br \/>\n<span class=\"font57298\">03 GRUPOS<\/span><span class=\"font07298\"><br \/>\nPOR FACULTAD<\/span><\/td>\n<td class=\"xl747298\" style=\"width: 15.9895%; height: 30px; border-top: medium none currentcolor; text-align: center;\"><a href=\"http:\/\/bit.ly\/ULC_JuegosFlorales2022\" target=\"_blank\" rel=\"noopener noreferrer\">REGISTRO VIRTUAL<\/a><\/td>\n<td class=\"xl747298\" style=\"width: 14.32%; height: 30px; border-top: medium none currentcolor; text-align: center;\"><a href=\"https:\/\/ulc.edu.pe\/ulcWeb\/wp-content\/uploads\/2022\/11\/IX-JUEGOS-FLORALES-ULC-00-BASES-GENERALES.pdf\" target=\"_blank\" rel=\"noopener noreferrer\">BASES<\/a><\/td>\n<\/tr>\n<tr style=\"mso-height-source: userset; height: 30pt;\">\n<td class=\"xl727298\" style=\"width: 4.20536%; height: 30px; border-top: medium none currentcolor; text-align: center;\" height=\"51\">06<\/td>\n<td class=\"xl737298\" style=\"width: 12.725%; height: 30px; border-top: medium none currentcolor; text-align: center;\"><strong>BAILET\u00d3N<\/strong><\/td>\n<td class=\"xl747298\" style=\"width: 10.1615%; height: 30px; border-top: medium none currentcolor; text-align: center;\"><span class=\"font57298\">Actividad<br \/>\nen Pareja<\/span><\/td>\n<td class=\"xl757298\" style=\"width: 27.5172%; height: 30px; border-top: medium none currentcolor; text-align: center;\">18\/11<br \/>\n00:00 PM &#8211; 00:00 PM (CAMPUS ULC)<\/td>\n<td class=\"xl747298\" style=\"width: 15.3214%; height: 30px; border-top: medium none currentcolor; text-align: center;\">M\u00c1XIMO<br \/>\n<span class=\"font57298\">10 PAREJAS<\/span><span class=\"font07298\"><br \/>\nPOR FACULTAD<\/span><\/td>\n<td class=\"xl747298\" style=\"width: 15.9895%; height: 30px; border-top: medium none currentcolor; text-align: center;\"><a href=\"http:\/\/bit.ly\/ULC_JuegosFlorales2022\" target=\"_blank\" rel=\"noopener noreferrer\">REGISTRO VIRTUAL<\/a><\/td>\n<td class=\"xl747298\" style=\"width: 14.32%; height: 30px; border-top: medium none currentcolor; text-align: center;\"><a href=\"https:\/\/ulc.edu.pe\/ulcWeb\/wp-content\/uploads\/2022\/11\/IX-JUEGOS-FLORALES-ULC-00-BASES-GENERALES.pdf\" target=\"_blank\" rel=\"noopener noreferrer\">BASES<\/a><\/td>\n<\/tr>\n<tr style=\"mso-height-source: userset; height: 48.0pt;\">\n<td class=\"xl777298\" style=\"width: 100.24%; height: 48px; text-align: center;\" colspan=\"7\" height=\"64\">ACUMULAN PUNTAJE LOS 04 PRIMEROS PUESTOS<br \/>\nIMPORTANTE, REGISTRARSE SOLO UNA VEZ<br \/>\n<span style=\"font-size: 14pt;\"><a href=\"http:\/\/bit.ly\/ULC_JuegosFlorales2022\" target=\"_blank\" rel=\"noopener noreferrer\">REGISTRO VIRTUAL<\/a><\/span><br \/>\nDE LUNES A VIERNES HORA DE 08:00 AM \u2013 01:00 PM, 04:00 PM \u2013 07:00 PM \/ CONTACTO AL <span>993074004<\/span><\/td>\n<\/tr>\n<tr style=\"mso-height-source: userset; height: 30.0pt;\">\n<td class=\"xl717298\" style=\"width: 100.24%; height: 30px; text-align: center;\" colspan=\"7\" height=\"40\"><span style=\"font-size: 18pt;\"><strong>(18 DE NOVIEMBRE) &#8211; CIERRE<\/strong><\/span><br \/>\n<span style=\"font-size: 18pt;\"><strong>ANUNCIO DE LA CARRERA PROFESIONAL GANADORA<\/strong><\/span><\/td>\n<\/tr>\n<\/tbody>\n<\/table>\n[\/vc_column_text][\/vc_column][\/vc_row][vc_row full_width=&#8221;stretch_row&#8221;][vc_column][gt3_spacing height=&#8221;32px&#8221;][vc_text_separator title=&#8221;Video Promocional Juegos Florales 2017&#8243; align=&#8221;align_left&#8221; color=&#8221;juicy_pink&#8221; border_width=&#8221;2&#8243;][gt3_spacing height=&#8221;32px&#8221;][vc_video link=&#8221;https:\/\/www.youtube.com\/watch?v=KwjRiWLxbFg&#8221; align=&#8221;center&#8221;][gt3_spacing height=&#8221;32px&#8221;][\/vc_column][\/vc_row]\n<\/div>","protected":false},"excerpt":{"rendered":"<p>[vc_row full_width=&#8221;stretch_row&#8221; css=&#8221;.vc_custom_1668196292829{margin-top: -20px !important;padding-top: 450px !important;padding-bottom: 50px !important;background-image: url(https:\/\/ulc.edu.pe\/ulcWeb\/wp-content\/uploads\/2022\/11\/ULC_2022-II_PRINCIPAL-copia.jpg?id=8008) !important;background-position: center !important;background-repeat: no-repeat !important;background-size: cover !important;}&#8221; el_class=&#8221;overlay fixed_bg&#8221;][vc_column][\/vc_column][\/vc_row][vc_row full_width=&#8221;stretch_row_content&#8221;][vc_column width=&#8221;1\/2&#8243;][gt3_spacing height=&#8221;32px&#8221;][vc_single_image image=&#8221;8014&#8243; img_size=&#8221;full&#8221; alignment=&#8221;center&#8221;][gt3_spacing height=&#8221;32px&#8221;][vc_single_image image=&#8221;8014&#8243; img_size=&#8221;full&#8221; alignment=&#8221;center&#8221;][\/vc_column][vc_column width=&#8221;1\/2&#8243;][gt3_spacing height=&#8221;32px&#8221;][vc_tta_accordion style=&#8221;accordion_solid&#8221; active_section=&#8221;1&#8243; css_animation=&#8221;bounceInDown&#8221;][vc_tta_section title=&#8221;Presentaci\u00f3n&#8221; tab_id=&#8221;1604378410870-2a615fd5-55bc&#8221;][gt3_spacing height=&#8221;32px&#8221;][vc_text_separator title=&#8221;Introducci\u00f3n&#8221; align=&#8221;align_left&#8221; color=&#8221;custom&#8221; border_width=&#8221;2&#8243;][gt3_spacing height=&#8221;32px&#8221;][vc_column_text]Los juegos florales de la Universidad Latinoamericana CIMA ULC representan como se viene forjando [&hellip;]<\/p>\n","protected":false},"author":3,"featured_media":0,"parent":0,"menu_order":0,"comment_status":"closed","ping_status":"closed","template":"","meta":{"footnotes":""},"class_list":["post-3732","page","type-page","status-publish","hentry"],"_links":{"self":[{"href":"https:\/\/ulc.edu.pe\/ulcWeb\/wp-json\/wp\/v2\/pages\/3732","targetHints":{"allow":["GET"]}}],"collection":[{"href":"https:\/\/ulc.edu.pe\/ulcWeb\/wp-json\/wp\/v2\/pages"}],"about":[{"href":"https:\/\/ulc.edu.pe\/ulcWeb\/wp-json\/wp\/v2\/types\/page"}],"author":[{"embeddable":true,"href":"https:\/\/ulc.edu.pe\/ulcWeb\/wp-json\/wp\/v2\/users\/3"}],"replies":[{"embeddable":true,"href":"https:\/\/ulc.edu.pe\/ulcWeb\/wp-json\/wp\/v2\/comments?post=3732"}],"version-history":[{"count":70,"href":"https:\/\/ulc.edu.pe\/ulcWeb\/wp-json\/wp\/v2\/pages\/3732\/revisions"}],"predecessor-version":[{"id":8028,"href":"https:\/\/ulc.edu.pe\/ulcWeb\/wp-json\/wp\/v2\/pages\/3732\/revisions\/8028"}],"wp:attachment":[{"href":"https:\/\/ulc.edu.pe\/ulcWeb\/wp-json\/wp\/v2\/media?parent=3732"}],"curies":[{"name":"wp","href":"https:\/\/api.w.org\/{rel}","templated":true}]}}