{"id":3668,"date":"2018-09-03T22:10:12","date_gmt":"2018-09-03T22:10:12","guid":{"rendered":"http:\/\/ulc.edu.pe\/?page_id=3668"},"modified":"2022-09-29T23:53:39","modified_gmt":"2022-09-29T23:53:39","slug":"centro-de-emprendimiento-innovacion-y-desarrollo","status":"publish","type":"page","link":"https:\/\/ulc.edu.pe\/ulcWeb\/centro-de-emprendimiento-innovacion-y-desarrollo\/","title":{"rendered":"Centro de Emprendimiento, Innovaci\u00f3n y Desarrollo"},"content":{"rendered":"<div class=\"wpb-content-wrapper\">[vc_row full_width=&#8221;stretch_row&#8221; css=&#8221;.vc_custom_1536624506725{padding-top: 250px !important;padding-bottom: 50px !important;background-image: url(http:\/\/ulc.edu.pe\/ulcWeb\/wp-content\/uploads\/2018\/09\/ULC_LOGO_Oficina-de-Oficina-de-Emprendimiento_BANER.jpg?id=3919) !important;background-position: center !important;background-repeat: no-repeat !important;background-size: cover !important;}&#8221; el_class=&#8221;overlay fixed_bg&#8221;][vc_column][vc_custom_heading text=&#8221;Centro de Emprendimiento, Innovaci\u00f3n y Desarrollo&#8221; font_container=&#8221;tag:h1|text_align:left|color:%23ffffff&#8221; use_theme_fonts=&#8221;yes&#8221; subtitle_color=&#8221;#ffffff&#8221; subtitle=&#8221;\u00d3rgano responsable de promover y gestionar relaciones e interacciones entre la Universidad y su entorno&#8221;][\/vc_column][\/vc_row][vc_row][vc_column width=&#8221;2\/3&#8243;][vc_column_text][\/vc_column_text][vc_tta_tour active_section=&#8221;1&#8243; color=&#8221;juicy-pink&#8221;][vc_tta_section title=&#8221;Presentaci\u00f3n&#8221; tab_id=&#8221;1534871309621-c2172cfb-bdc1&#8243;][vc_text_separator title=&#8221;Definici\u00f3n&#8221; title_align=&#8221;separator_align_left&#8221; align=&#8221;align_left&#8221; color=&#8221;juicy_pink&#8221; border_width=&#8221;2&#8243;][vc_column_text]El Centro de Emprendimiento, Innovaci\u00f3n y Desarrollo(CEIDE), es el \u00f3rgano de apoyo al vicerrectorado de investigaci\u00f3n, dedicado a la promoci\u00f3n de la cultura emprendedora dentro y fuera de la comunidad universitaria.<\/p>\n<p>El CEIDE promueve la creaci\u00f3n y el desarrollo de empresas que aprovechen la formaci\u00f3n y conocimientos desarrollados en la ULC, para la generaci\u00f3n de bienes y servicios con valor agregado, y apoya la introducci\u00f3n de los mismos en los mercados regionales, nacionales e internacionales.<\/p>\n<p>Tiene como prop\u00f3sito estrat\u00e9gico promover el emprendimiento, la innovaci\u00f3n y el desarrollo tecnol\u00f3gico, en atenci\u00f3n a la pol\u00edtica de integraci\u00f3n Universitaria &#8211; Empresa &#8211; Estado.[\/vc_column_text][\/vc_tta_section][vc_tta_section title=&#8221;Funciones&#8221; tab_id=&#8221;1573058050268-f2eec55e-3b37&#8243;][vc_text_separator title=&#8221;Funciones&#8221; title_align=&#8221;separator_align_left&#8221; align=&#8221;align_left&#8221; color=&#8221;juicy_pink&#8221; border_width=&#8221;2&#8243;][vc_column_text]Sus funciones son las siguientes:<\/p>\n<ol>\n<li style=\"list-style-type: none;\">\n<ol>\n<li>Elaborar sus reglamentos de funcionamiento y plan operativo.<\/li>\n<li>Elaborar y conducir agendas de emprendimiento multidisciplinario que generen ventajas competitivas para la universidad.<\/li>\n<li>Capacitar, perfeccionar y evaluar permanentemente a los integrantes de la comunidad universitaria en temas centrales y perif\u00e9ricos, sobre el v\u00ednculo de la producci\u00f3n en investigaci\u00f3n y el desarrollo empresarial.<\/li>\n<li>Conducir el funcionamiento de Incubadora de Empresas. As\u00ed, como proponer normas y procedimientos para su mejor gesti\u00f3n.<\/li>\n<li>Gestionar iniciativas de emprendimientos con la participaci\u00f3n de los alumnos y docentes.<\/li>\n<li>Promover la participaci\u00f3n de la Universidad en alianza con el sector empresarial, en proyectos de innovaci\u00f3n empresarial, desarrollo productivo, emprendimiento e instituciones del ecosistema.<\/li>\n<li>Promover y gestionar las relaciones entre la universidad y la sociedad; representada por empresas, comunidades, instituciones cient\u00edficas y culturales, p\u00fablicas y privadas y otras, en el \u00e1rea de ciencia y tecnolog\u00eda, espec\u00edficamente a trav\u00e9s de contratos de investigaci\u00f3n, prestaciones de servicios y asesor\u00edas.<\/li>\n<li>Gestionar los derechos de propiedad intelectual, derechos de autor y promover el registro de patentes de los docentes investigadores, docentes, estudiantes, y de todo el personal que intervenga como autor o inventor.<\/li>\n<li>Identificar nuevas formas de organizaci\u00f3n y m\u00e9todos que faciliten el v\u00ednculo con la comunidad y el sector empresarial.<\/li>\n<li>Establecer v\u00ednculos con las diferentes instituciones estatales, empresariales, acad\u00e9micas del pa\u00eds y del extranjero para la puesta en marcha de los diferentes proyectos de innovaci\u00f3n tecnol\u00f3gica elaborados en la Universidad.<\/li>\n<li>Otras que le asigne el Vicerrectorado de Investigaci\u00f3n.<\/li>\n<\/ol>\n<\/li>\n<\/ol>\n[\/vc_column_text][\/vc_tta_section][vc_tta_section title=&#8221;Reglamentos y Documentos&#8221; tab_id=&#8221;1534891783884-77b152d5-4ed7&#8243;][vc_text_separator title=&#8221;Reglamentos&#8221; title_align=&#8221;separator_align_left&#8221; align=&#8221;align_left&#8221; color=&#8221;juicy_pink&#8221; border_width=&#8221;2&#8243;][vc_btn title=&#8221;`{`descargar`}` Reglamento de la Oficina&#8221; size=&#8221;sm&#8221; align=&#8221;left&#8221; i_icon_fontawesome=&#8221;fa fa-file-pdf-o&#8221; css_animation=&#8221;left-to-right&#8221; button_block=&#8221;true&#8221; add_icon=&#8221;true&#8221; el_class=&#8221;font-weight: normal&#8221; link=&#8221;||target:%20_blank&#8221;][vc_text_separator title=&#8221;Documentos de Gesti\u00f3n&#8221; title_align=&#8221;separator_align_left&#8221; align=&#8221;align_left&#8221; color=&#8221;juicy_pink&#8221; border_width=&#8221;2&#8243;][vc_btn title=&#8221;`{`descargar`}` Documentos&#8221; size=&#8221;sm&#8221; align=&#8221;left&#8221; i_icon_fontawesome=&#8221;fa fa-file-pdf-o&#8221; css_animation=&#8221;left-to-right&#8221; button_block=&#8221;true&#8221; add_icon=&#8221;true&#8221; el_class=&#8221;font-weight: normal&#8221; link=&#8221;||target:%20_blank&#8221;][\/vc_tta_section][vc_tta_section title=&#8221;Organigrama&#8221; tab_id=&#8221;1536334997350-5d2e2d23-a813&#8243;][vc_text_separator title=&#8221;Oficinas a Cargo&#8221; title_align=&#8221;separator_align_left&#8221; align=&#8221;align_left&#8221; color=&#8221;juicy_pink&#8221; border_width=&#8221;2&#8243;][vc_icon icon_fontawesome=&#8221;fa fa-users&#8221; color=&#8221;juicy_pink&#8221; size=&#8221;lg&#8221; align=&#8221;center&#8221;][vc_custom_heading text=&#8221;GERENCIA GENERAL&#8221; font_container=&#8221;tag:p|text_align:center&#8221; use_theme_fonts=&#8221;yes&#8221;][vc_icon icon_fontawesome=&#8221;fa fa-user-secret&#8221; color=&#8221;juicy_pink&#8221; size=&#8221;lg&#8221; align=&#8221;center&#8221;][vc_custom_heading text=&#8221;RECTOR&#8221; font_container=&#8221;tag:p|text_align:center&#8221; use_theme_fonts=&#8221;yes&#8221;][vc_icon icon_fontawesome=&#8221;fa fa-user-secret&#8221; color=&#8221;juicy_pink&#8221; size=&#8221;lg&#8221; align=&#8221;center&#8221;][vc_custom_heading text=&#8221;VICERRECTORADO DE INVESTIGACI\u00d3N&#8221; font_container=&#8221;tag:p|text_align:center&#8221; use_theme_fonts=&#8221;yes&#8221;][vc_icon icon_fontawesome=&#8221;fa fa-user&#8221; color=&#8221;juicy_pink&#8221; size=&#8221;lg&#8221; align=&#8221;center&#8221;][vc_custom_heading text=&#8221;CENTRO DE EMPRENDIMIENTO, INNOVACI\u00d3N Y DESARROLLO&#8221; font_container=&#8221;tag:p|text_align:center&#8221; use_theme_fonts=&#8221;yes&#8221;][vc_row_inner][vc_column_inner width=&#8221;1\/3&#8243;][vc_icon icon_fontawesome=&#8221;stm-user&#8221; color=&#8221;juicy_pink&#8221; size=&#8221;lg&#8221; align=&#8221;center&#8221;][vc_custom_heading text=&#8221;USUARIO&#8221; font_container=&#8221;tag:p|text_align:center&#8221; use_theme_fonts=&#8221;yes&#8221;][\/vc_column_inner][vc_column_inner width=&#8221;1\/3&#8243;][vc_icon icon_fontawesome=&#8221;stm-user&#8221; color=&#8221;juicy_pink&#8221; size=&#8221;lg&#8221; align=&#8221;center&#8221;][vc_custom_heading text=&#8221;USUARIO&#8221; font_container=&#8221;tag:p|text_align:center&#8221; use_theme_fonts=&#8221;yes&#8221;][\/vc_column_inner][vc_column_inner width=&#8221;1\/3&#8243;][vc_icon icon_fontawesome=&#8221;stm-user&#8221; color=&#8221;juicy_pink&#8221; size=&#8221;lg&#8221; align=&#8221;center&#8221;][vc_custom_heading text=&#8221;USUARIO&#8221; font_container=&#8221;tag:p|text_align:center&#8221; use_theme_fonts=&#8221;yes&#8221;][\/vc_column_inner][\/vc_row_inner][\/vc_tta_section][vc_tta_section title=&#8221;\u00c1rea de Ubicaci\u00f3n&#8221; tab_id=&#8221;1536121170921-baab26ef-d122&#8243;][vc_text_separator title=&#8221;\u00c1rea de Ubicaci\u00f3n&#8221; title_align=&#8221;separator_align_left&#8221; align=&#8221;align_left&#8221; color=&#8221;juicy_pink&#8221; border_width=&#8221;2&#8243;][vc_custom_heading text=&#8221;PABELL\u00d3N C &#8211; SEGUNDO PISO &#8211; OFICINAS N\u00ba 201&#8243; font_container=&#8221;tag:h4|text_align:left&#8221; use_theme_fonts=&#8221;yes&#8221;][vc_row_inner][vc_column_inner width=&#8221;1\/6&#8243;][vc_icon icon_fontawesome=&#8221;stm-stm14_office&#8221; color=&#8221;juicy_pink&#8221; css=&#8221;.vc_custom_1575651022381{margin-left: 20px !important;}&#8221;][\/vc_column_inner][vc_column_inner width=&#8221;5\/6&#8243;][vc_column_text css=&#8221;.vc_custom_1575653204104{margin-top: 20px !important;}&#8221;]<a href=\"http:\/\/ulc.edu.pe\/mapa-campus-ulc\/?location=invest\">Ir Mapa Campus ULC<\/a>[\/vc_column_text][\/vc_column_inner][\/vc_row_inner][\/vc_tta_section][vc_tta_section title=&#8221;Contacto&#8221; tab_id=&#8221;1536335072756-d2d907a0-4e1b&#8221;][vc_row_inner][vc_column_inner][vc_text_separator title=&#8221;Puedes Comunicarte&#8221; title_align=&#8221;separator_align_left&#8221; align=&#8221;align_left&#8221; color=&#8221;juicy_pink&#8221; border_width=&#8221;2&#8243;][vc_custom_heading text=&#8221;Correo Electr\u00f3nico&#8221; font_container=&#8221;tag:h4|text_align:left&#8221; use_theme_fonts=&#8221;yes&#8221;][vc_column_text]\n<ul>\n<li>jquinaya@ulc.edu.pe<\/li>\n<\/ul>\n[\/vc_column_text][\/vc_column_inner][\/vc_row_inner][\/vc_tta_section][vc_tta_section title=&#8221;Enviar Consulta Directa&#8221; tab_id=&#8221;1536335130794-9adc5c6f-ed46&#8243;][vc_text_separator title=&#8221;Puede enviar su consulta y nos pondremos en contacto&#8221; title_align=&#8221;separator_align_left&#8221; align=&#8221;align_left&#8221; color=&#8221;juicy_pink&#8221; border_width=&#8221;2&#8243;]\n<div class=\"wpcf7 no-js\" id=\"wpcf7-f3918-o1\" lang=\"es-PE\" dir=\"ltr\" data-wpcf7-id=\"3918\">\n<div class=\"screen-reader-response\"><p role=\"status\" aria-live=\"polite\" aria-atomic=\"true\"><\/p> <ul><\/ul><\/div>\n<form action=\"\/ulcWeb\/wp-json\/wp\/v2\/pages\/3668#wpcf7-f3918-o1\" method=\"post\" class=\"wpcf7-form init\" aria-label=\"Contact form\" novalidate=\"novalidate\" data-status=\"init\">\n<div style=\"display: none;\">\n<input type=\"hidden\" name=\"_wpcf7\" value=\"3918\" \/>\n<input type=\"hidden\" name=\"_wpcf7_version\" value=\"6.0.6\" \/>\n<input type=\"hidden\" name=\"_wpcf7_locale\" value=\"es_PE\" \/>\n<input type=\"hidden\" name=\"_wpcf7_unit_tag\" value=\"wpcf7-f3918-o1\" \/>\n<input type=\"hidden\" name=\"_wpcf7_container_post\" value=\"0\" \/>\n<input type=\"hidden\" name=\"_wpcf7_posted_data_hash\" value=\"\" \/>\n<\/div>\n<p><label> Ingresar Apellidos Nombres<br \/>\n<span class=\"wpcf7-form-control-wrap\" data-name=\"your-name\"><input size=\"40\" maxlength=\"400\" class=\"wpcf7-form-control wpcf7-text wpcf7-validates-as-required\" aria-required=\"true\" aria-invalid=\"false\" value=\"\" type=\"text\" name=\"your-name\" \/><\/span> <\/label>\n<\/p>\n<p><label> Correo Electr\u00f3nico<br \/>\n<span class=\"wpcf7-form-control-wrap\" data-name=\"your-email\"><input size=\"40\" maxlength=\"400\" class=\"wpcf7-form-control wpcf7-email wpcf7-validates-as-required wpcf7-text wpcf7-validates-as-email\" aria-required=\"true\" aria-invalid=\"false\" value=\"\" type=\"email\" name=\"your-email\" \/><\/span> <\/label>\n<\/p>\n<p><label> N\u00famero Telef\u00f3nico<br \/>\n<span class=\"wpcf7-form-control-wrap\" data-name=\"number-123\"><input class=\"wpcf7-form-control wpcf7-number wpcf7-validates-as-number\" min=\"6\" max=\"9\" aria-invalid=\"false\" value=\"\" type=\"number\" name=\"number-123\" \/><\/span> <\/label>\n<\/p>\n<p><label> Asunto<br \/>\n<span class=\"wpcf7-form-control-wrap\" data-name=\"your-subject\"><input size=\"40\" maxlength=\"400\" class=\"wpcf7-form-control wpcf7-text\" aria-invalid=\"false\" value=\"\" type=\"text\" name=\"your-subject\" \/><\/span> <\/label>\n<\/p>\n<p><label> Consulta<br \/>\n<span class=\"wpcf7-form-control-wrap\" data-name=\"your-message\"><textarea cols=\"40\" rows=\"10\" maxlength=\"2000\" class=\"wpcf7-form-control wpcf7-textarea\" aria-invalid=\"false\" name=\"your-message\"><\/textarea><\/span> <\/label>\n<\/p>\n<p><input class=\"wpcf7-form-control wpcf7-submit has-spinner\" type=\"submit\" value=\"Enviar Consulta a la Oficina\" \/>\n<\/p><div class=\"wpcf7-response-output\" aria-hidden=\"true\"><\/div>\n<\/form>\n<\/div>\n[\/vc_tta_section][\/vc_tta_tour][\/vc_column][vc_column width=&#8221;1\/3&#8243;][vc_column_text][\/vc_column_text][vc_text_separator title=&#8221;Facebook OFICIAL&#8221; title_align=&#8221;separator_align_left&#8221; align=&#8221;align_left&#8221; color=&#8221;juicy_pink&#8221; border_width=&#8221;2&#8243;][vc_raw_html]JTNDaWZyYW1lJTIwc3JjJTNEJTIyaHR0cHMlM0ElMkYlMkZ3d3cuZmFjZWJvb2suY29tJTJGcGx1Z2lucyUyRnBhZ2UucGhwJTNGaHJlZiUzRGh0dHBzJTI1M0ElMjUyRiUyNTJGd3d3LmZhY2Vib29rLmNvbSUyNTJGVUxDSU1BJTI2dGFicyUzRHRpbWVsaW5lJTI2d2lkdGglM0QzNDAlMjZoZWlnaHQlM0Q1MDAlMjZzbWFsbF9oZWFkZXIlM0RmYWxzZSUyNmFkYXB0X2NvbnRhaW5lcl93aWR0aCUzRHRydWUlMjZoaWRlX2NvdmVyJTNEZmFsc2UlMjZzaG93X2ZhY2VwaWxlJTNEdHJ1ZSUyNmFwcElkJTNEMjIzODIxNzgxNjQ3ODkwJTIyJTIwd2lkdGglM0QlMjIzNDAlMjIlMjBoZWlnaHQlM0QlMjI1MDAlMjIlMjBzdHlsZSUzRCUyMmJvcmRlciUzQW5vbmUlM0JvdmVyZmxvdyUzQWhpZGRlbiUyMiUyMHNjcm9sbGluZyUzRCUyMm5vJTIyJTIwZnJhbWVib3JkZXIlM0QlMjIwJTIyJTIwYWxsb3dUcmFuc3BhcmVuY3klM0QlMjJ0cnVlJTIyJTIwYWxsb3clM0QlMjJlbmNyeXB0ZWQtbWVkaWElMjIlM0UlM0MlMkZpZnJhbWUlM0U=[\/vc_raw_html][vc_facebook type=&#8221;button_count&#8221;][vc_text_separator title=&#8221;Fotos&#8221; title_align=&#8221;separator_align_left&#8221; align=&#8221;align_left&#8221; color=&#8221;juicy_pink&#8221; border_width=&#8221;2&#8243;][\/vc_column][\/vc_row][vc_row][vc_column width=&#8221;5\/6&#8243;][vc_column_text][\/vc_column_text][vc_text_separator title=&#8221;Eventos Relacionados&#8221; align=&#8221;align_left&#8221; color=&#8221;juicy_pink&#8221; border_width=&#8221;2&#8243;][\/vc_column][vc_column width=&#8221;1\/6&#8243;][vc_column_text][\/vc_column_text][vc_images_carousel images=&#8221;3909&#8243; img_size=&#8221;150&#215;150&#8243;][vc_text_separator title=&#8221;Ver Galeria&#8221; title_align=&#8221;separator_align_right&#8221; align=&#8221;align_left&#8221; color=&#8221;juicy_pink&#8221; border_width=&#8221;2&#8243;][\/vc_column][\/vc_row][vc_row css=&#8221;.vc_custom_1536337410984{background-color: #ffffff !important;}&#8221;][vc_column][vc_text_separator title=&#8221;Personal Encargado&#8221; align=&#8221;align_left&#8221; color=&#8221;juicy_pink&#8221; border_width=&#8221;2&#8243;][vc_row_inner][vc_column_inner][vc_single_image image=&#8221;3413&#8243; alignment=&#8221;center&#8221; style=&#8221;vc_box_rounded&#8221;][vc_custom_heading text=&#8221;Jefe del Centro de Emprendimiento, Innovaci\u00f3n y Desarrollo&#8221; font_container=&#8221;tag:h4|text_align:center&#8221; use_theme_fonts=&#8221;yes&#8221; subtitle=&#8221;Blgo. Jimmy Christian Quinaya Gutierrez&#8221;][\/vc_column_inner][\/vc_row_inner][vc_column_text]\n[\/vc_column_text][\/vc_column][\/vc_row]\n<\/div>","protected":false},"excerpt":{"rendered":"<p>[vc_row full_width=&#8221;stretch_row&#8221; css=&#8221;.vc_custom_1536624506725{padding-top: 250px !important;padding-bottom: 50px !important;background-image: url(http:\/\/ulc.edu.pe\/ulcWeb\/wp-content\/uploads\/2018\/09\/ULC_LOGO_Oficina-de-Oficina-de-Emprendimiento_BANER.jpg?id=3919) !important;background-position: center !important;background-repeat: no-repeat !important;background-size: cover !important;}&#8221; el_class=&#8221;overlay fixed_bg&#8221;][vc_column][vc_custom_heading text=&#8221;Centro de Emprendimiento, Innovaci\u00f3n y Desarrollo&#8221; font_container=&#8221;tag:h1|text_align:left|color:%23ffffff&#8221; use_theme_fonts=&#8221;yes&#8221; subtitle_color=&#8221;#ffffff&#8221; subtitle=&#8221;\u00d3rgano responsable de promover y gestionar relaciones e interacciones entre la Universidad y su entorno&#8221;][\/vc_column][\/vc_row][vc_row][vc_column width=&#8221;2\/3&#8243;][vc_column_text][\/vc_column_text][vc_tta_tour active_section=&#8221;1&#8243; color=&#8221;juicy-pink&#8221;][vc_tta_section title=&#8221;Presentaci\u00f3n&#8221; tab_id=&#8221;1534871309621-c2172cfb-bdc1&#8243;][vc_text_separator title=&#8221;Definici\u00f3n&#8221; title_align=&#8221;separator_align_left&#8221; align=&#8221;align_left&#8221; color=&#8221;juicy_pink&#8221; border_width=&#8221;2&#8243;][vc_column_text]El Centro de Emprendimiento, Innovaci\u00f3n [&hellip;]<\/p>\n","protected":false},"author":3,"featured_media":0,"parent":0,"menu_order":0,"comment_status":"closed","ping_status":"closed","template":"","meta":{"footnotes":""},"class_list":["post-3668","page","type-page","status-publish","hentry"],"_links":{"self":[{"href":"https:\/\/ulc.edu.pe\/ulcWeb\/wp-json\/wp\/v2\/pages\/3668","targetHints":{"allow":["GET"]}}],"collection":[{"href":"https:\/\/ulc.edu.pe\/ulcWeb\/wp-json\/wp\/v2\/pages"}],"about":[{"href":"https:\/\/ulc.edu.pe\/ulcWeb\/wp-json\/wp\/v2\/types\/page"}],"author":[{"embeddable":true,"href":"https:\/\/ulc.edu.pe\/ulcWeb\/wp-json\/wp\/v2\/users\/3"}],"replies":[{"embeddable":true,"href":"https:\/\/ulc.edu.pe\/ulcWeb\/wp-json\/wp\/v2\/comments?post=3668"}],"version-history":[{"count":16,"href":"https:\/\/ulc.edu.pe\/ulcWeb\/wp-json\/wp\/v2\/pages\/3668\/revisions"}],"predecessor-version":[{"id":3917,"href":"https:\/\/ulc.edu.pe\/ulcWeb\/wp-json\/wp\/v2\/pages\/3668\/revisions\/3917"}],"wp:attachment":[{"href":"https:\/\/ulc.edu.pe\/ulcWeb\/wp-json\/wp\/v2\/media?parent=3668"}],"curies":[{"name":"wp","href":"https:\/\/api.w.org\/{rel}","templated":true}]}}