{"id":3665,"date":"2018-09-03T22:07:45","date_gmt":"2018-09-03T22:07:45","guid":{"rendered":"http:\/\/ulc.edu.pe\/?page_id=3665"},"modified":"2022-10-04T23:27:49","modified_gmt":"2022-10-04T23:27:49","slug":"oficina-biblioteca","status":"publish","type":"page","link":"https:\/\/ulc.edu.pe\/ulcWeb\/oficina-biblioteca\/","title":{"rendered":"Oficina de Biblioteca"},"content":{"rendered":"<div class=\"wpb-content-wrapper\">[vc_row full_width=&#8221;stretch_row&#8221; css=&#8221;.vc_custom_1536623685240{padding-top: 250px !important;padding-bottom: 50px !important;background-image: url(http:\/\/ulc.edu.pe\/ulcWeb\/wp-content\/uploads\/2018\/09\/ULC_LOGO_Oficina-de-Oficina-de-Biblioteca_BANER.jpg?id=3914) !important;background-position: center !important;background-repeat: no-repeat !important;background-size: cover !important;}&#8221; el_class=&#8221;overlay fixed_bg&#8221;][vc_column][vc_custom_heading text=&#8221;Biblioteca&#8221; font_container=&#8221;tag:h1|text_align:left|color:%23ffffff&#8221; use_theme_fonts=&#8221;yes&#8221; subtitle_color=&#8221;#ffffff&#8221; subtitle=&#8221;Dep\u00f3sito oficial del patrimonio bibliogr\u00e1fico, xerogr\u00e1fico y audiovisual de la Universidad&#8221;][\/vc_column][\/vc_row][vc_row][vc_column width=&#8221;2\/3&#8243;][vc_tta_tour active_section=&#8221;1&#8243; color=&#8221;juicy-pink&#8221;][vc_tta_section title=&#8221;Presentaci\u00f3n&#8221; tab_id=&#8221;1534871309621-c2172cfb-bdc1&#8243;][vc_text_separator title=&#8221;Definici\u00f3n&#8221; title_align=&#8221;separator_align_left&#8221; align=&#8221;align_left&#8221; color=&#8221;juicy_pink&#8221; border_width=&#8221;2&#8243;][vc_column_text]La Biblioteca es el principal dep\u00f3sito oficial del patrimonio bibliogr\u00e1fico, xerogr\u00e1fico y audiovisual de la Universidad; presta a todos los miembros de la comunidad universitaria un servicio de consulta interna y de pr\u00e9stamo a domicilio del material bibliogr\u00e1fico, hemerogr\u00e1fico y audiovisual. Es el \u00f3rgano responsable de dirigir, coordinar y formular pol\u00edticas de gesti\u00f3n del sistema de Bibliotecas, buscando servir y contribuir al logro de los objetivos de la Universidad.[\/vc_column_text][\/vc_tta_section][vc_tta_section title=&#8221;Funciones&#8221; tab_id=&#8221;1573057927372-e63f40d5-91fe&#8221;][vc_text_separator title=&#8221;Funciones&#8221; title_align=&#8221;separator_align_left&#8221; align=&#8221;align_left&#8221; color=&#8221;juicy_pink&#8221; border_width=&#8221;2&#8243;][vc_column_text]Sus funciones y atribuciones son las siguientes:<\/p>\n<ol>\n<li style=\"list-style-type: none;\">\n<ol>\n<li>Planificar, dirigir, coordinar y ejecutar actividades inherentes al Sistema de Bibliotecas.<\/li>\n<li>Coordinar, organizar, preservar, adquirir, recuperar y difundir la informaci\u00f3n necesaria para satisfacer las necesidades bibliogr\u00e1ficas de la comunidad cient\u00edfica y universitaria en todos sus niveles.<\/li>\n<li>Desarrollar y promover un sistema integrado de gesti\u00f3n de informaci\u00f3n bibliogr\u00e1fica, utilizando herramientas tecnol\u00f3gicas.<\/li>\n<li>Desarrollar, promover y ejecutar pol\u00edticas de adquisici\u00f3n corporativas de material informativo en soporte impreso y electr\u00f3nico.<\/li>\n<li>Coordinar la actualizaci\u00f3n y mantenimiento de los equipos de c\u00f3mputo y el software de las unidades de informaci\u00f3n.<\/li>\n<li>Programar la adquisici\u00f3n de material bibliogr\u00e1fico para la Biblioteca de la Universidad de acuerdo a sus necesidades en coordinaci\u00f3n con las facultades.<\/li>\n<li>Desarrollar e implementar procesos automatizados para los servicios bibliogr\u00e1ficos a trav\u00e9s de tecnolog\u00eda pertinente.<\/li>\n<li>Otras que le asigne el Vicerrectorado de Investigaci\u00f3n.<\/li>\n<\/ol>\n<\/li>\n<\/ol>\n<p style=\"padding-left: 40px;\"><strong>\u00a0<\/strong><\/p>\n[\/vc_column_text][\/vc_tta_section][vc_tta_section title=&#8221;Reglamentos y Documentos&#8221; tab_id=&#8221;1534891783884-77b152d5-4ed7&#8243;][vc_text_separator title=&#8221;Reglamentos&#8221; title_align=&#8221;separator_align_left&#8221; align=&#8221;align_left&#8221; color=&#8221;juicy_pink&#8221; border_width=&#8221;2&#8243;][vc_btn title=&#8221;`{`descargar`}` Reglamento de la Oficina&#8221; size=&#8221;sm&#8221; align=&#8221;left&#8221; i_icon_fontawesome=&#8221;fa fa-file-pdf-o&#8221; css_animation=&#8221;left-to-right&#8221; button_block=&#8221;true&#8221; add_icon=&#8221;true&#8221; el_class=&#8221;font-weight: normal&#8221; link=&#8221;url:https%3A%2F%2Fdrive.google.com%2Ffile%2Fd%2F1GKnU5T_0-jZQ5IcqYD-GYbrFOg9UxNQY%2Fview%3Fusp%3Dsharing||target:%20_blank&#8221;][vc_text_separator title=&#8221;Documentos de Gesti\u00f3n&#8221; title_align=&#8221;separator_align_left&#8221; align=&#8221;align_left&#8221; color=&#8221;juicy_pink&#8221; border_width=&#8221;2&#8243;][vc_btn title=&#8221;`{`descargar`}` Documentos&#8221; size=&#8221;sm&#8221; align=&#8221;left&#8221; i_icon_fontawesome=&#8221;fa fa-file-pdf-o&#8221; css_animation=&#8221;left-to-right&#8221; button_block=&#8221;true&#8221; add_icon=&#8221;true&#8221; el_class=&#8221;font-weight: normal&#8221; link=&#8221;||target:%20_blank&#8221;][\/vc_tta_section][vc_tta_section title=&#8221;Sistema de Reserva de Libros&#8221; tab_id=&#8221;1536121170921-baab26ef-d122&#8243;][vc_text_separator title=&#8221;Biblioteca Online&#8221; title_align=&#8221;separator_align_left&#8221; align=&#8221;align_left&#8221; color=&#8221;juicy_pink&#8221; border_width=&#8221;2&#8243;][vc_btn title=&#8221;`{`Sistema`}` Biblioteca &#8211; Reserva de Libros&#8221; size=&#8221;sm&#8221; align=&#8221;left&#8221; i_icon_fontawesome=&#8221;fa fa-bookmark&#8221; css_animation=&#8221;left-to-right&#8221; button_block=&#8221;true&#8221; add_icon=&#8221;true&#8221; el_class=&#8221;font-weight: normal&#8221; link=&#8221;url:http%3A%2F%2Fwww.ulc.edu.pe%2Fbiblioteca%2F||target:%20_blank&#8221;][\/vc_tta_section][vc_tta_section title=&#8221;Organigrama&#8221; tab_id=&#8221;1536334997350-5d2e2d23-a813&#8243;][vc_text_separator title=&#8221;Oficinas a Cargo&#8221; title_align=&#8221;separator_align_left&#8221; align=&#8221;align_left&#8221; color=&#8221;juicy_pink&#8221; border_width=&#8221;2&#8243;][vc_icon icon_fontawesome=&#8221;fa fa-users&#8221; color=&#8221;juicy_pink&#8221; size=&#8221;lg&#8221; align=&#8221;center&#8221;][vc_custom_heading text=&#8221;GERENCIA GENERAL&#8221; font_container=&#8221;tag:p|text_align:center&#8221; use_theme_fonts=&#8221;yes&#8221;][vc_icon icon_fontawesome=&#8221;fa fa-user-secret&#8221; color=&#8221;juicy_pink&#8221; size=&#8221;lg&#8221; align=&#8221;center&#8221;][vc_custom_heading text=&#8221;RECTOR&#8221; font_container=&#8221;tag:p|text_align:center&#8221; use_theme_fonts=&#8221;yes&#8221;][vc_icon icon_fontawesome=&#8221;fa fa-user-secret&#8221; color=&#8221;juicy_pink&#8221; size=&#8221;lg&#8221; align=&#8221;center&#8221;][vc_custom_heading text=&#8221;VICERRECTORADO DE INVESTIGACI\u00d3N&#8221; font_container=&#8221;tag:p|text_align:center&#8221; use_theme_fonts=&#8221;yes&#8221;][vc_icon icon_fontawesome=&#8221;fa fa-user&#8221; color=&#8221;juicy_pink&#8221; size=&#8221;lg&#8221; align=&#8221;center&#8221;][vc_custom_heading text=&#8221;BIBLIOTECA&#8221; font_container=&#8221;tag:p|text_align:center&#8221; use_theme_fonts=&#8221;yes&#8221;][vc_row_inner][vc_column_inner width=&#8221;1\/3&#8243;][vc_icon icon_fontawesome=&#8221;stm-user&#8221; color=&#8221;juicy_pink&#8221; size=&#8221;lg&#8221; align=&#8221;center&#8221;][vc_custom_heading text=&#8221;USUARIO&#8221; font_container=&#8221;tag:p|text_align:center&#8221; use_theme_fonts=&#8221;yes&#8221;][\/vc_column_inner][vc_column_inner width=&#8221;1\/3&#8243;][vc_icon icon_fontawesome=&#8221;stm-user&#8221; color=&#8221;juicy_pink&#8221; size=&#8221;lg&#8221; align=&#8221;center&#8221;][vc_custom_heading text=&#8221;USUARIO&#8221; font_container=&#8221;tag:p|text_align:center&#8221; use_theme_fonts=&#8221;yes&#8221;][\/vc_column_inner][vc_column_inner width=&#8221;1\/3&#8243;][vc_icon icon_fontawesome=&#8221;stm-user&#8221; color=&#8221;juicy_pink&#8221; size=&#8221;lg&#8221; align=&#8221;center&#8221;][vc_custom_heading text=&#8221;USUARIO&#8221; font_container=&#8221;tag:p|text_align:center&#8221; use_theme_fonts=&#8221;yes&#8221;][\/vc_column_inner][\/vc_row_inner][\/vc_tta_section][vc_tta_section title=&#8221;\u00c1rea de Ubicaci\u00f3n&#8221; tab_id=&#8221;1536623733121-8cc2c42d-1357&#8243;][vc_text_separator title=&#8221;\u00c1rea de Ubicaci\u00f3n&#8221; title_align=&#8221;separator_align_left&#8221; align=&#8221;align_left&#8221; color=&#8221;juicy_pink&#8221; border_width=&#8221;2&#8243;][vc_custom_heading text=&#8221;PABELL\u00d3N C &#8211; CUARTO PISO &#8211; \u00c1REA 401&#8243; font_container=&#8221;tag:h4|text_align:left&#8221; use_theme_fonts=&#8221;yes&#8221;][vc_row_inner][vc_column_inner width=&#8221;1\/6&#8243;][vc_icon icon_fontawesome=&#8221;stm-stm14_office&#8221; color=&#8221;juicy_pink&#8221; css=&#8221;.vc_custom_1575651022381{margin-left: 20px !important;}&#8221;][\/vc_column_inner][vc_column_inner width=&#8221;5\/6&#8243;][vc_column_text css=&#8221;.vc_custom_1575653177849{margin-top: 20px !important;}&#8221;]<a href=\"http:\/\/ulc.edu.pe\/mapa-campus-ulc\/?location=bibliotec\">Ir Mapa Campus ULC<\/a>[\/vc_column_text][\/vc_column_inner][\/vc_row_inner][\/vc_tta_section][vc_tta_section title=&#8221;Contacto&#8221; tab_id=&#8221;1536335072756-d2d907a0-4e1b&#8221;][vc_row_inner][vc_column_inner][vc_text_separator title=&#8221;Puedes Comunicarte&#8221; title_align=&#8221;separator_align_left&#8221; align=&#8221;align_left&#8221; color=&#8221;juicy_pink&#8221; border_width=&#8221;2&#8243;][vc_custom_heading text=&#8221;Correo Electr\u00f3nico&#8221; font_container=&#8221;tag:h4|text_align:left&#8221; use_theme_fonts=&#8221;yes&#8221;][vc_column_text]\n<ul>\n<li>mcruz@ulc.edu.pe<\/li>\n<\/ul>\n[\/vc_column_text][\/vc_column_inner][\/vc_row_inner][\/vc_tta_section][vc_tta_section title=&#8221;Enviar Consulta Directa&#8221; tab_id=&#8221;1536335130794-9adc5c6f-ed46&#8243;][vc_text_separator title=&#8221;Puede enviar su consulta y nos pondremos en contacto&#8221; title_align=&#8221;separator_align_left&#8221; align=&#8221;align_left&#8221; color=&#8221;juicy_pink&#8221; border_width=&#8221;2&#8243;]\n<div class=\"wpcf7 no-js\" id=\"wpcf7-f3913-o1\" lang=\"es-PE\" dir=\"ltr\" data-wpcf7-id=\"3913\">\n<div class=\"screen-reader-response\"><p role=\"status\" aria-live=\"polite\" aria-atomic=\"true\"><\/p> <ul><\/ul><\/div>\n<form action=\"\/ulcWeb\/wp-json\/wp\/v2\/pages\/3665#wpcf7-f3913-o1\" method=\"post\" class=\"wpcf7-form init\" aria-label=\"Contact form\" novalidate=\"novalidate\" data-status=\"init\">\n<div style=\"display: none;\">\n<input type=\"hidden\" name=\"_wpcf7\" value=\"3913\" \/>\n<input type=\"hidden\" name=\"_wpcf7_version\" value=\"6.0.6\" \/>\n<input type=\"hidden\" name=\"_wpcf7_locale\" value=\"es_PE\" \/>\n<input type=\"hidden\" name=\"_wpcf7_unit_tag\" value=\"wpcf7-f3913-o1\" \/>\n<input type=\"hidden\" name=\"_wpcf7_container_post\" value=\"0\" \/>\n<input type=\"hidden\" name=\"_wpcf7_posted_data_hash\" value=\"\" \/>\n<\/div>\n<p><label> Ingresar Apellidos Nombres<br \/>\n<span class=\"wpcf7-form-control-wrap\" data-name=\"your-name\"><input size=\"40\" maxlength=\"400\" class=\"wpcf7-form-control wpcf7-text wpcf7-validates-as-required\" aria-required=\"true\" aria-invalid=\"false\" value=\"\" type=\"text\" name=\"your-name\" \/><\/span> <\/label>\n<\/p>\n<p><label> Correo Electr\u00f3nico<br \/>\n<span class=\"wpcf7-form-control-wrap\" data-name=\"your-email\"><input size=\"40\" maxlength=\"400\" class=\"wpcf7-form-control wpcf7-email wpcf7-validates-as-required wpcf7-text wpcf7-validates-as-email\" aria-required=\"true\" aria-invalid=\"false\" value=\"\" type=\"email\" name=\"your-email\" \/><\/span> <\/label>\n<\/p>\n<p><label> N\u00famero Telef\u00f3nico<br \/>\n<span class=\"wpcf7-form-control-wrap\" data-name=\"number-123\"><input class=\"wpcf7-form-control wpcf7-number wpcf7-validates-as-number\" min=\"6\" max=\"9\" aria-invalid=\"false\" value=\"\" type=\"number\" name=\"number-123\" \/><\/span> <\/label>\n<\/p>\n<p><label> Asunto<br \/>\n<span class=\"wpcf7-form-control-wrap\" data-name=\"your-subject\"><input size=\"40\" maxlength=\"400\" class=\"wpcf7-form-control wpcf7-text\" aria-invalid=\"false\" value=\"\" type=\"text\" name=\"your-subject\" \/><\/span> <\/label>\n<\/p>\n<p><label> Consulta<br \/>\n<span class=\"wpcf7-form-control-wrap\" data-name=\"your-message\"><textarea cols=\"40\" rows=\"10\" maxlength=\"2000\" class=\"wpcf7-form-control wpcf7-textarea\" aria-invalid=\"false\" name=\"your-message\"><\/textarea><\/span> <\/label>\n<\/p>\n<p><input class=\"wpcf7-form-control wpcf7-submit has-spinner\" type=\"submit\" value=\"Enviar Consulta a la Oficina\" \/>\n<\/p><div class=\"wpcf7-response-output\" aria-hidden=\"true\"><\/div>\n<\/form>\n<\/div>\n[\/vc_tta_section][\/vc_tta_tour][\/vc_column][vc_column width=&#8221;1\/3&#8243;][vc_column_text][\/vc_column_text][vc_text_separator title=&#8221;Facebook OFICIAL&#8221; title_align=&#8221;separator_align_left&#8221; align=&#8221;align_left&#8221; color=&#8221;juicy_pink&#8221; border_width=&#8221;2&#8243;][vc_raw_html]JTNDaWZyYW1lJTIwc3JjJTNEJTIyaHR0cHMlM0ElMkYlMkZ3d3cuZmFjZWJvb2suY29tJTJGcGx1Z2lucyUyRnBhZ2UucGhwJTNGaHJlZiUzRGh0dHBzJTI1M0ElMjUyRiUyNTJGd3d3LmZhY2Vib29rLmNvbSUyNTJGVUxDSU1BJTI2dGFicyUzRHRpbWVsaW5lJTI2d2lkdGglM0QzNDAlMjZoZWlnaHQlM0Q1MDAlMjZzbWFsbF9oZWFkZXIlM0RmYWxzZSUyNmFkYXB0X2NvbnRhaW5lcl93aWR0aCUzRHRydWUlMjZoaWRlX2NvdmVyJTNEZmFsc2UlMjZzaG93X2ZhY2VwaWxlJTNEdHJ1ZSUyNmFwcElkJTNEMjIzODIxNzgxNjQ3ODkwJTIyJTIwd2lkdGglM0QlMjIzNDAlMjIlMjBoZWlnaHQlM0QlMjI1MDAlMjIlMjBzdHlsZSUzRCUyMmJvcmRlciUzQW5vbmUlM0JvdmVyZmxvdyUzQWhpZGRlbiUyMiUyMHNjcm9sbGluZyUzRCUyMm5vJTIyJTIwZnJhbWVib3JkZXIlM0QlMjIwJTIyJTIwYWxsb3dUcmFuc3BhcmVuY3klM0QlMjJ0cnVlJTIyJTIwYWxsb3clM0QlMjJlbmNyeXB0ZWQtbWVkaWElMjIlM0UlM0MlMkZpZnJhbWUlM0U=[\/vc_raw_html][vc_facebook type=&#8221;button_count&#8221;][vc_text_separator title=&#8221;Fotos&#8221; title_align=&#8221;separator_align_left&#8221; align=&#8221;align_left&#8221; color=&#8221;juicy_pink&#8221; border_width=&#8221;2&#8243;][\/vc_column][\/vc_row][vc_row][vc_column width=&#8221;5\/6&#8243;][vc_column_text][\/vc_column_text][vc_text_separator title=&#8221;Eventos Relacionados&#8221; align=&#8221;align_left&#8221; color=&#8221;juicy_pink&#8221; border_width=&#8221;2&#8243;][\/vc_column][vc_column width=&#8221;1\/6&#8243;][vc_column_text][\/vc_column_text][vc_text_separator title=&#8221;Ver Galeria&#8221; color=&#8221;juicy_pink&#8221; border_width=&#8221;2&#8243;][vc_images_carousel images=&#8221;3914&#8243; img_size=&#8221;150&#215;150&#8243;][\/vc_column][\/vc_row][vc_row css=&#8221;.vc_custom_1536337410984{background-color: #ffffff !important;}&#8221;][vc_column][vc_text_separator title=&#8221;Personal Encargado&#8221; align=&#8221;align_left&#8221; color=&#8221;juicy_pink&#8221; border_width=&#8221;2&#8243;][vc_row_inner][vc_column_inner][vc_single_image alignment=&#8221;center&#8221;][vc_custom_heading text=&#8221;Jefe de Biblioteca&#8221; font_container=&#8221;tag:h4|text_align:center&#8221; use_theme_fonts=&#8221;yes&#8221; subtitle=&#8221;Mar\u00eda Cruz Zamora&#8221;][\/vc_column_inner][\/vc_row_inner][vc_column_text]\n[\/vc_column_text][\/vc_column][\/vc_row]\n<\/div>","protected":false},"excerpt":{"rendered":"<p>[vc_row full_width=&#8221;stretch_row&#8221; css=&#8221;.vc_custom_1536623685240{padding-top: 250px !important;padding-bottom: 50px !important;background-image: url(http:\/\/ulc.edu.pe\/ulcWeb\/wp-content\/uploads\/2018\/09\/ULC_LOGO_Oficina-de-Oficina-de-Biblioteca_BANER.jpg?id=3914) !important;background-position: center !important;background-repeat: no-repeat !important;background-size: cover !important;}&#8221; el_class=&#8221;overlay fixed_bg&#8221;][vc_column][vc_custom_heading text=&#8221;Biblioteca&#8221; font_container=&#8221;tag:h1|text_align:left|color:%23ffffff&#8221; use_theme_fonts=&#8221;yes&#8221; subtitle_color=&#8221;#ffffff&#8221; subtitle=&#8221;Dep\u00f3sito oficial del patrimonio bibliogr\u00e1fico, xerogr\u00e1fico y audiovisual de la Universidad&#8221;][\/vc_column][\/vc_row][vc_row][vc_column width=&#8221;2\/3&#8243;][vc_tta_tour active_section=&#8221;1&#8243; color=&#8221;juicy-pink&#8221;][vc_tta_section title=&#8221;Presentaci\u00f3n&#8221; tab_id=&#8221;1534871309621-c2172cfb-bdc1&#8243;][vc_text_separator title=&#8221;Definici\u00f3n&#8221; title_align=&#8221;separator_align_left&#8221; align=&#8221;align_left&#8221; color=&#8221;juicy_pink&#8221; border_width=&#8221;2&#8243;][vc_column_text]La Biblioteca es el principal dep\u00f3sito oficial del patrimonio bibliogr\u00e1fico, xerogr\u00e1fico y audiovisual de [&hellip;]<\/p>\n","protected":false},"author":3,"featured_media":0,"parent":0,"menu_order":0,"comment_status":"closed","ping_status":"closed","template":"","meta":{"footnotes":""},"class_list":["post-3665","page","type-page","status-publish","hentry"],"_links":{"self":[{"href":"https:\/\/ulc.edu.pe\/ulcWeb\/wp-json\/wp\/v2\/pages\/3665","targetHints":{"allow":["GET"]}}],"collection":[{"href":"https:\/\/ulc.edu.pe\/ulcWeb\/wp-json\/wp\/v2\/pages"}],"about":[{"href":"https:\/\/ulc.edu.pe\/ulcWeb\/wp-json\/wp\/v2\/types\/page"}],"author":[{"embeddable":true,"href":"https:\/\/ulc.edu.pe\/ulcWeb\/wp-json\/wp\/v2\/users\/3"}],"replies":[{"embeddable":true,"href":"https:\/\/ulc.edu.pe\/ulcWeb\/wp-json\/wp\/v2\/comments?post=3665"}],"version-history":[{"count":16,"href":"https:\/\/ulc.edu.pe\/ulcWeb\/wp-json\/wp\/v2\/pages\/3665\/revisions"}],"predecessor-version":[{"id":7991,"href":"https:\/\/ulc.edu.pe\/ulcWeb\/wp-json\/wp\/v2\/pages\/3665\/revisions\/7991"}],"wp:attachment":[{"href":"https:\/\/ulc.edu.pe\/ulcWeb\/wp-json\/wp\/v2\/media?parent=3665"}],"curies":[{"name":"wp","href":"https:\/\/api.w.org\/{rel}","templated":true}]}}