{"id":3633,"date":"2018-09-03T16:44:04","date_gmt":"2018-09-03T16:44:04","guid":{"rendered":"http:\/\/ulc.edu.pe\/?page_id=3633"},"modified":"2022-09-29T23:50:23","modified_gmt":"2022-09-29T23:50:23","slug":"oficina-planificacion","status":"publish","type":"page","link":"https:\/\/ulc.edu.pe\/ulcWeb\/oficina-planificacion\/","title":{"rendered":"Oficina de Planificaci\u00f3n y Presupuesto"},"content":{"rendered":"<div class=\"wpb-content-wrapper\">[vc_row full_width=&#8221;stretch_row&#8221; css=&#8221;.vc_custom_1536598173388{padding-top: 250px !important;padding-bottom: 50px !important;background-image: url(http:\/\/ulc.edu.pe\/ulcWeb\/wp-content\/uploads\/2018\/09\/ULC_LOGO_Oficina-de-Oficina-de-Planificacion_BANER.jpg?id=3866) !important;background-position: center !important;background-repeat: no-repeat !important;background-size: cover !important;}&#8221; el_class=&#8221;overlay fixed_bg&#8221;][vc_column][vc_custom_heading text=&#8221;Oficina de Planificaci\u00f3n y Presupuesto&#8221; font_container=&#8221;tag:h1|text_align:left|color:%23ffffff&#8221; use_theme_fonts=&#8221;yes&#8221; subtitle_color=&#8221;#ffffff&#8221; subtitle=&#8221;Planificaci\u00f3n y Presupuesto de la ULC&#8221;][\/vc_column][\/vc_row][vc_row][vc_column width=&#8221;2\/3&#8243;][vc_column_text][\/vc_column_text][vc_tta_tour active_section=&#8221;1&#8243; color=&#8221;juicy-pink&#8221;][vc_tta_section title=&#8221;Presentaci\u00f3n&#8221; tab_id=&#8221;1534871309621-c2172cfb-bdc1&#8243;][vc_text_separator title=&#8221;Definici\u00f3n&#8221; title_align=&#8221;separator_align_left&#8221; align=&#8221;align_left&#8221; color=&#8221;juicy_pink&#8221; border_width=&#8221;2&#8243;][vc_column_text]La Oficina de Planificaci\u00f3n es el \u00f3rgano encargado de asesorar a los \u00d3rganos de Gobierno de la Universidad en la formulaci\u00f3n y evaluaci\u00f3n del Plan Estrat\u00e9gico Institucional, Planes Operativos y de Desarrollo, programaci\u00f3n de Proyectos de Inversi\u00f3n, elaboraci\u00f3n del Presupuesto General, aplicaci\u00f3n del Sistema de Racionalizaci\u00f3n Acad\u00e9mica y Administrativa, as\u00ed como el desarrollo de las estad\u00edsticas generales de la Universidad y los aspectos relacionados a las Tecnolog\u00edas de la Informaci\u00f3n y Comunicaciones. Depende jer\u00e1rquicamente de la Gerencia General, mantiene relaciones funcionales con todos los \u00d3rganos de la Universidad.<\/p>\n<p>&nbsp;<\/p>\n[\/vc_column_text][\/vc_tta_section][vc_tta_section title=&#8221;Funciones&#8221; tab_id=&#8221;1573053640296-2317cd9f-c3a6&#8243;][vc_text_separator title=&#8221;Funciones&#8221; title_align=&#8221;separator_align_left&#8221; align=&#8221;align_left&#8221; color=&#8221;juicy_pink&#8221; border_width=&#8221;2&#8243;][vc_column_text]Son funciones de la Oficina de Planificaci\u00f3n y Presupuesto:<\/p>\n<ol>\n<li style=\"list-style-type: none;\">\n<ol>\n<li>Formular y proponer a la Gerencia General las pol\u00edticas relacionadas a la planificaci\u00f3n y presupuesto de la Universidad desde el punto de vista acad\u00e9mico y administrativo concordante con los objetivos y resultados previstos en los documentos de gesti\u00f3n.<\/li>\n<li>Orientar y coordinar las tareas de formulaci\u00f3n de los planes de desarrollo de largo, mediano y corto plazo de la universidad, en concordancia con la pol\u00edtica general de desarrollo institucional y con las directivas t\u00e9cnicas vigentes.<\/li>\n<li>Ejecutar y analizar diagn\u00f3sticos de manera peri\u00f3dica respecto del comportamiento del mercado local y regional a fin de prever la aplicaci\u00f3n de estrategias competitivas y mercadol\u00f3gicas de car\u00e1cter acad\u00e9mico.<\/li>\n<li>Evaluar peri\u00f3dicamente el cumplimiento de los objetivos metas y acciones previstas en los planes, detectando los problemas y recomendando las medidas correctivas que sean necesarias cuyo informe peri\u00f3dico ser\u00e1 elevado a la Gerencia General.<\/li>\n<li>Efectuar peri\u00f3dicamente los estudios y el an\u00e1lisis correspondiente de la situaci\u00f3n universitaria en sus aspectos social, econ\u00f3mico y financiero y los resultados de la gesti\u00f3n, en relaci\u00f3n con los recursos con que cuenta.<\/li>\n<li>Identificar proyectos y programas de desarrollo de acuerdo con los objetivos, metas y pol\u00edticas de los planes nacionales de desarrollo, as\u00ed como evaluar, priorizar y efectuar el seguimiento a los proyectos de inversi\u00f3n.<\/li>\n<li>Conducir, coordinar y evaluar las acciones orientadas a la gesti\u00f3n de los procesos inform\u00e1ticos y estad\u00edsticos que complementen la ejecuci\u00f3n de los Planes y Programas Institucionales.<\/li>\n<li>Identificar y priorizar, en coordinaci\u00f3n con las instancias correspondientes, las necesidades de cooperaci\u00f3n t\u00e9cnica, cient\u00edfica y tecnol\u00f3gica, programando los correspondientes proyectos y evaluando sus resultados.<\/li>\n<li>Conducir la formulaci\u00f3n y evaluaci\u00f3n del presupuesto institucional debiendo implementar la gesti\u00f3n por resultados como herramienta gerencial.<\/li>\n<li>Asesorar y brindar el apoyo que requieran los diferentes \u00d3rganos acad\u00e9micos y administrativos de la Universidad.<\/li>\n<li>Otras que le asigne la Gerencia General.<\/li>\n<li>Confeccionar el Flujo de Caja, efectuar su seguimiento y elaborar los informes diarios y otros que correspondan, para la toma de decisiones por la autoridad universitaria.<\/li>\n<li>Proponer m\u00e9todos de mejora en gesti\u00f3n de los sistemas administrativos a fin de lograr eficiencia y mejores resultados en los resultados esperados.<\/li>\n<li>Dise\u00f1ar Planes de Negocios y Proyectos rentables que generen ingresos adicionales a los corrientes y evaluar la obtenci\u00f3n de inversiones externas de acuerdo a las normas vigentes y pol\u00edticas institucionales.<\/li>\n<\/ol>\n<\/li>\n<\/ol>\n[\/vc_column_text][\/vc_tta_section][vc_tta_section title=&#8221;Reglamentos y Documentos&#8221; tab_id=&#8221;1534891783884-77b152d5-4ed7&#8243;][vc_text_separator title=&#8221;Reglamentos&#8221; title_align=&#8221;separator_align_left&#8221; align=&#8221;align_left&#8221; color=&#8221;juicy_pink&#8221; border_width=&#8221;2&#8243;][vc_btn title=&#8221;`{`descargar`}` Reglamento de la Oficina&#8221; size=&#8221;sm&#8221; align=&#8221;left&#8221; i_icon_fontawesome=&#8221;fa fa-file-pdf-o&#8221; css_animation=&#8221;left-to-right&#8221; button_block=&#8221;true&#8221; add_icon=&#8221;true&#8221; el_class=&#8221;font-weight: normal&#8221; link=&#8221;||target:%20_blank&#8221;][vc_text_separator title=&#8221;Documentos de Gesti\u00f3n&#8221; title_align=&#8221;separator_align_left&#8221; align=&#8221;align_left&#8221; color=&#8221;juicy_pink&#8221; border_width=&#8221;2&#8243;][vc_btn title=&#8221;`{`descargar`}` Documentos&#8221; size=&#8221;sm&#8221; align=&#8221;left&#8221; i_icon_fontawesome=&#8221;fa fa-file-pdf-o&#8221; css_animation=&#8221;left-to-right&#8221; button_block=&#8221;true&#8221; add_icon=&#8221;true&#8221; el_class=&#8221;font-weight: normal&#8221; link=&#8221;||target:%20_blank&#8221;][\/vc_tta_section][vc_tta_section title=&#8221;Organigrama&#8221; tab_id=&#8221;1536334997350-5d2e2d23-a813&#8243;][vc_text_separator title=&#8221;Oficinas a Cargo&#8221; title_align=&#8221;separator_align_left&#8221; align=&#8221;align_left&#8221; color=&#8221;juicy_pink&#8221; border_width=&#8221;2&#8243;][vc_icon icon_fontawesome=&#8221;fa fa-users&#8221; color=&#8221;juicy_pink&#8221; size=&#8221;lg&#8221; align=&#8221;center&#8221;][vc_custom_heading text=&#8221;GERENCIA GENERAL&#8221; font_container=&#8221;tag:p|text_align:center&#8221; use_theme_fonts=&#8221;yes&#8221;][vc_icon icon_fontawesome=&#8221;fa fa-user&#8221; color=&#8221;juicy_pink&#8221; size=&#8221;lg&#8221; align=&#8221;center&#8221;][vc_custom_heading text=&#8221;OFICINA DE PLANIFICACI\u00d3N&#8221; font_container=&#8221;tag:p|text_align:center&#8221; use_theme_fonts=&#8221;yes&#8221;][vc_row_inner][vc_column_inner width=&#8221;1\/3&#8243;][vc_icon icon_fontawesome=&#8221;stm-user&#8221; color=&#8221;juicy_pink&#8221; size=&#8221;lg&#8221; align=&#8221;center&#8221;][vc_custom_heading text=&#8221;USUARIO&#8221; font_container=&#8221;tag:p|text_align:center&#8221; use_theme_fonts=&#8221;yes&#8221;][\/vc_column_inner][vc_column_inner width=&#8221;1\/3&#8243;][vc_icon icon_fontawesome=&#8221;stm-user&#8221; color=&#8221;juicy_pink&#8221; size=&#8221;lg&#8221; align=&#8221;center&#8221;][vc_custom_heading text=&#8221;USUARIO&#8221; font_container=&#8221;tag:p|text_align:center&#8221; use_theme_fonts=&#8221;yes&#8221;][\/vc_column_inner][vc_column_inner width=&#8221;1\/3&#8243;][vc_icon icon_fontawesome=&#8221;stm-user&#8221; color=&#8221;juicy_pink&#8221; size=&#8221;lg&#8221; align=&#8221;center&#8221;][vc_custom_heading text=&#8221;USUARIO&#8221; font_container=&#8221;tag:p|text_align:center&#8221; use_theme_fonts=&#8221;yes&#8221;][\/vc_column_inner][\/vc_row_inner][\/vc_tta_section][vc_tta_section title=&#8221;\u00c1rea de Ubicaci\u00f3n&#8221; tab_id=&#8221;1536121170921-baab26ef-d122&#8243;][vc_text_separator title=&#8221;\u00c1rea de Ubicaci\u00f3n&#8221; title_align=&#8221;separator_align_left&#8221; align=&#8221;align_left&#8221; color=&#8221;juicy_pink&#8221; border_width=&#8221;2&#8243;][vc_custom_heading text=&#8221;PABELL\u00d3N C &#8211; PRIMER PISO &#8211; OFICINAS &#8211; \u00c1REA 10&#8243; font_container=&#8221;tag:h4|text_align:left&#8221; use_theme_fonts=&#8221;yes&#8221;][vc_btn title=&#8221;`{`descargar`}` Ubicaci\u00f3n F\u00edsica de la Oficina&#8221; size=&#8221;sm&#8221; align=&#8221;left&#8221; i_icon_fontawesome=&#8221;fa fa-file-pdf-o&#8221; css_animation=&#8221;left-to-right&#8221; button_block=&#8221;true&#8221; add_icon=&#8221;true&#8221; el_class=&#8221;font-weight: normal&#8221; link=&#8221;||target:%20_blank&#8221;][vc_row_inner][vc_column_inner width=&#8221;1\/6&#8243;][vc_icon icon_fontawesome=&#8221;stm-stm14_office&#8221; color=&#8221;juicy_pink&#8221; css=&#8221;.vc_custom_1575651022381{margin-left: 20px !important;}&#8221;][\/vc_column_inner][vc_column_inner width=&#8221;5\/6&#8243;][vc_column_text css=&#8221;.vc_custom_1575652585595{margin-top: 20px !important;}&#8221;]<a href=\"http:\/\/ulc.edu.pe\/mapa-campus-ulc\/?location=of4\">Ir Mapa Campus ULC<\/a>[\/vc_column_text][\/vc_column_inner][\/vc_row_inner][\/vc_tta_section][vc_tta_section title=&#8221;Contacto&#8221; tab_id=&#8221;1536335072756-d2d907a0-4e1b&#8221;][vc_text_separator title=&#8221;Horario de Atenci\u00f3n&#8221; title_align=&#8221;separator_align_left&#8221; align=&#8221;align_left&#8221; color=&#8221;juicy_pink&#8221; border_width=&#8221;2&#8243;][vc_column_text]\n<table style=\"height: 96px;\">\n<tbody>\n<tr style=\"height: 24px;\">\n<td style=\"text-align: center; height: 24px; width: 117px;\"><strong>D\u00cdAS<\/strong><\/td>\n<td style=\"text-align: center; height: 24px; width: 94px;\"><strong>TURNO<\/strong><\/td>\n<td style=\"text-align: center; height: 24px; width: 194px;\"><strong>HORAS<\/strong><\/td>\n<\/tr>\n<tr style=\"height: 72px;\">\n<td style=\"text-align: center; height: 72px; width: 117px;\">LUNES<\/p>\n<p>VIERNES<\/td>\n<td style=\"text-align: center; height: 72px; width: 94px;\">Ma\u00f1ana<\/td>\n<td style=\"text-align: center; height: 72px; width: 194px;\">07:30 AM<br \/>\n12:30 AM<\/td>\n<\/tr>\n<tr>\n<td style=\"text-align: center; width: 117px;\">LUNES<\/p>\n<p>VIERNES<\/td>\n<td style=\"text-align: center; width: 94px;\">Tarde<\/td>\n<td style=\"text-align: center; width: 194px;\">04:00 PM<br \/>\n07:00 PM<\/td>\n<\/tr>\n<tr>\n<td style=\"text-align: center; width: 117px;\">S\u00c1BADO<\/td>\n<td style=\"text-align: center; width: 94px;\">Ma\u00f1ana<\/td>\n<td style=\"text-align: center; width: 194px;\">08:00 AM<br \/>\n12:00 AM<\/td>\n<\/tr>\n<\/tbody>\n<\/table>\n[\/vc_column_text][vc_text_separator title=&#8221;Puedes Comunicarte&#8221; title_align=&#8221;separator_align_left&#8221; align=&#8221;align_left&#8221; color=&#8221;juicy_pink&#8221; border_width=&#8221;2&#8243;][vc_row_inner][vc_column_inner width=&#8221;1\/2&#8243;][vc_custom_heading text=&#8221;Correo Electr\u00f3nico&#8221; font_container=&#8221;tag:h4|text_align:left&#8221; use_theme_fonts=&#8221;yes&#8221;][vc_column_text]\n<ul>\n<li>fleon@ulc.edu.pe<\/li>\n<\/ul>\n[\/vc_column_text][\/vc_column_inner][vc_column_inner width=&#8221;1\/2&#8243;][vc_custom_heading text=&#8221;Tel\u00e9fono&#8221; font_container=&#8221;tag:h4|text_align:left&#8221; use_theme_fonts=&#8221;yes&#8221;][vc_column_text]\n<ul>\n<li>(052) 412140<\/li>\n<\/ul>\n[\/vc_column_text][\/vc_column_inner][\/vc_row_inner][\/vc_tta_section][vc_tta_section title=&#8221;Enviar Consulta Directa&#8221; tab_id=&#8221;1536335130794-9adc5c6f-ed46&#8243;][vc_text_separator title=&#8221;Puede enviar su consulta y nos pondremos en contacto&#8221; title_align=&#8221;separator_align_left&#8221; align=&#8221;align_left&#8221; color=&#8221;juicy_pink&#8221; border_width=&#8221;2&#8243;]\n<div class=\"wpcf7 no-js\" id=\"wpcf7-f3861-o1\" lang=\"es-PE\" dir=\"ltr\" data-wpcf7-id=\"3861\">\n<div class=\"screen-reader-response\"><p role=\"status\" aria-live=\"polite\" aria-atomic=\"true\"><\/p> <ul><\/ul><\/div>\n<form action=\"\/ulcWeb\/wp-json\/wp\/v2\/pages\/3633#wpcf7-f3861-o1\" method=\"post\" class=\"wpcf7-form init\" aria-label=\"Contact form\" novalidate=\"novalidate\" data-status=\"init\">\n<div style=\"display: none;\">\n<input type=\"hidden\" name=\"_wpcf7\" value=\"3861\" \/>\n<input type=\"hidden\" name=\"_wpcf7_version\" value=\"6.0.6\" \/>\n<input type=\"hidden\" name=\"_wpcf7_locale\" value=\"es_PE\" \/>\n<input type=\"hidden\" name=\"_wpcf7_unit_tag\" value=\"wpcf7-f3861-o1\" \/>\n<input type=\"hidden\" name=\"_wpcf7_container_post\" value=\"0\" \/>\n<input type=\"hidden\" name=\"_wpcf7_posted_data_hash\" value=\"\" \/>\n<\/div>\n<p><label> Ingresar Apellidos Nombres<br \/>\n<span class=\"wpcf7-form-control-wrap\" data-name=\"your-name\"><input size=\"40\" maxlength=\"400\" class=\"wpcf7-form-control wpcf7-text wpcf7-validates-as-required\" aria-required=\"true\" aria-invalid=\"false\" value=\"\" type=\"text\" name=\"your-name\" \/><\/span> <\/label>\n<\/p>\n<p><label> Correo Electr\u00f3nico<br \/>\n<span class=\"wpcf7-form-control-wrap\" data-name=\"your-email\"><input size=\"40\" maxlength=\"400\" class=\"wpcf7-form-control wpcf7-email wpcf7-validates-as-required wpcf7-text wpcf7-validates-as-email\" aria-required=\"true\" aria-invalid=\"false\" value=\"\" type=\"email\" name=\"your-email\" \/><\/span> <\/label>\n<\/p>\n<p><label> N\u00famero Telef\u00f3nico<br \/>\n<span class=\"wpcf7-form-control-wrap\" data-name=\"number-123\"><input class=\"wpcf7-form-control wpcf7-number wpcf7-validates-as-number\" min=\"6\" max=\"9\" aria-invalid=\"false\" value=\"\" type=\"number\" name=\"number-123\" \/><\/span> <\/label>\n<\/p>\n<p><label> Asunto<br \/>\n<span class=\"wpcf7-form-control-wrap\" data-name=\"your-subject\"><input size=\"40\" maxlength=\"400\" class=\"wpcf7-form-control wpcf7-text\" aria-invalid=\"false\" value=\"\" type=\"text\" name=\"your-subject\" \/><\/span> <\/label>\n<\/p>\n<p><label> Consulta<br \/>\n<span class=\"wpcf7-form-control-wrap\" data-name=\"your-message\"><textarea cols=\"40\" rows=\"10\" maxlength=\"2000\" class=\"wpcf7-form-control wpcf7-textarea\" aria-invalid=\"false\" name=\"your-message\"><\/textarea><\/span> <\/label>\n<\/p>\n<p><input class=\"wpcf7-form-control wpcf7-submit has-spinner\" type=\"submit\" value=\"Enviar Consulta a la Oficina\" \/>\n<\/p><div class=\"wpcf7-response-output\" aria-hidden=\"true\"><\/div>\n<\/form>\n<\/div>\n[\/vc_tta_section][\/vc_tta_tour][\/vc_column][vc_column width=&#8221;1\/3&#8243;][vc_column_text][\/vc_column_text][vc_text_separator title=&#8221;Facebook OFICIAL&#8221; title_align=&#8221;separator_align_left&#8221; align=&#8221;align_left&#8221; color=&#8221;juicy_pink&#8221; border_width=&#8221;2&#8243;][vc_raw_html]JTNDaWZyYW1lJTIwc3JjJTNEJTIyaHR0cHMlM0ElMkYlMkZ3d3cuZmFjZWJvb2suY29tJTJGcGx1Z2lucyUyRnBhZ2UucGhwJTNGaHJlZiUzRGh0dHBzJTI1M0ElMjUyRiUyNTJGd3d3LmZhY2Vib29rLmNvbSUyNTJGVUxDSU1BJTI2dGFicyUzRHRpbWVsaW5lJTI2d2lkdGglM0QzNDAlMjZoZWlnaHQlM0Q1MDAlMjZzbWFsbF9oZWFkZXIlM0RmYWxzZSUyNmFkYXB0X2NvbnRhaW5lcl93aWR0aCUzRHRydWUlMjZoaWRlX2NvdmVyJTNEZmFsc2UlMjZzaG93X2ZhY2VwaWxlJTNEdHJ1ZSUyNmFwcElkJTNEMjIzODIxNzgxNjQ3ODkwJTIyJTIwd2lkdGglM0QlMjIzNDAlMjIlMjBoZWlnaHQlM0QlMjI1MDAlMjIlMjBzdHlsZSUzRCUyMmJvcmRlciUzQW5vbmUlM0JvdmVyZmxvdyUzQWhpZGRlbiUyMiUyMHNjcm9sbGluZyUzRCUyMm5vJTIyJTIwZnJhbWVib3JkZXIlM0QlMjIwJTIyJTIwYWxsb3dUcmFuc3BhcmVuY3klM0QlMjJ0cnVlJTIyJTIwYWxsb3clM0QlMjJlbmNyeXB0ZWQtbWVkaWElMjIlM0UlM0MlMkZpZnJhbWUlM0U=[\/vc_raw_html][vc_facebook type=&#8221;button_count&#8221;][vc_text_separator title=&#8221;Fotos&#8221; title_align=&#8221;separator_align_left&#8221; align=&#8221;align_left&#8221; color=&#8221;juicy_pink&#8221; border_width=&#8221;2&#8243;][\/vc_column][\/vc_row][vc_row][vc_column width=&#8221;5\/6&#8243;][vc_column_text][\/vc_column_text][vc_text_separator title=&#8221;Eventos Relacionados&#8221; align=&#8221;align_left&#8221; color=&#8221;juicy_pink&#8221; border_width=&#8221;2&#8243;][\/vc_column][vc_column width=&#8221;1\/6&#8243;][vc_column_text][\/vc_column_text][vc_images_carousel images=&#8221;3866&#8243; img_size=&#8221;150&#215;150&#8243;][vc_text_separator title=&#8221;Ver Galeria&#8221; title_align=&#8221;separator_align_right&#8221; align=&#8221;align_left&#8221; color=&#8221;juicy_pink&#8221; border_width=&#8221;2&#8243;][\/vc_column][\/vc_row][vc_row css=&#8221;.vc_custom_1536337410984{background-color: #ffffff !important;}&#8221;][vc_column][vc_text_separator title=&#8221;Personal Encargado&#8221; align=&#8221;align_left&#8221; color=&#8221;juicy_pink&#8221; border_width=&#8221;2&#8243;][vc_row_inner][vc_column_inner][vc_single_image alignment=&#8221;center&#8221;][vc_custom_heading text=&#8221;Jefe de la Oficina de Planificaci\u00f3n y Presupuesto&#8221; font_container=&#8221;tag:h4|text_align:center&#8221; use_theme_fonts=&#8221;yes&#8221; subtitle=&#8221;Mg. Gary Edmundo Montes de Oca Perez&#8221;][\/vc_column_inner][\/vc_row_inner][vc_column_text]\n[\/vc_column_text][\/vc_column][\/vc_row]\n<\/div>","protected":false},"excerpt":{"rendered":"<p>[vc_row full_width=&#8221;stretch_row&#8221; css=&#8221;.vc_custom_1536598173388{padding-top: 250px !important;padding-bottom: 50px !important;background-image: url(http:\/\/ulc.edu.pe\/ulcWeb\/wp-content\/uploads\/2018\/09\/ULC_LOGO_Oficina-de-Oficina-de-Planificacion_BANER.jpg?id=3866) !important;background-position: center !important;background-repeat: no-repeat !important;background-size: cover !important;}&#8221; el_class=&#8221;overlay fixed_bg&#8221;][vc_column][vc_custom_heading text=&#8221;Oficina de Planificaci\u00f3n y Presupuesto&#8221; font_container=&#8221;tag:h1|text_align:left|color:%23ffffff&#8221; use_theme_fonts=&#8221;yes&#8221; subtitle_color=&#8221;#ffffff&#8221; subtitle=&#8221;Planificaci\u00f3n y Presupuesto de la ULC&#8221;][\/vc_column][\/vc_row][vc_row][vc_column width=&#8221;2\/3&#8243;][vc_column_text][\/vc_column_text][vc_tta_tour active_section=&#8221;1&#8243; color=&#8221;juicy-pink&#8221;][vc_tta_section title=&#8221;Presentaci\u00f3n&#8221; tab_id=&#8221;1534871309621-c2172cfb-bdc1&#8243;][vc_text_separator title=&#8221;Definici\u00f3n&#8221; title_align=&#8221;separator_align_left&#8221; align=&#8221;align_left&#8221; color=&#8221;juicy_pink&#8221; border_width=&#8221;2&#8243;][vc_column_text]La Oficina de Planificaci\u00f3n es el \u00f3rgano encargado de asesorar a los \u00d3rganos de Gobierno [&hellip;]<\/p>\n","protected":false},"author":3,"featured_media":0,"parent":0,"menu_order":0,"comment_status":"closed","ping_status":"closed","template":"","meta":{"footnotes":""},"class_list":["post-3633","page","type-page","status-publish","hentry"],"_links":{"self":[{"href":"https:\/\/ulc.edu.pe\/ulcWeb\/wp-json\/wp\/v2\/pages\/3633","targetHints":{"allow":["GET"]}}],"collection":[{"href":"https:\/\/ulc.edu.pe\/ulcWeb\/wp-json\/wp\/v2\/pages"}],"about":[{"href":"https:\/\/ulc.edu.pe\/ulcWeb\/wp-json\/wp\/v2\/types\/page"}],"author":[{"embeddable":true,"href":"https:\/\/ulc.edu.pe\/ulcWeb\/wp-json\/wp\/v2\/users\/3"}],"replies":[{"embeddable":true,"href":"https:\/\/ulc.edu.pe\/ulcWeb\/wp-json\/wp\/v2\/comments?post=3633"}],"version-history":[{"count":10,"href":"https:\/\/ulc.edu.pe\/ulcWeb\/wp-json\/wp\/v2\/pages\/3633\/revisions"}],"predecessor-version":[{"id":3865,"href":"https:\/\/ulc.edu.pe\/ulcWeb\/wp-json\/wp\/v2\/pages\/3633\/revisions\/3865"}],"wp:attachment":[{"href":"https:\/\/ulc.edu.pe\/ulcWeb\/wp-json\/wp\/v2\/media?parent=3633"}],"curies":[{"name":"wp","href":"https:\/\/api.w.org\/{rel}","templated":true}]}}