{"id":3625,"date":"2018-09-03T16:35:48","date_gmt":"2018-09-03T16:35:48","guid":{"rendered":"http:\/\/ulc.edu.pe\/?page_id=3625"},"modified":"2019-12-06T17:16:56","modified_gmt":"2019-12-06T17:16:56","slug":"oficina-infraestructura","status":"publish","type":"page","link":"https:\/\/ulc.edu.pe\/ulcWeb\/oficina-infraestructura\/","title":{"rendered":"Oficina de Infraestructura"},"content":{"rendered":"<div class=\"wpb-content-wrapper\">[vc_row full_width=&#8221;stretch_row&#8221; css=&#8221;.vc_custom_1536590054960{padding-top: 250px !important;padding-bottom: 50px !important;background-image: url(http:\/\/ulc.edu.pe\/ulcWeb\/wp-content\/uploads\/2018\/09\/ULC_LOGO_Oficina-de-Oficina-de-IN_BANER.jpg?id=3843) !important;background-position: center !important;background-repeat: no-repeat !important;background-size: cover !important;}&#8221; el_class=&#8221;overlay fixed_bg&#8221;][vc_column][vc_custom_heading text=&#8221;Oficina de Infraestructura&#8221; font_container=&#8221;tag:h1|text_align:left|color:%23ffffff&#8221; use_theme_fonts=&#8221;yes&#8221; subtitle_color=&#8221;#ffffff&#8221; subtitle=&#8221;Programaci\u00f3n, ejecuci\u00f3n y control de proyectos, obras y edificaciones de la ULC &#8220;][\/vc_column][\/vc_row][vc_row][vc_column width=&#8221;2\/3&#8243;][vc_column_text][\/vc_column_text][vc_tta_tour color=&#8221;juicy-pink&#8221; active_section=&#8221;1&#8243;][vc_tta_section title=&#8221;Presentaci\u00f3n&#8221; tab_id=&#8221;1534871309621-c2172cfb-bdc1&#8243;][vc_text_separator title=&#8221;Definici\u00f3n&#8221; title_align=&#8221;separator_align_left&#8221; align=&#8221;align_left&#8221; color=&#8221;juicy_pink&#8221; border_width=&#8221;2&#8243;][vc_column_text]La Oficina de Infraestructura, Log\u00edstica y Servicios Generales, es el \u00f3rgano responsable de la programaci\u00f3n, ejecuci\u00f3n y control de los proyectos, obras y edificaciones de la ULC en concordancia con la pol\u00edtica y planes de desarrollo f\u00edsico institucional; asimismo es el \u00d3rgano responsable de la organizaci\u00f3n, normalizaci\u00f3n, ejecuci\u00f3n, y consolidaci\u00f3n de las operaciones e informaci\u00f3n relativa a la obtenci\u00f3n, mantenimiento y distribuci\u00f3n de los recursos materiales y servicios que requiere el funcionamiento de la Universidad, su conservaci\u00f3n y custodia y la seguridad y vigilancia en el campus universitario, en apoyo del cumplimiento de las pol\u00edticas, objetivos y metas institucionales, por otro lado cumple las funciones de mantenimiento de los servicios b\u00e1sicos de la Instituci\u00f3n, depende jer\u00e1rquicamente de la Gerencia General, coordina con todas las dependencias internas de la ULC.[\/vc_column_text][\/vc_tta_section][vc_tta_section title=&#8221;Funciones&#8221; tab_id=&#8221;1573051667604-d4a25122-bd52&#8243;][vc_text_separator title=&#8221;Funciones&#8221; title_align=&#8221;separator_align_left&#8221; align=&#8221;align_left&#8221; color=&#8221;juicy_pink&#8221; border_width=&#8221;2&#8243;][vc_column_text]Son funciones de la Oficina de Infraestructura las siguientes:<\/p>\n<ol>\n<li style=\"list-style-type: none;\">\n<ol>\n<li>Velar por la seguridad, conservaci\u00f3n, mantenimiento y ornato de locales, as\u00ed como de instalaciones de equipos, maquinaria, veh\u00edculos de transporte y mobiliario; realizando las medidas necesarias para la protecci\u00f3n de las personas y los bienes de la Universidad.<\/li>\n<li>Participar en la ejecuci\u00f3n del Inventario F\u00edsico de los Bienes de la Universidad en coordinaci\u00f3n con la Oficina de Contabilidad y Tesorer\u00eda.<\/li>\n<li>Informar peri\u00f3dicamente sobre las bajas patrimoniales producidas durante cada ejercicio presupuestal e informar a la Oficina de Contabilidad y Tesorer\u00eda.<\/li>\n<li>Promover y organizar acciones de capacitaci\u00f3n y difusi\u00f3n de las normas y procesos t\u00e9cnicos en seguridad y salud en el trabajo.<\/li>\n<li>Proponer a la Alta Direcci\u00f3n estudios, proyectos y obras de Desarrollo de la Infraestructura F\u00edsica de la Universidad.<\/li>\n<li>Programar, organizar, ejecutar, coordinar y controlar las acciones de mantenimiento de la infraestructura f\u00edsica, en las \u00e1reas de estudio, proyectos, obras y edificaciones.<\/li>\n<li>Formular los estudios, proyectos y obras que le encargue la Alta Direcci\u00f3n, as\u00ed como las bases t\u00e9cnicas para llevar a cabo los concursos y licitaciones que corresponda, ya sean por servicio externo o interno.<\/li>\n<li>Ejecutar las obras de la Universidad, de acuerdo a los proyectos aprobados por la Alta Direcci\u00f3n; y encargarse de la supervisi\u00f3n, control, y recepci\u00f3n de las obras cuando se realicen por intermedio de terceros.<\/li>\n<li>Coordinar lo relativo al mantenimiento y reparaciones de la Infraestructura f\u00edsica; y con la Oficina de Contabilidad y Tesorer\u00eda lo concerniente a las valorizaciones y declaraciones de f\u00e1brica a los efectos del registro, legalizaci\u00f3n y control patrimonial de los bienes inmobiliarios de la universidad.<\/li>\n<li>Levantar y mantener actualizado el catastro General de los bienes inmuebles de la Universidad.<\/li>\n<li>Opinar ante las autoridades de la ULC sobre lo concerniente al mantenimiento, distribuci\u00f3n, uso de locales y ambientes de la Universidad.<\/li>\n<\/ol>\n<\/li>\n<\/ol>\n[\/vc_column_text][\/vc_tta_section][vc_tta_section title=&#8221;Reglamentos y Documentos&#8221; tab_id=&#8221;1534891783884-77b152d5-4ed7&#8243;][vc_text_separator title=&#8221;Reglamentos&#8221; title_align=&#8221;separator_align_left&#8221; align=&#8221;align_left&#8221; color=&#8221;juicy_pink&#8221; border_width=&#8221;2&#8243;][vc_btn title=&#8221;`{`descargar`}` Reglamento de la Oficina&#8221; size=&#8221;sm&#8221; align=&#8221;left&#8221; i_icon_fontawesome=&#8221;fa fa-file-pdf-o&#8221; css_animation=&#8221;left-to-right&#8221; button_block=&#8221;true&#8221; add_icon=&#8221;true&#8221; el_class=&#8221;font-weight: normal&#8221; link=&#8221;||target:%20_blank&#8221;][vc_text_separator title=&#8221;Documentos de Gesti\u00f3n&#8221; title_align=&#8221;separator_align_left&#8221; align=&#8221;align_left&#8221; color=&#8221;juicy_pink&#8221; border_width=&#8221;2&#8243;][vc_btn title=&#8221;`{`descargar`}` Documentos&#8221; size=&#8221;sm&#8221; align=&#8221;left&#8221; i_icon_fontawesome=&#8221;fa fa-file-pdf-o&#8221; css_animation=&#8221;left-to-right&#8221; button_block=&#8221;true&#8221; add_icon=&#8221;true&#8221; el_class=&#8221;font-weight: normal&#8221; link=&#8221;||target:%20_blank&#8221;][\/vc_tta_section][vc_tta_section title=&#8221;Organigrama&#8221; tab_id=&#8221;1536334997350-5d2e2d23-a813&#8243;][vc_text_separator title=&#8221;Oficinas a Cargo&#8221; title_align=&#8221;separator_align_left&#8221; align=&#8221;align_left&#8221; color=&#8221;juicy_pink&#8221; border_width=&#8221;2&#8243;][vc_icon icon_fontawesome=&#8221;fa fa-users&#8221; color=&#8221;juicy_pink&#8221; size=&#8221;lg&#8221; align=&#8221;center&#8221;][vc_custom_heading text=&#8221;GERENCIA GENERAL&#8221; font_container=&#8221;tag:p|text_align:center&#8221; use_theme_fonts=&#8221;yes&#8221;][vc_icon icon_fontawesome=&#8221;fa fa-user&#8221; color=&#8221;juicy_pink&#8221; size=&#8221;lg&#8221; align=&#8221;center&#8221;][vc_custom_heading text=&#8221;OFICINA DE INFRAESTRUCTURA, LOG\u00cdSTICA Y SERVICIOS GENERALES&#8221; font_container=&#8221;tag:p|text_align:center&#8221; use_theme_fonts=&#8221;yes&#8221;][vc_row_inner][vc_column_inner width=&#8221;1\/3&#8243;][vc_icon icon_fontawesome=&#8221;stm-user&#8221; color=&#8221;juicy_pink&#8221; size=&#8221;lg&#8221; align=&#8221;center&#8221;][vc_custom_heading text=&#8221;USUARIO&#8221; font_container=&#8221;tag:p|text_align:center&#8221; use_theme_fonts=&#8221;yes&#8221;][\/vc_column_inner][vc_column_inner width=&#8221;1\/3&#8243;][vc_icon icon_fontawesome=&#8221;stm-user&#8221; color=&#8221;juicy_pink&#8221; size=&#8221;lg&#8221; align=&#8221;center&#8221;][vc_custom_heading text=&#8221;USUARIO&#8221; font_container=&#8221;tag:p|text_align:center&#8221; use_theme_fonts=&#8221;yes&#8221;][\/vc_column_inner][vc_column_inner width=&#8221;1\/3&#8243;][vc_icon icon_fontawesome=&#8221;stm-user&#8221; color=&#8221;juicy_pink&#8221; size=&#8221;lg&#8221; align=&#8221;center&#8221;][vc_custom_heading text=&#8221;USUARIO&#8221; font_container=&#8221;tag:p|text_align:center&#8221; use_theme_fonts=&#8221;yes&#8221;][\/vc_column_inner][\/vc_row_inner][\/vc_tta_section][vc_tta_section title=&#8221;\u00c1rea de Ubicaci\u00f3n&#8221; tab_id=&#8221;1536121170921-baab26ef-d122&#8243;][vc_text_separator title=&#8221;\u00c1rea de Ubicaci\u00f3n&#8221; title_align=&#8221;separator_align_left&#8221; align=&#8221;align_left&#8221; color=&#8221;juicy_pink&#8221; border_width=&#8221;2&#8243;][vc_custom_heading text=&#8221;PABELL\u00d3N C &#8211; PRIMER PISO &#8211; OFICINAS &#8211; \u00c1REA 10&#8243; font_container=&#8221;tag:h4|text_align:left&#8221; use_theme_fonts=&#8221;yes&#8221;][vc_btn title=&#8221;`{`descargar`}` Ubicaci\u00f3n F\u00edsica de la Oficina&#8221; size=&#8221;sm&#8221; align=&#8221;left&#8221; i_icon_fontawesome=&#8221;fa fa-file-pdf-o&#8221; css_animation=&#8221;left-to-right&#8221; button_block=&#8221;true&#8221; add_icon=&#8221;true&#8221; el_class=&#8221;font-weight: normal&#8221; link=&#8221;||target:%20_blank&#8221;][vc_row_inner][vc_column_inner width=&#8221;1\/6&#8243;][vc_icon icon_fontawesome=&#8221;stm-stm14_office&#8221; color=&#8221;juicy_pink&#8221; css=&#8221;.vc_custom_1575651022381{margin-left: 20px !important;}&#8221;][\/vc_column_inner][vc_column_inner width=&#8221;5\/6&#8243;][vc_column_text css=&#8221;.vc_custom_1575652528658{margin-top: 20px !important;}&#8221;]<a href=\"http:\/\/ulc.edu.pe\/mapa-campus-ulc\/?location=of11\">Ir Mapa Campus ULC<\/a>[\/vc_column_text][\/vc_column_inner][\/vc_row_inner][\/vc_tta_section][vc_tta_section title=&#8221;Contacto&#8221; tab_id=&#8221;1536335072756-d2d907a0-4e1b&#8221;][vc_text_separator title=&#8221;Horario de Atenci\u00f3n&#8221; title_align=&#8221;separator_align_left&#8221; align=&#8221;align_left&#8221; color=&#8221;juicy_pink&#8221; border_width=&#8221;2&#8243;][vc_column_text]\n<table style=\"height: 96px;\">\n<tbody>\n<tr style=\"height: 24px;\">\n<td style=\"text-align: center; height: 24px; width: 117px;\"><strong>D\u00cdAS<\/strong><\/td>\n<td style=\"text-align: center; height: 24px; width: 94px;\"><strong>TURNO<\/strong><\/td>\n<td style=\"text-align: center; height: 24px; width: 194px;\"><strong>HORAS<\/strong><\/td>\n<\/tr>\n<tr style=\"height: 72px;\">\n<td style=\"text-align: center; height: 72px; width: 117px;\">LUNES<\/p>\n<p>VIERNES<\/td>\n<td style=\"text-align: center; height: 72px; width: 94px;\">Ma\u00f1ana<\/td>\n<td style=\"text-align: center; height: 72px; width: 194px;\">07:30 AM<br \/>\n12:30 AM<\/td>\n<\/tr>\n<tr>\n<td style=\"text-align: center; width: 117px;\">LUNES<\/p>\n<p>VIERNES<\/td>\n<td style=\"text-align: center; width: 94px;\">Tarde<\/td>\n<td style=\"text-align: center; width: 194px;\">04:00 PM<br \/>\n07:00 PM<\/td>\n<\/tr>\n<tr>\n<td style=\"text-align: center; width: 117px;\">S\u00c1BADO<\/td>\n<td style=\"text-align: center; width: 94px;\">Ma\u00f1ana<\/td>\n<td style=\"text-align: center; width: 194px;\">08:00 AM<br \/>\n12:00 AM<\/td>\n<\/tr>\n<\/tbody>\n<\/table>\n[\/vc_column_text][vc_text_separator title=&#8221;Puedes Comunicarte&#8221; title_align=&#8221;separator_align_left&#8221; align=&#8221;align_left&#8221; color=&#8221;juicy_pink&#8221; border_width=&#8221;2&#8243;][vc_row_inner][vc_column_inner width=&#8221;1\/2&#8243;][vc_custom_heading text=&#8221;Correo Electr\u00f3nico&#8221; font_container=&#8221;tag:h4|text_align:left&#8221; use_theme_fonts=&#8221;yes&#8221;][vc_column_text]\n<ul>\n<li>ftlimache@ulc.edu.pe<\/li>\n<\/ul>\n[\/vc_column_text][\/vc_column_inner][vc_column_inner width=&#8221;1\/2&#8243;][vc_custom_heading text=&#8221;Tel\u00e9fono&#8221; font_container=&#8221;tag:h4|text_align:left&#8221; use_theme_fonts=&#8221;yes&#8221;][vc_column_text]\n<ul>\n<li>(052) 412140<\/li>\n<\/ul>\n[\/vc_column_text][\/vc_column_inner][\/vc_row_inner][\/vc_tta_section][vc_tta_section title=&#8221;Enviar Consulta Directa&#8221; tab_id=&#8221;1536335130794-9adc5c6f-ed46&#8243;][vc_text_separator title=&#8221;Puede enviar su consulta y nos pondremos en contacto&#8221; title_align=&#8221;separator_align_left&#8221; align=&#8221;align_left&#8221; color=&#8221;juicy_pink&#8221; border_width=&#8221;2&#8243;]\n<div class=\"wpcf7 no-js\" id=\"wpcf7-f3825-o1\" lang=\"es-PE\" dir=\"ltr\" data-wpcf7-id=\"3825\">\n<div class=\"screen-reader-response\"><p role=\"status\" aria-live=\"polite\" aria-atomic=\"true\"><\/p> <ul><\/ul><\/div>\n<form action=\"\/ulcWeb\/wp-json\/wp\/v2\/pages\/3625#wpcf7-f3825-o1\" method=\"post\" class=\"wpcf7-form init\" aria-label=\"Contact form\" novalidate=\"novalidate\" data-status=\"init\">\n<div style=\"display: none;\">\n<input type=\"hidden\" name=\"_wpcf7\" value=\"3825\" \/>\n<input type=\"hidden\" name=\"_wpcf7_version\" value=\"6.0.6\" \/>\n<input type=\"hidden\" name=\"_wpcf7_locale\" value=\"es_PE\" \/>\n<input type=\"hidden\" name=\"_wpcf7_unit_tag\" value=\"wpcf7-f3825-o1\" \/>\n<input type=\"hidden\" name=\"_wpcf7_container_post\" value=\"0\" \/>\n<input type=\"hidden\" name=\"_wpcf7_posted_data_hash\" value=\"\" \/>\n<\/div>\n<p><label> Ingresar Apellidos Nombres<br \/>\n<span class=\"wpcf7-form-control-wrap\" data-name=\"your-name\"><input size=\"40\" maxlength=\"400\" class=\"wpcf7-form-control wpcf7-text wpcf7-validates-as-required\" aria-required=\"true\" aria-invalid=\"false\" value=\"\" type=\"text\" name=\"your-name\" \/><\/span> <\/label>\n<\/p>\n<p><label> Correo Electr\u00f3nico<br \/>\n<span class=\"wpcf7-form-control-wrap\" data-name=\"your-email\"><input size=\"40\" maxlength=\"400\" class=\"wpcf7-form-control wpcf7-email wpcf7-validates-as-required wpcf7-text wpcf7-validates-as-email\" aria-required=\"true\" aria-invalid=\"false\" value=\"\" type=\"email\" name=\"your-email\" \/><\/span> <\/label>\n<\/p>\n<p><label> N\u00famero Telef\u00f3nico<br \/>\n<span class=\"wpcf7-form-control-wrap\" data-name=\"number-123\"><input class=\"wpcf7-form-control wpcf7-number wpcf7-validates-as-number\" min=\"6\" max=\"9\" aria-invalid=\"false\" value=\"\" type=\"number\" name=\"number-123\" \/><\/span> <\/label>\n<\/p>\n<p><label> Asunto<br \/>\n<span class=\"wpcf7-form-control-wrap\" data-name=\"your-subject\"><input size=\"40\" maxlength=\"400\" class=\"wpcf7-form-control wpcf7-text\" aria-invalid=\"false\" value=\"\" type=\"text\" name=\"your-subject\" \/><\/span> <\/label>\n<\/p>\n<p><label> Consulta<br \/>\n<span class=\"wpcf7-form-control-wrap\" data-name=\"your-message\"><textarea cols=\"40\" rows=\"10\" maxlength=\"2000\" class=\"wpcf7-form-control wpcf7-textarea\" aria-invalid=\"false\" name=\"your-message\"><\/textarea><\/span> <\/label>\n<\/p>\n<p><input class=\"wpcf7-form-control wpcf7-submit has-spinner\" type=\"submit\" value=\"Enviar Consulta a la Oficina\" \/>\n<\/p><div class=\"wpcf7-response-output\" aria-hidden=\"true\"><\/div>\n<\/form>\n<\/div>\n[\/vc_tta_section][\/vc_tta_tour][\/vc_column][vc_column width=&#8221;1\/3&#8243;][vc_column_text][\/vc_column_text][vc_text_separator title=&#8221;Facebook OFICIAL&#8221; title_align=&#8221;separator_align_left&#8221; align=&#8221;align_left&#8221; color=&#8221;juicy_pink&#8221; border_width=&#8221;2&#8243;][vc_raw_html]JTNDaWZyYW1lJTIwc3JjJTNEJTIyaHR0cHMlM0ElMkYlMkZ3d3cuZmFjZWJvb2suY29tJTJGcGx1Z2lucyUyRnBhZ2UucGhwJTNGaHJlZiUzRGh0dHBzJTI1M0ElMjUyRiUyNTJGd3d3LmZhY2Vib29rLmNvbSUyNTJGVUxDSU1BJTI2dGFicyUzRHRpbWVsaW5lJTI2d2lkdGglM0QzNDAlMjZoZWlnaHQlM0Q1MDAlMjZzbWFsbF9oZWFkZXIlM0RmYWxzZSUyNmFkYXB0X2NvbnRhaW5lcl93aWR0aCUzRHRydWUlMjZoaWRlX2NvdmVyJTNEZmFsc2UlMjZzaG93X2ZhY2VwaWxlJTNEdHJ1ZSUyNmFwcElkJTNEMjIzODIxNzgxNjQ3ODkwJTIyJTIwd2lkdGglM0QlMjIzNDAlMjIlMjBoZWlnaHQlM0QlMjI1MDAlMjIlMjBzdHlsZSUzRCUyMmJvcmRlciUzQW5vbmUlM0JvdmVyZmxvdyUzQWhpZGRlbiUyMiUyMHNjcm9sbGluZyUzRCUyMm5vJTIyJTIwZnJhbWVib3JkZXIlM0QlMjIwJTIyJTIwYWxsb3dUcmFuc3BhcmVuY3klM0QlMjJ0cnVlJTIyJTIwYWxsb3clM0QlMjJlbmNyeXB0ZWQtbWVkaWElMjIlM0UlM0MlMkZpZnJhbWUlM0U=[\/vc_raw_html][vc_facebook type=&#8221;button_count&#8221;][vc_text_separator title=&#8221;Fotos&#8221; title_align=&#8221;separator_align_left&#8221; align=&#8221;align_left&#8221; color=&#8221;juicy_pink&#8221; border_width=&#8221;2&#8243;][\/vc_column][\/vc_row][vc_row][vc_column width=&#8221;5\/6&#8243;][vc_column_text][\/vc_column_text][vc_text_separator title=&#8221;Eventos Relacionados&#8221; align=&#8221;align_left&#8221; color=&#8221;juicy_pink&#8221; border_width=&#8221;2&#8243;][stm_news loop=&#8221;size:3|post_type:post|categories:71&#8243; posts_per_row=&#8221;3&#8243;][\/vc_column][vc_column width=&#8221;1\/6&#8243;][vc_column_text][\/vc_column_text][vc_images_carousel images=&#8221;3843&#8243; img_size=&#8221;150&#215;150&#8243;][vc_text_separator title=&#8221;Ver Galeria&#8221; title_align=&#8221;separator_align_right&#8221; align=&#8221;align_left&#8221; color=&#8221;juicy_pink&#8221; border_width=&#8221;2&#8243;][\/vc_column][\/vc_row][vc_row css=&#8221;.vc_custom_1536337410984{background-color: #ffffff !important;}&#8221;][vc_column][vc_text_separator title=&#8221;Personal Encargado&#8221; align=&#8221;align_left&#8221; color=&#8221;juicy_pink&#8221; border_width=&#8221;2&#8243;][vc_row_inner][vc_column_inner][vc_single_image image=&#8221;5826&#8243; alignment=&#8221;center&#8221;][vc_custom_heading text=&#8221;Jefe de la Oficina de Infraestructura&#8221; font_container=&#8221;tag:h4|text_align:center&#8221; use_theme_fonts=&#8221;yes&#8221; subtitle=&#8221;Ing. Fredi Teodoro Limache Luque&#8221;][\/vc_column_inner][\/vc_row_inner][vc_column_text]\n[\/vc_column_text][\/vc_column][\/vc_row]\n<\/div>","protected":false},"excerpt":{"rendered":"<p>[vc_row full_width=&#8221;stretch_row&#8221; css=&#8221;.vc_custom_1536590054960{padding-top: 250px !important;padding-bottom: 50px !important;background-image: url(http:\/\/ulc.edu.pe\/ulcWeb\/wp-content\/uploads\/2018\/09\/ULC_LOGO_Oficina-de-Oficina-de-IN_BANER.jpg?id=3843) !important;background-position: center !important;background-repeat: no-repeat !important;background-size: cover !important;}&#8221; el_class=&#8221;overlay fixed_bg&#8221;][vc_column][vc_custom_heading text=&#8221;Oficina de Infraestructura&#8221; font_container=&#8221;tag:h1|text_align:left|color:%23ffffff&#8221; use_theme_fonts=&#8221;yes&#8221; subtitle_color=&#8221;#ffffff&#8221; subtitle=&#8221;Programaci\u00f3n, ejecuci\u00f3n y control de proyectos, obras y edificaciones de la ULC &#8220;][\/vc_column][\/vc_row][vc_row][vc_column width=&#8221;2\/3&#8243;][vc_column_text][\/vc_column_text][vc_tta_tour color=&#8221;juicy-pink&#8221; active_section=&#8221;1&#8243;][vc_tta_section title=&#8221;Presentaci\u00f3n&#8221; tab_id=&#8221;1534871309621-c2172cfb-bdc1&#8243;][vc_text_separator title=&#8221;Definici\u00f3n&#8221; title_align=&#8221;separator_align_left&#8221; align=&#8221;align_left&#8221; color=&#8221;juicy_pink&#8221; border_width=&#8221;2&#8243;][vc_column_text]La Oficina de Infraestructura, Log\u00edstica y Servicios Generales, es el [&hellip;]<\/p>\n","protected":false},"author":3,"featured_media":0,"parent":0,"menu_order":0,"comment_status":"closed","ping_status":"closed","template":"","meta":{"footnotes":""},"class_list":["post-3625","page","type-page","status-publish","hentry"],"_links":{"self":[{"href":"https:\/\/ulc.edu.pe\/ulcWeb\/wp-json\/wp\/v2\/pages\/3625","targetHints":{"allow":["GET"]}}],"collection":[{"href":"https:\/\/ulc.edu.pe\/ulcWeb\/wp-json\/wp\/v2\/pages"}],"about":[{"href":"https:\/\/ulc.edu.pe\/ulcWeb\/wp-json\/wp\/v2\/types\/page"}],"author":[{"embeddable":true,"href":"https:\/\/ulc.edu.pe\/ulcWeb\/wp-json\/wp\/v2\/users\/3"}],"replies":[{"embeddable":true,"href":"https:\/\/ulc.edu.pe\/ulcWeb\/wp-json\/wp\/v2\/comments?post=3625"}],"version-history":[{"count":11,"href":"https:\/\/ulc.edu.pe\/ulcWeb\/wp-json\/wp\/v2\/pages\/3625\/revisions"}],"predecessor-version":[{"id":6228,"href":"https:\/\/ulc.edu.pe\/ulcWeb\/wp-json\/wp\/v2\/pages\/3625\/revisions\/6228"}],"wp:attachment":[{"href":"https:\/\/ulc.edu.pe\/ulcWeb\/wp-json\/wp\/v2\/media?parent=3625"}],"curies":[{"name":"wp","href":"https:\/\/api.w.org\/{rel}","templated":true}]}}