{"id":3623,"date":"2018-09-03T16:34:51","date_gmt":"2018-09-03T16:34:51","guid":{"rendered":"http:\/\/ulc.edu.pe\/?page_id=3623"},"modified":"2022-09-29T23:49:53","modified_gmt":"2022-09-29T23:49:53","slug":"oficina-economia-y-finanzas","status":"publish","type":"page","link":"https:\/\/ulc.edu.pe\/ulcWeb\/oficina-economia-y-finanzas\/","title":{"rendered":"Oficina de Contabilidad y Tesorer\u00eda"},"content":{"rendered":"<div class=\"wpb-content-wrapper\">[vc_row full_width=&#8221;stretch_row&#8221; css=&#8221;.vc_custom_1601435077353{margin-top: -110px !important;padding-top: 250px !important;padding-bottom: 50px !important;background-image: url(http:\/\/ulc.edu.pe\/ulcWeb\/wp-content\/uploads\/2018\/09\/ULC_LOGO_Oficina-de-Oficina-de-Econom\u00eda-y-Finanzas_BANER.jpg?id=3805) !important;background-position: center !important;background-repeat: no-repeat !important;background-size: cover !important;}&#8221; el_class=&#8221;overlay fixed_bg&#8221;][vc_column][vc_custom_heading text=&#8221;Oficina de Contabilidad y Tesorer\u00eda&#8221; font_container=&#8221;tag:h1|text_align:left|color:%23ffffff&#8221; use_theme_fonts=&#8221;yes&#8221; subtitle_color=&#8221;#ffffff&#8221; subtitle=&#8221;Servicio de calidad en el manejo financiero de la ULC&#8221;][\/vc_column][\/vc_row][vc_row][vc_column width=&#8221;2\/3&#8243;][vc_column_text][\/vc_column_text][vc_tta_tour active_section=&#8221;1&#8243; color=&#8221;juicy-pink&#8221;][vc_tta_section title=&#8221;Presentaci\u00f3n&#8221; tab_id=&#8221;1534871309621-c2172cfb-bdc1&#8243;][vc_text_separator title=&#8221;Definici\u00f3n&#8221; title_align=&#8221;separator_align_left&#8221; align=&#8221;align_left&#8221; color=&#8221;juicy_pink&#8221; border_width=&#8221;2&#8243;][vc_column_text]La Oficina de Contabilidad y Tesorer\u00eda es un \u00f3rgano de apoyo de car\u00e1cter t\u00e9cnico econ\u00f3mico contable y financiero, encargada de conducir el desarrollo de los sistemas de Contabilidad y Tesorer\u00eda, as\u00ed como el control de la ejecuci\u00f3n presupuestal.[\/vc_column_text][\/vc_tta_section][vc_tta_section title=&#8221;Funciones&#8221; tab_id=&#8221;1573051527492-330e9479-6a00&#8243;][vc_text_separator title=&#8221;Funciones&#8221; title_align=&#8221;separator_align_left&#8221; align=&#8221;align_left&#8221; color=&#8221;juicy_pink&#8221; border_width=&#8221;2&#8243;][vc_column_text]Son funciones de la Oficina de Contabilidad y Tesorer\u00eda:<\/p>\n<ol>\n<li style=\"list-style-type: none;\">\n<ol>\n<li>Participar en la formulaci\u00f3n del presupuesto de la Universidad en coordinaci\u00f3n con la Oficina de Planificaci\u00f3n y Presupuesto, las Facultades del presupuesto institucional.<\/li>\n<li>Gestionar la obtenci\u00f3n de los recursos financieros externos; realizar la recaudaci\u00f3n y cobro de los ingresos provenientes de las actividades propias de la Universidad, coordinar, supervisar y consolidar la administraci\u00f3n de los ingresos y egresos cuya desconcentraci\u00f3n ha sido autorizada.<\/li>\n<li>Proponer y supervisar la sistematizaci\u00f3n de los ingresos y egresos de los fondos de la Universidad, as\u00ed como el manejo del plan contable, conforme a las normas de tesorer\u00eda, contabilidad general y auditoria aplicadas de manera general.<\/li>\n<li>Elaborar el Balance del ejercicio y preparar los estados financieros, as\u00ed como los resultados estad\u00edsticos y los informes correspondientes de acuerdo a las normas de presupuesto, contabilidad y control.<\/li>\n<li>Regular, priorizar y autorizar la ejecuci\u00f3n de los pagos y efectuar el control de las cuentas bancarias.<\/li>\n<li>Efectuar la autorizaci\u00f3n de los compromisos de pago y verificar el correcto uso de los recursos, en funci\u00f3n del control previo y concerniente, determinado por las normas de control.<\/li>\n<li>Organizar y mantener actualizado el registro, valorizaci\u00f3n, estados e inventarios de los bienes del patrimonio, mobiliario e inmobiliario de la Universidad.<\/li>\n<li>Opinar sobre la capacidad econ\u00f3mico-financiero de la Universidad en operaciones de endeudamiento y de obligaciones.<\/li>\n<li>Dirigir, coordinar, consolidar y formular la preparaci\u00f3n de la planilla \u00fanica de pagos del personal docente, administrativo y de servicios, as\u00ed como elaborar las liquidaciones de beneficios laborales en los plazos de Ley.<\/li>\n<li>Procesar el pago de las remuneraciones y beneficios laborales del personal docente y administrativo.<\/li>\n<li>Organizar y supervisar, la aplicaci\u00f3n de las normas, directiva y t\u00e9cnicas de contabilidad aplicadas a universidades privadas.<\/li>\n<li>Responsabilizarse de los procesos t\u00e9cnicos de contabilidad conforme al Plan Contable y a las normas y directivas de los sistemas de contabilidad y normas t\u00e9cnicas de control.<\/li>\n<li>Efectuar el seguimiento de la ejecuci\u00f3n presupuestal de la ULC y formular los estados correspondientes.<\/li>\n<li>Llevar a cabo la verificaci\u00f3n de los conceptos de ingresos y gastos contenidos en los documentos contables y emitir las notas de contabilidad correspondientes.<\/li>\n<li>Efectuar los registros y asientos en los libros de contabilidad, analizar las cuentas y saldos y formular los balances mensuales de comprobaci\u00f3n.<\/li>\n<li>Elaborar el Balance del Ejercicio, preparar los estados financieros e informes, as\u00ed como la informaci\u00f3n estad\u00edstica de acuerdo con las normas de presupuesto, contabilidad y control.<\/li>\n<li>Conducir las acciones de registro, sistematizaci\u00f3n, inventario actualizado y control del patrimonio mobiliario e inmobiliario de la Universidad, as\u00ed como la supervisi\u00f3n de la aplicaci\u00f3n del plan de obras y adquisici\u00f3n de activos fijos.<\/li>\n<li>Organizar, realizar y supervisar la gesti\u00f3n de los ingresos provenientes de los Ingresos Corrientes y la recaudaci\u00f3n de los recursos propios de la Universidad.<\/li>\n<li>Organizar, realizar, supervisar y controlar el movimiento de pagos de la ULC, as\u00ed como de financiamiento de fondos rotativos o de caja chica debidamente autorizados.<\/li>\n<li>Coordinar, supervisar y consolidar las cuentas, registros, inventarios y estados de los ingresos y egresos que se administran en forma centralizada y las de forma desconcentrada.<\/li>\n<li>Proponer las normas, manuales y formatos sobre obtenci\u00f3n, seguridad y uso de los fondos de la ULC y supervisar su cumplimiento, teniendo en consideraci\u00f3n las disposiciones de desconcentraci\u00f3n que se establezcan.<\/li>\n<li>Responsabilizarse de los dep\u00f3sitos de dinero, cheques y otros t\u00edtulos o valores de la Universidad en el sistema financiero, conforme a Ley; as\u00ed como ejecutar las conciliaciones bancarias que correspondan.<\/li>\n<\/ol>\n<\/li>\n<\/ol>\n[\/vc_column_text][\/vc_tta_section][vc_tta_section title=&#8221;Reglamentos y Documentos&#8221; tab_id=&#8221;1534891783884-77b152d5-4ed7&#8243;][vc_text_separator title=&#8221;Reglamentos&#8221; title_align=&#8221;separator_align_left&#8221; align=&#8221;align_left&#8221; color=&#8221;juicy_pink&#8221; border_width=&#8221;2&#8243;][vc_btn title=&#8221;`{`descargar`}` Reglamento de Econom\u00eda y Finanzas&#8221; size=&#8221;sm&#8221; align=&#8221;left&#8221; i_icon_fontawesome=&#8221;fa fa-file-pdf-o&#8221; css_animation=&#8221;left-to-right&#8221; button_block=&#8221;true&#8221; add_icon=&#8221;true&#8221; el_class=&#8221;font-weight: normal&#8221; link=&#8221;||target:%20_blank&#8221;][vc_text_separator title=&#8221;Documentos de Gesti\u00f3n&#8221; title_align=&#8221;separator_align_left&#8221; align=&#8221;align_left&#8221; color=&#8221;juicy_pink&#8221; border_width=&#8221;2&#8243;][vc_btn title=&#8221;`{`descargar`}` Documentos&#8221; size=&#8221;sm&#8221; align=&#8221;left&#8221; i_icon_fontawesome=&#8221;fa fa-file-pdf-o&#8221; css_animation=&#8221;left-to-right&#8221; button_block=&#8221;true&#8221; add_icon=&#8221;true&#8221; el_class=&#8221;font-weight: normal&#8221; link=&#8221;||target:%20_blank&#8221;][\/vc_tta_section][vc_tta_section title=&#8221;Organigrama&#8221; tab_id=&#8221;1536334997350-5d2e2d23-a813&#8243;][vc_text_separator title=&#8221;Oficinas a Cargo&#8221; title_align=&#8221;separator_align_left&#8221; align=&#8221;align_left&#8221; color=&#8221;juicy_pink&#8221; border_width=&#8221;2&#8243;][vc_icon icon_fontawesome=&#8221;fa fa-users&#8221; color=&#8221;juicy_pink&#8221; size=&#8221;lg&#8221; align=&#8221;center&#8221;][vc_custom_heading text=&#8221;GERENCIA GENERAL&#8221; font_container=&#8221;tag:p|text_align:center&#8221; use_theme_fonts=&#8221;yes&#8221;][vc_icon icon_fontawesome=&#8221;fa fa-user&#8221; color=&#8221;juicy_pink&#8221; size=&#8221;lg&#8221; align=&#8221;center&#8221;][vc_custom_heading text=&#8221;OFICINA DE ECONOM\u00cdA Y FINANZAS&#8221; font_container=&#8221;tag:p|text_align:center&#8221; use_theme_fonts=&#8221;yes&#8221;][vc_row_inner][vc_column_inner width=&#8221;1\/3&#8243;][vc_icon icon_fontawesome=&#8221;stm-user&#8221; color=&#8221;juicy_pink&#8221; size=&#8221;lg&#8221; align=&#8221;center&#8221;][vc_custom_heading text=&#8221;UNIDAD DE FINANZAS&#8221; font_container=&#8221;tag:p|text_align:center&#8221; use_theme_fonts=&#8221;yes&#8221;][\/vc_column_inner][vc_column_inner width=&#8221;1\/3&#8243;][vc_icon icon_fontawesome=&#8221;stm-user&#8221; color=&#8221;juicy_pink&#8221; size=&#8221;lg&#8221; align=&#8221;center&#8221;][vc_custom_heading text=&#8221;UNIDAD DE CONTABILIDAD&#8221; font_container=&#8221;tag:p|text_align:center&#8221; use_theme_fonts=&#8221;yes&#8221;][\/vc_column_inner][vc_column_inner width=&#8221;1\/3&#8243;][vc_icon icon_fontawesome=&#8221;stm-user&#8221; color=&#8221;juicy_pink&#8221; size=&#8221;lg&#8221; align=&#8221;center&#8221;][vc_custom_heading text=&#8221;UNIDAD DE TESORER\u00cdA&#8221; font_container=&#8221;tag:p|text_align:center&#8221; use_theme_fonts=&#8221;yes&#8221;][\/vc_column_inner][\/vc_row_inner][\/vc_tta_section][vc_tta_section title=&#8221;\u00c1rea de Ubicaci\u00f3n&#8221; tab_id=&#8221;1536121170921-baab26ef-d122&#8243;][vc_text_separator title=&#8221;\u00c1rea de Ubicaci\u00f3n&#8221; title_align=&#8221;separator_align_left&#8221; align=&#8221;align_left&#8221; color=&#8221;juicy_pink&#8221; border_width=&#8221;2&#8243;][vc_custom_heading text=&#8221;PABELL\u00d3N C &#8211; PRIMER PISO &#8211; OFICINAS &#8211; \u00c1REA 101&#8243; font_container=&#8221;tag:h4|text_align:left&#8221; use_theme_fonts=&#8221;yes&#8221;][vc_btn title=&#8221;`{`descargar`}` Ubicaci\u00f3n F\u00edsica de la Oficina&#8221; size=&#8221;sm&#8221; align=&#8221;left&#8221; i_icon_fontawesome=&#8221;fa fa-file-pdf-o&#8221; css_animation=&#8221;left-to-right&#8221; button_block=&#8221;true&#8221; add_icon=&#8221;true&#8221; el_class=&#8221;font-weight: normal&#8221; link=&#8221;||target:%20_blank&#8221;][vc_row_inner][vc_column_inner width=&#8221;1\/6&#8243;][vc_icon icon_fontawesome=&#8221;stm-stm14_office&#8221; color=&#8221;juicy_pink&#8221; css=&#8221;.vc_custom_1575651022381{margin-left: 20px !important;}&#8221;][\/vc_column_inner][vc_column_inner width=&#8221;5\/6&#8243;][vc_column_text css=&#8221;.vc_custom_1575652497608{margin-top: 20px !important;}&#8221;]<a href=\"http:\/\/ulc.edu.pe\/mapa-campus-ulc\/?location=tesoreria\">Ir Mapa Campus ULC<\/a><\/p>\n[\/vc_column_text][\/vc_column_inner][\/vc_row_inner][\/vc_tta_section][vc_tta_section title=&#8221;Contacto&#8221; tab_id=&#8221;1536335072756-d2d907a0-4e1b&#8221;][vc_text_separator title=&#8221;Horario de Atenci\u00f3n&#8221; title_align=&#8221;separator_align_left&#8221; align=&#8221;align_left&#8221; color=&#8221;juicy_pink&#8221; border_width=&#8221;2&#8243;][vc_column_text]\n<table style=\"height: 96px;\">\n<tbody>\n<tr style=\"height: 24px;\">\n<td style=\"text-align: center; height: 24px; width: 117px;\"><strong>D\u00cdAS<\/strong><\/td>\n<td style=\"text-align: center; height: 24px; width: 94px;\"><strong>TURNO<\/strong><\/td>\n<td style=\"text-align: center; height: 24px; width: 194px;\"><strong>HORAS<\/strong><\/td>\n<\/tr>\n<tr style=\"height: 72px;\">\n<td style=\"text-align: center; height: 72px; width: 117px;\">LUNES<\/p>\n<p>VIERNES<\/td>\n<td style=\"text-align: center; height: 72px; width: 94px;\">Ma\u00f1ana<\/td>\n<td style=\"text-align: center; height: 72px; width: 194px;\">07:30 AM<br \/>\n12:30 AM<\/td>\n<\/tr>\n<tr>\n<td style=\"text-align: center; width: 117px;\">LUNES<\/p>\n<p>VIERNES<\/td>\n<td style=\"text-align: center; width: 94px;\">Tarde<\/td>\n<td style=\"text-align: center; width: 194px;\">04:00 PM<br \/>\n07:00 PM<\/td>\n<\/tr>\n<tr>\n<td style=\"text-align: center; width: 117px;\">S\u00c1BADO<\/td>\n<td style=\"text-align: center; width: 94px;\">Ma\u00f1ana<\/td>\n<td style=\"text-align: center; width: 194px;\">08:00 AM<br \/>\n12:00 AM<\/td>\n<\/tr>\n<\/tbody>\n<\/table>\n[\/vc_column_text][vc_text_separator title=&#8221;Puedes Comunicarte&#8221; title_align=&#8221;separator_align_left&#8221; align=&#8221;align_left&#8221; color=&#8221;juicy_pink&#8221; border_width=&#8221;2&#8243;][vc_row_inner][vc_column_inner width=&#8221;1\/2&#8243;][vc_custom_heading text=&#8221;Correo Electr\u00f3nico&#8221; font_container=&#8221;tag:h4|text_align:left&#8221; use_theme_fonts=&#8221;yes&#8221;][vc_column_text]\n<ul>\n<li>dmachaca@ulc.edu.pe<\/li>\n<li>jcarrero@ulc.edu.pe<\/li>\n<\/ul>\n[\/vc_column_text][\/vc_column_inner][vc_column_inner width=&#8221;1\/2&#8243;][vc_custom_heading text=&#8221;Tel\u00e9fono&#8221; font_container=&#8221;tag:h4|text_align:left&#8221; use_theme_fonts=&#8221;yes&#8221;][vc_column_text]\n<ul>\n<li>(052) 412140<\/li>\n<\/ul>\n[\/vc_column_text][\/vc_column_inner][\/vc_row_inner][\/vc_tta_section][vc_tta_section title=&#8221;Enviar Consulta Directa&#8221; tab_id=&#8221;1536335130794-9adc5c6f-ed46&#8243;][vc_text_separator title=&#8221;Puede enviar su consulta y nos pondremos en contacto&#8221; title_align=&#8221;separator_align_left&#8221; align=&#8221;align_left&#8221; color=&#8221;juicy_pink&#8221; border_width=&#8221;2&#8243;]\n<div class=\"wpcf7 no-js\" id=\"wpcf7-f3825-o1\" lang=\"es-PE\" dir=\"ltr\" data-wpcf7-id=\"3825\">\n<div class=\"screen-reader-response\"><p role=\"status\" aria-live=\"polite\" aria-atomic=\"true\"><\/p> <ul><\/ul><\/div>\n<form action=\"\/ulcWeb\/wp-json\/wp\/v2\/pages\/3623#wpcf7-f3825-o1\" method=\"post\" class=\"wpcf7-form init\" aria-label=\"Contact form\" novalidate=\"novalidate\" data-status=\"init\">\n<div style=\"display: none;\">\n<input type=\"hidden\" name=\"_wpcf7\" value=\"3825\" \/>\n<input type=\"hidden\" name=\"_wpcf7_version\" value=\"6.0.6\" \/>\n<input type=\"hidden\" name=\"_wpcf7_locale\" value=\"es_PE\" \/>\n<input type=\"hidden\" name=\"_wpcf7_unit_tag\" value=\"wpcf7-f3825-o1\" \/>\n<input type=\"hidden\" name=\"_wpcf7_container_post\" value=\"0\" \/>\n<input type=\"hidden\" name=\"_wpcf7_posted_data_hash\" value=\"\" \/>\n<\/div>\n<p><label> Ingresar Apellidos Nombres<br \/>\n<span class=\"wpcf7-form-control-wrap\" data-name=\"your-name\"><input size=\"40\" maxlength=\"400\" class=\"wpcf7-form-control wpcf7-text wpcf7-validates-as-required\" aria-required=\"true\" aria-invalid=\"false\" value=\"\" type=\"text\" name=\"your-name\" \/><\/span> <\/label>\n<\/p>\n<p><label> Correo Electr\u00f3nico<br \/>\n<span class=\"wpcf7-form-control-wrap\" data-name=\"your-email\"><input size=\"40\" maxlength=\"400\" class=\"wpcf7-form-control wpcf7-email wpcf7-validates-as-required wpcf7-text wpcf7-validates-as-email\" aria-required=\"true\" aria-invalid=\"false\" value=\"\" type=\"email\" name=\"your-email\" \/><\/span> <\/label>\n<\/p>\n<p><label> N\u00famero Telef\u00f3nico<br \/>\n<span class=\"wpcf7-form-control-wrap\" data-name=\"number-123\"><input class=\"wpcf7-form-control wpcf7-number wpcf7-validates-as-number\" min=\"6\" max=\"9\" aria-invalid=\"false\" value=\"\" type=\"number\" name=\"number-123\" \/><\/span> <\/label>\n<\/p>\n<p><label> Asunto<br \/>\n<span class=\"wpcf7-form-control-wrap\" data-name=\"your-subject\"><input size=\"40\" maxlength=\"400\" class=\"wpcf7-form-control wpcf7-text\" aria-invalid=\"false\" value=\"\" type=\"text\" name=\"your-subject\" \/><\/span> <\/label>\n<\/p>\n<p><label> Consulta<br \/>\n<span class=\"wpcf7-form-control-wrap\" data-name=\"your-message\"><textarea cols=\"40\" rows=\"10\" maxlength=\"2000\" class=\"wpcf7-form-control wpcf7-textarea\" aria-invalid=\"false\" name=\"your-message\"><\/textarea><\/span> <\/label>\n<\/p>\n<p><input class=\"wpcf7-form-control wpcf7-submit has-spinner\" type=\"submit\" value=\"Enviar Consulta a la Oficina\" \/>\n<\/p><div class=\"wpcf7-response-output\" aria-hidden=\"true\"><\/div>\n<\/form>\n<\/div>\n[\/vc_tta_section][\/vc_tta_tour][\/vc_column][vc_column width=&#8221;1\/3&#8243;][vc_column_text][\/vc_column_text][vc_text_separator title=&#8221;Facebook OFICIAL&#8221; title_align=&#8221;separator_align_left&#8221; align=&#8221;align_left&#8221; color=&#8221;juicy_pink&#8221; border_width=&#8221;2&#8243;][vc_raw_html]JTNDaWZyYW1lJTIwc3JjJTNEJTIyaHR0cHMlM0ElMkYlMkZ3d3cuZmFjZWJvb2suY29tJTJGcGx1Z2lucyUyRnBhZ2UucGhwJTNGaHJlZiUzRGh0dHBzJTI1M0ElMjUyRiUyNTJGd3d3LmZhY2Vib29rLmNvbSUyNTJGVUxDSU1BJTI2dGFicyUzRHRpbWVsaW5lJTI2d2lkdGglM0QzNDAlMjZoZWlnaHQlM0Q1MDAlMjZzbWFsbF9oZWFkZXIlM0RmYWxzZSUyNmFkYXB0X2NvbnRhaW5lcl93aWR0aCUzRHRydWUlMjZoaWRlX2NvdmVyJTNEZmFsc2UlMjZzaG93X2ZhY2VwaWxlJTNEdHJ1ZSUyNmFwcElkJTNEMjIzODIxNzgxNjQ3ODkwJTIyJTIwd2lkdGglM0QlMjIzNDAlMjIlMjBoZWlnaHQlM0QlMjI1MDAlMjIlMjBzdHlsZSUzRCUyMmJvcmRlciUzQW5vbmUlM0JvdmVyZmxvdyUzQWhpZGRlbiUyMiUyMHNjcm9sbGluZyUzRCUyMm5vJTIyJTIwZnJhbWVib3JkZXIlM0QlMjIwJTIyJTIwYWxsb3dUcmFuc3BhcmVuY3klM0QlMjJ0cnVlJTIyJTIwYWxsb3clM0QlMjJlbmNyeXB0ZWQtbWVkaWElMjIlM0UlM0MlMkZpZnJhbWUlM0U=[\/vc_raw_html][vc_facebook type=&#8221;button_count&#8221;][vc_text_separator title=&#8221;Fotos&#8221; title_align=&#8221;separator_align_left&#8221; align=&#8221;align_left&#8221; color=&#8221;juicy_pink&#8221; border_width=&#8221;2&#8243;][\/vc_column][\/vc_row][vc_row][vc_column width=&#8221;5\/6&#8243;][vc_column_text][\/vc_column_text][vc_text_separator title=&#8221;Eventos Relacionados&#8221; align=&#8221;align_left&#8221; color=&#8221;juicy_pink&#8221; border_width=&#8221;2&#8243;][\/vc_column][vc_column width=&#8221;1\/6&#8243;][vc_column_text][\/vc_column_text][vc_images_carousel images=&#8221;3805&#8243; img_size=&#8221;150&#215;150&#8243;][vc_text_separator title=&#8221;Ver Galeria&#8221; title_align=&#8221;separator_align_right&#8221; align=&#8221;align_left&#8221; color=&#8221;juicy_pink&#8221; border_width=&#8221;2&#8243;][\/vc_column][\/vc_row][vc_row css=&#8221;.vc_custom_1536337410984{background-color: #ffffff !important;}&#8221;][vc_column][vc_text_separator title=&#8221;Personal Encargado&#8221; align=&#8221;align_left&#8221; color=&#8221;juicy_pink&#8221; border_width=&#8221;2&#8243;][vc_row_inner][vc_column_inner][vc_single_image image=&#8221;3422&#8243; alignment=&#8221;center&#8221;][vc_custom_heading text=&#8221;Jefe de la Oficina de Contabilidad y Tesorer\u00eda&#8221; font_container=&#8221;tag:h4|text_align:center&#8221; use_theme_fonts=&#8221;yes&#8221; subtitle=&#8221;C.P.C. Daysi Machaca Platero&#8221;][\/vc_column_inner][\/vc_row_inner][vc_column_text]\n[\/vc_column_text][\/vc_column][\/vc_row]\n<\/div>","protected":false},"excerpt":{"rendered":"<p>[vc_row full_width=&#8221;stretch_row&#8221; css=&#8221;.vc_custom_1601435077353{margin-top: -110px !important;padding-top: 250px !important;padding-bottom: 50px !important;background-image: url(http:\/\/ulc.edu.pe\/ulcWeb\/wp-content\/uploads\/2018\/09\/ULC_LOGO_Oficina-de-Oficina-de-Econom\u00eda-y-Finanzas_BANER.jpg?id=3805) !important;background-position: center !important;background-repeat: no-repeat !important;background-size: cover !important;}&#8221; el_class=&#8221;overlay fixed_bg&#8221;][vc_column][vc_custom_heading text=&#8221;Oficina de Contabilidad y Tesorer\u00eda&#8221; font_container=&#8221;tag:h1|text_align:left|color:%23ffffff&#8221; use_theme_fonts=&#8221;yes&#8221; subtitle_color=&#8221;#ffffff&#8221; subtitle=&#8221;Servicio de calidad en el manejo financiero de la ULC&#8221;][\/vc_column][\/vc_row][vc_row][vc_column width=&#8221;2\/3&#8243;][vc_column_text][\/vc_column_text][vc_tta_tour active_section=&#8221;1&#8243; color=&#8221;juicy-pink&#8221;][vc_tta_section title=&#8221;Presentaci\u00f3n&#8221; tab_id=&#8221;1534871309621-c2172cfb-bdc1&#8243;][vc_text_separator title=&#8221;Definici\u00f3n&#8221; title_align=&#8221;separator_align_left&#8221; align=&#8221;align_left&#8221; color=&#8221;juicy_pink&#8221; border_width=&#8221;2&#8243;][vc_column_text]La Oficina de Contabilidad y Tesorer\u00eda es un \u00f3rgano [&hellip;]<\/p>\n","protected":false},"author":3,"featured_media":0,"parent":0,"menu_order":0,"comment_status":"closed","ping_status":"closed","template":"","meta":{"footnotes":""},"class_list":["post-3623","page","type-page","status-publish","hentry"],"_links":{"self":[{"href":"https:\/\/ulc.edu.pe\/ulcWeb\/wp-json\/wp\/v2\/pages\/3623","targetHints":{"allow":["GET"]}}],"collection":[{"href":"https:\/\/ulc.edu.pe\/ulcWeb\/wp-json\/wp\/v2\/pages"}],"about":[{"href":"https:\/\/ulc.edu.pe\/ulcWeb\/wp-json\/wp\/v2\/types\/page"}],"author":[{"embeddable":true,"href":"https:\/\/ulc.edu.pe\/ulcWeb\/wp-json\/wp\/v2\/users\/3"}],"replies":[{"embeddable":true,"href":"https:\/\/ulc.edu.pe\/ulcWeb\/wp-json\/wp\/v2\/comments?post=3623"}],"version-history":[{"count":22,"href":"https:\/\/ulc.edu.pe\/ulcWeb\/wp-json\/wp\/v2\/pages\/3623\/revisions"}],"predecessor-version":[{"id":7971,"href":"https:\/\/ulc.edu.pe\/ulcWeb\/wp-json\/wp\/v2\/pages\/3623\/revisions\/7971"}],"wp:attachment":[{"href":"https:\/\/ulc.edu.pe\/ulcWeb\/wp-json\/wp\/v2\/media?parent=3623"}],"curies":[{"name":"wp","href":"https:\/\/api.w.org\/{rel}","templated":true}]}}