{"id":3364,"date":"2018-04-26T15:53:43","date_gmt":"2018-04-26T15:53:43","guid":{"rendered":"http:\/\/ulc.edu.pe\/?page_id=3364"},"modified":"2022-05-13T18:14:11","modified_gmt":"2022-05-13T18:14:11","slug":"tramite-carne-universitario","status":"publish","type":"page","link":"https:\/\/ulc.edu.pe\/ulcWeb\/tramite-carne-universitario\/","title":{"rendered":"CARN\u00c9 UNIVERSITARIO 2022"},"content":{"rendered":"<div class=\"wpb-content-wrapper\">[vc_row full_width=&#8221;stretch_row&#8221; css=&#8221;.vc_custom_1647116479808{padding-top: 250px !important;padding-bottom: 250px !important;background-image: url(https:\/\/ulc.edu.pe\/ulcWeb\/wp-content\/uploads\/2022\/03\/ULC_CARNE_UNIVERSITARIO_2022_01.jpg?id=7857) !important;background-position: center !important;background-repeat: no-repeat !important;background-size: cover !important;}&#8221; el_class=&#8221;overlay fixed_bg&#8221;][vc_column][\/vc_column][\/vc_row][vc_row][vc_column width=&#8221;2\/3&#8243;][vc_column_text][\/vc_column_text][gt3_spacing height=&#8221;32px&#8221;][vc_tta_tour active_section=&#8221;1&#8243; color=&#8221;juicy-pink&#8221;][vc_tta_section title=&#8221;Tr\u00e1mite Carn\u00e9&#8221; tab_id=&#8221;1534871309621-c2172cfb-bdc1&#8243;][vc_text_separator title=&#8221;Fechas a Considerar&#8221; color=&#8221;juicy_pink&#8221; border_width=&#8221;2&#8243;][gt3_spacing height=&#8221;32px&#8221;][vc_column_text]\n<p style=\"text-align: center;\">RENOVACI\u00d3N AUTOM\u00c1TICA GENERAL<br \/>\nA ESTUDIANTES DE TODOS LOS CICLOS<br \/>\nPAGO POR DERECHO PARA EL RECOJO DE CARN\u00c9 UNIVERSITARIO<\/p>\n<h1 style=\"text-align: center;\">S\/. 15.00<\/h1>\n<p style=\"text-align: center;\">PAGO EN CAJA MUNICIPAL DE TACNA<br \/>\nN\u00famero de Cuenta: 00921-10000-77278<br \/>\n(enviar voucher de dep\u00f3sito a tesoreria@ulc.edu.pe)<\/p>\n<p style=\"text-align: center;\"><strong>ENTREGA DEL CARN\u00c9<\/strong><br \/>\nA PARTIR DEL 16 DE MAYO DEL 2022<br \/>\n<strong>FECHA DE VIGENCIA DEL CARN\u00c9<\/strong><br \/>\nHASTA FINES DEL 2022<\/p>\n<p style=\"text-align: center;\">FECHA DE VENCIMIENTO DEL CARN\u00c9 UNIVERSITARIO ES ESTABLECIDA POR SUNEDU<\/p>\n[\/vc_column_text][\/vc_tta_section][vc_tta_section title=&#8221;Ley Universitaria N\u00ba 3022&#8243; tab_id=&#8221;1534891783884-77b152d5-4ed7&#8243;][vc_text_separator title=&#8221;Reglamentos&#8221; color=&#8221;juicy_pink&#8221; border_width=&#8221;2&#8243;][gt3_spacing height=&#8221;32px&#8221;][vc_btn title=&#8221;`{`Ver`}` SUNEDU&#8221; size=&#8221;sm&#8221; align=&#8221;left&#8221; i_icon_fontawesome=&#8221;fa fa-file-pdf-o&#8221; css_animation=&#8221;left-to-right&#8221; button_block=&#8221;true&#8221; add_icon=&#8221;true&#8221; el_class=&#8221;font-weight: normal&#8221; link=&#8221;url:https%3A%2F%2Fwww.sunedu.gob.pe%2Fcarne-universitario%2F||target:%20_blank&#8221;][\/vc_tta_section][vc_tta_section title=&#8221;\u00c1rea de Ubicaci\u00f3n&#8221; tab_id=&#8221;1536121170921-baab26ef-d122&#8243;][vc_text_separator title=&#8221;\u00c1rea de Ubicaci\u00f3n&#8221; color=&#8221;juicy_pink&#8221; border_width=&#8221;2&#8243;][gt3_spacing height=&#8221;32px&#8221;][vc_custom_heading text=&#8221;PABELL\u00d3N C &#8211; SEGUNDO PISO &#8211; OFICINA 202 &#8211; T.I.C.&#8221; font_container=&#8221;tag:h4|text_align:center&#8221; use_theme_fonts=&#8221;yes&#8221;][\/vc_tta_section][\/vc_tta_tour][\/vc_column][vc_column width=&#8221;1\/3&#8243;][vc_column_text][\/vc_column_text][gt3_spacing height=&#8221;32px&#8221;][vc_text_separator title=&#8221;Estudiantes que pueden recoger su CARN\u00c9&#8221; title_align=&#8221;separator_align_left&#8221; align=&#8221;align_left&#8221; color=&#8221;juicy_pink&#8221; border_width=&#8221;2&#8243;][gt3_spacing height=&#8221;32px&#8221;][vc_btn title=&#8221;`{`descargar`}` Lista de Estudiantes 2022&#8243; style=&#8221;classic&#8221; color=&#8221;pink&#8221; size=&#8221;sm&#8221; align=&#8221;left&#8221; i_icon_fontawesome=&#8221;fa fa-file-pdf-o&#8221; css_animation=&#8221;left-to-right&#8221; button_block=&#8221;true&#8221; add_icon=&#8221;true&#8221; el_class=&#8221;font-weight: normal&#8221; link=&#8221;url:https%3A%2F%2Fdrive.google.com%2Ffile%2Fd%2F1NZQuqhiNI-NucyBlRhASCD6R3kj8swWc%2Fview%3Fusp%3Dsharing||target:%20_blank|&#8221;][vc_btn title=&#8221;`{`descargar`}` Lista de Estudiantes 2019&#8243; size=&#8221;sm&#8221; align=&#8221;left&#8221; i_icon_fontawesome=&#8221;fa fa-file-pdf-o&#8221; css_animation=&#8221;left-to-right&#8221; button_block=&#8221;true&#8221; add_icon=&#8221;true&#8221; el_class=&#8221;font-weight: normal&#8221; link=&#8221;url:https%3A%2F%2Fdrive.google.com%2Ffile%2Fd%2F1JgO1abvKplqZoV4tLwNPiCCgM1DxOamk%2Fview%3Fusp%3Dsharing||target:%20_blank&#8221;][vc_btn title=&#8221;`{`descargar`}` Lista de Estudiantes 2018&#8243; size=&#8221;sm&#8221; align=&#8221;left&#8221; i_icon_fontawesome=&#8221;fa fa-file-pdf-o&#8221; css_animation=&#8221;left-to-right&#8221; button_block=&#8221;true&#8221; add_icon=&#8221;true&#8221; el_class=&#8221;font-weight: normal&#8221; link=&#8221;url:https%3A%2F%2Fdrive.google.com%2Ffile%2Fd%2F16berNJL0W5crqFWyY4K5s37opzc0oDdk%2Fview%3Fusp%3Dsharing||target:%20_blank&#8221;][vc_message]Seg\u00fan los\u00a0<strong>REQUISITOS<\/strong> para el Tr\u00e1mite de Carn\u00e9 Universitario 2019-2022, usted <strong>debe cumplir<\/strong>\u00a0ineludiblemente con todos los indicados,\u00a0<strong>caso contrario el estudiante podr\u00eda estar observado y no obtener su carn\u00e9 universitario.<\/strong>[\/vc_message][\/vc_column][\/vc_row][vc_row][vc_column][vc_column_text][\/vc_column_text][gt3_spacing height=&#8221;32px&#8221;][vc_message message_box_color=&#8221;juicy_pink&#8221; icon_fontawesome=&#8221;fa fa-folder-open&#8221;]\n<p style=\"text-align: center;\"><b>REQUISITOS PARA ENTREGA <\/b><\/p>\n<p>&#8211; Realizar PAGO POR DERECHO A TR\u00c1MITE S\/. 15.00 &#8211; PAGO EN CAJA MUNICIPAL DE TACNA &#8211; N\u00famero de Cuenta: 00921-10000-77278 (enviar voucher de dep\u00f3sito a tesoreria@ulc.edu.pe)<\/p>\n<p>&#8211; Tener matricula activa en el presente Semestre Acad\u00e9mico 2022-I. FIGURAR EN <a href=\"https:\/\/sigu.ulc.edu.pe\/alumno\/entrar\" target=\"_blank\" rel=\"noopener\">SISTEMA DE INTRANET DEL ESTUDIANTE<\/a>.<\/p>\n<p>&#8211; Verificar que se encuentra en la <a href=\"https:\/\/drive.google.com\/file\/d\/1NZQuqhiNI-NucyBlRhASCD6R3kj8swWc\/view?usp=sharing\" target=\"_blank\" rel=\"noopener\"><span>LISTA DE ESTUDIANTES CON TR\u00c1MITE APROBADO QUE PUEDEN RECOGER<\/span><\/a> (El tramite es autom\u00e1tico si tiene fotograf\u00eda digitalizada en el SISTEMA DE INTRANET DEL ESTUDIANTE).<\/p>\n<p>&#8211; Entrega de manera personal por el estudiante.<\/p>\n<p>&#8211; Debe firmar acta de conformidad al recibir su carn\u00e9.[\/vc_message][vc_separator][gt3_spacing height=&#8221;32px&#8221;][\/vc_column][\/vc_row][vc_row][vc_column][vc_single_image image=&#8221;7926&#8243; img_size=&#8221;full&#8221; alignment=&#8221;center&#8221;][vc_row_inner][vc_column_inner width=&#8221;1\/2&#8243;][gt3_spacing height=&#8221;32px&#8221;][vc_column_text]<b>CARACTER\u00cdSTICAS T\u00c9CNICAS<\/b>:<\/p>\n<ol>\n<li>Foto a color con fondo blanco.<\/li>\n<li>Foto preferentemente con ropa oscura formal.<\/li>\n<li>Foto tomada de frente enfocada en el rostro, no perfil.<\/li>\n<li>Foto sin gorra, sin lentes, sin joyer\u00eda en general.<\/li>\n<li>Foto sin sellos, ni enmendaduras.<\/li>\n<\/ol>\n<p><b>RECEPCI\u00d3N (IMPORTANTE): <\/b><b>DEJAR 02 ARCHIVOS EN DIGITAL<\/b>[\/vc_column_text][\/vc_column_inner][vc_column_inner width=&#8221;1\/2&#8243;][gt3_spacing height=&#8221;32px&#8221;][vc_single_image image=&#8221;3366&#8243; img_size=&#8221;full&#8221;][\/vc_column_inner][\/vc_row_inner][vc_row_inner][vc_column_inner][gt3_spacing height=&#8221;32px&#8221;][vc_message message_box_color=&#8221;orange&#8221; icon_fontawesome=&#8221;fa fa-comment-o&#8221;]INFORMES: Oficina de T.I.C. (Tecnolog\u00eda de la Informaci\u00f3n y Comunicaci\u00f3n) &#8211; Segundo Piso 202.<br \/>\nHorario de Entrega: De 05:00 PM a 09:0 PM (d\u00edas laborables)[\/vc_message][\/vc_column_inner][\/vc_row_inner][\/vc_column][\/vc_row]\n<\/div>","protected":false},"excerpt":{"rendered":"<p>[vc_row full_width=&#8221;stretch_row&#8221; css=&#8221;.vc_custom_1647116479808{padding-top: 250px !important;padding-bottom: 250px !important;background-image: url(https:\/\/ulc.edu.pe\/ulcWeb\/wp-content\/uploads\/2022\/03\/ULC_CARNE_UNIVERSITARIO_2022_01.jpg?id=7857) !important;background-position: center !important;background-repeat: no-repeat !important;background-size: cover !important;}&#8221; el_class=&#8221;overlay fixed_bg&#8221;][vc_column][\/vc_column][\/vc_row][vc_row][vc_column width=&#8221;2\/3&#8243;][vc_column_text][\/vc_column_text][gt3_spacing height=&#8221;32px&#8221;][vc_tta_tour active_section=&#8221;1&#8243; color=&#8221;juicy-pink&#8221;][vc_tta_section title=&#8221;Tr\u00e1mite Carn\u00e9&#8221; tab_id=&#8221;1534871309621-c2172cfb-bdc1&#8243;][vc_text_separator title=&#8221;Fechas a Considerar&#8221; color=&#8221;juicy_pink&#8221; border_width=&#8221;2&#8243;][gt3_spacing height=&#8221;32px&#8221;][vc_column_text] RENOVACI\u00d3N AUTOM\u00c1TICA GENERAL A ESTUDIANTES DE TODOS LOS CICLOS PAGO POR DERECHO PARA EL RECOJO DE CARN\u00c9 UNIVERSITARIO S\/. 15.00 PAGO EN CAJA MUNICIPAL DE [&hellip;]<\/p>\n","protected":false},"author":3,"featured_media":0,"parent":0,"menu_order":0,"comment_status":"closed","ping_status":"closed","template":"","meta":{"footnotes":""},"class_list":["post-3364","page","type-page","status-publish","hentry"],"_links":{"self":[{"href":"https:\/\/ulc.edu.pe\/ulcWeb\/wp-json\/wp\/v2\/pages\/3364","targetHints":{"allow":["GET"]}}],"collection":[{"href":"https:\/\/ulc.edu.pe\/ulcWeb\/wp-json\/wp\/v2\/pages"}],"about":[{"href":"https:\/\/ulc.edu.pe\/ulcWeb\/wp-json\/wp\/v2\/types\/page"}],"author":[{"embeddable":true,"href":"https:\/\/ulc.edu.pe\/ulcWeb\/wp-json\/wp\/v2\/users\/3"}],"replies":[{"embeddable":true,"href":"https:\/\/ulc.edu.pe\/ulcWeb\/wp-json\/wp\/v2\/comments?post=3364"}],"version-history":[{"count":52,"href":"https:\/\/ulc.edu.pe\/ulcWeb\/wp-json\/wp\/v2\/pages\/3364\/revisions"}],"predecessor-version":[{"id":7927,"href":"https:\/\/ulc.edu.pe\/ulcWeb\/wp-json\/wp\/v2\/pages\/3364\/revisions\/7927"}],"wp:attachment":[{"href":"https:\/\/ulc.edu.pe\/ulcWeb\/wp-json\/wp\/v2\/media?parent=3364"}],"curies":[{"name":"wp","href":"https:\/\/api.w.org\/{rel}","templated":true}]}}