{"id":2408,"date":"2017-09-20T17:54:24","date_gmt":"2017-09-20T17:54:24","guid":{"rendered":"http:\/\/ulc.edu.pe\/?page_id=2408"},"modified":"2020-01-14T23:16:40","modified_gmt":"2020-01-14T23:16:40","slug":"convocatoria-docente","status":"publish","type":"page","link":"https:\/\/ulc.edu.pe\/ulcWeb\/convocatoria-docente\/","title":{"rendered":"Convocatoria Docente"},"content":{"rendered":"<div class=\"wpb-content-wrapper\">[vc_row full_width=&#8221;stretch_row&#8221; css=&#8221;.vc_custom_1536585765803{padding-top: 250px !important;padding-bottom: 50px !important;background-image: url(http:\/\/ulc.edu.pe\/ulcWeb\/wp-content\/uploads\/2018\/09\/ULC_LOGO_Oficina-de-Oficina-de-Personal_BANER.jpg?id=3839) !important;background-position: center !important;background-repeat: no-repeat !important;background-size: cover !important;}&#8221; el_class=&#8221;overlay fixed_bg&#8221;][vc_column][vc_custom_heading text=&#8221;CONVOCATORIA DOCENTES ULC&#8221; font_container=&#8221;tag:h1|text_align:left|color:%23ffffff&#8221; use_theme_fonts=&#8221;yes&#8221; subtitle_color=&#8221;#ffffff&#8221; subtitle=&#8221;Universidad Latinoamericana CIMA&#8221;][\/vc_column][\/vc_row][vc_row][vc_column][vc_column_text]\n[\/vc_column_text][vc_tta_tabs][vc_tta_section title=&#8221;Convocatoria Docente 2020&#8243; tab_id=&#8221;1505926548582-6185ddb0-25a9&#8243;][vc_column_text]<b>La Universidad Latinoamericana CIMA, mediante la Resoluci\u00f3n N\u00ba003-2020-CU-ULC), de Consejo Universitario ha aprobado la &#8220;Directiva N\u00ba 001-2020-VRAC-ULC: Contrataci\u00f3n\u00a0 Directa de Docentes&#8221;<\/b>[\/vc_column_text][vc_column_text]\n<p style=\"text-align: center;\"><b>Directiva N\u00ba 001-2020-VRAC-ULC: Contrataci\u00f3n\u00a0 Directa de Docentes 2020<\/b><\/p>\n<p style=\"text-align: center;\"><strong>(Autorizado mediante Resoluci\u00f3n N\u00ba003-2020-CU-ULC)<\/strong><\/p>\n<div style=\"text-align: center;\">\n<table rules=\"rows\">\n<tbody>\n<tr>\n<td align=\"center\"><strong>DETALLE<\/strong><\/td>\n<td align=\"center\"><strong>FECHA<\/strong><\/td>\n<td align=\"center\"><strong>Estado<\/strong><\/td>\n<\/tr>\n<tr>\n<td align=\"center\">PUBLICACI\u00d3N DE CONVOCATORIA<\/td>\n<td align=\"center\">14 de enero del 2020<\/td>\n<td align=\"center\"><a href=\"https:\/\/drive.google.com\/file\/d\/16kYNsnKBkQamqaAyphXXLiwApCg7x10s\/view?usp=sharing\" target=\"_blank\" rel=\"noopener noreferrer\">RESOLUCI\u00d3N DE APROBACI\u00d3N, DIRECTIVA Y ANEXOS<\/a><\/td>\n<\/tr>\n<\/tbody>\n<\/table>\n<\/div>\n<p><strong>NOTA<\/strong><\/p>\n<ol>\n<li>La recepci\u00f3n de expedientes se efectuar\u00e1 en Secretar\u00eda General de la ULC, primer piso del pabell\u00f3n principal, lugar Av. Gregorio Albarrac\u00edn N\u00ba500\u2013Tacna, Tel. (052) \u2013 412140.<\/li>\n<\/ol>\n[\/vc_column_text][vc_separator color=&#8221;juicy_pink&#8221;][vc_column_text]<b>La Universidad Latinoamericana CIMA, mediante la Resoluci\u00f3n N\u00ba517-2019-CU-ULC), de Consejo Universitario ha aprobado el Concurso P\u00fablico de Plazas Docentes para Nombramiento y Contratos 2020 <\/b>\u00a0<strong>de la Universidad Latinoamericana CIMA, en el que se establece el Cronograma y Cuadro de Plazas Docentes<\/strong>[\/vc_column_text][vc_column_text]\n<p style=\"text-align: center;\"><b>Concurso P\u00fablico de Plazas Docentes para Nombramiento y Contratos 2020<\/b><\/p>\n<p style=\"text-align: center;\"><strong>(Autorizado mediante Resoluci\u00f3n N\u00ba517-2019-CU-ULC)<\/strong><\/p>\n<div style=\"text-align: center;\">\n<table rules=\"rows\">\n<tbody>\n<tr>\n<td align=\"center\"><strong>DETALLE<\/strong><\/td>\n<td align=\"center\"><strong>FECHA<\/strong><\/td>\n<td align=\"center\"><strong>Estado<\/strong><\/td>\n<\/tr>\n<tr>\n<td align=\"center\">PUBLICACI\u00d3N DE CONVOCATORIA<\/td>\n<td align=\"center\">02 de enero del 2020<\/td>\n<td align=\"center\"><a href=\"https:\/\/drive.google.com\/file\/d\/1dkgq7hjwU_-yfbD11n8n4ZVpU1StGPdy\/view?usp=sharing\" target=\"_blank\" rel=\"noopener noreferrer\">RESOLUCI\u00d3N DE APROBACI\u00d3N<\/a><\/p>\n<p><a href=\"http:\/\/ulc.edu.pe\/convocatoria-docente\/\" target=\"_blank\" rel=\"noopener noreferrer\">WEB ULC<\/a><\/p>\n<p><a href=\"http:\/\/digital.gruposinfronteras.pe\/diarios\/Tacna\/2020\/01\/02\/index.html#page\/4\" target=\"_blank\" rel=\"noopener noreferrer\">DIARIO<\/a><\/td>\n<\/tr>\n<tr>\n<td align=\"center\">VENTA DE BASES<\/td>\n<td align=\"center\">03 Y 04 de enero del 2020<br \/>\nVIERNES: 07:00 hrs a 12:30 hrs\/ 16:00 hrs a 19:00 hrs<br \/>\nS\u00c1BADO: 08:00 hrs a 12:00 hrs<br \/>\nEn la Oficina de Tesorer\u00eda de la ULC<br \/>\nS\/. 250.00<\/td>\n<td align=\"center\"><a href=\"https:\/\/drive.google.com\/file\/d\/11QBqVxmr6e6onxVbSYX4RVgyJ29s5LtO\/view?usp=sharing\" target=\"_blank\" rel=\"noopener noreferrer\">DESCARGAR PLAZAS<\/a><\/p>\n<p><a href=\"https:\/\/drive.google.com\/file\/d\/1w-K0wmIB1rUIA54vHHRYiMvyJ4Sx6G4P\/view\" target=\"_blank\" rel=\"noopener noreferrer\">DESCARGAR REGLAMENTO<\/a><\/td>\n<\/tr>\n<tr>\n<td align=\"center\">INSCRIPCI\u00d3N Y RECEPCI\u00d3N DE EXPEDIENTES<\/td>\n<td align=\"center\">06 de enero del 2020<br \/>\nLUNES: 07:00 hrs a 12:30 hrs\/ 16:00 hrs a 19:00 hrs<br \/>\nSecretaria General de la ULC<\/td>\n<td align=\"center\">CERRADO<\/td>\n<\/tr>\n<tr>\n<td align=\"center\">REMISI\u00d3N DE EXPEDIENTES A LA COMISI\u00d3N<br \/>\nEVALUADORA<\/td>\n<td align=\"center\">07 de enero del 2020<br \/>\n08:00 hrs<\/td>\n<td align=\"center\">CERRADO<\/td>\n<\/tr>\n<tr>\n<td align=\"center\">PUBLICACI\u00d3N DE APTOS Y ASIGNACI\u00d3N DE TEMA DE CLASE<br \/>\nMAGISTRAL<\/td>\n<td align=\"center\">08 de enero del 2020<br \/>\n16:00 hrs<\/td>\n<td align=\"center\"><a href=\"https:\/\/drive.google.com\/file\/d\/1E8VQfDAyi5DkLSAx7TsySSDbomT3KqKS\/view?usp=sharing\" target=\"_blank\" rel=\"noopener noreferrer\">DESCARGAR RESULTADOS<\/a><\/td>\n<\/tr>\n<tr>\n<td align=\"center\">CLASE MAGISTRAL DE POSTULANTES APTOS<\/td>\n<td align=\"center\">09 de enero del 2020<\/td>\n<td align=\"center\"><a href=\"https:\/\/drive.google.com\/file\/d\/1rcgpm5qlA4KbxoUSqa0OZ3RhgEOCjTas\/view?usp=sharing\" target=\"_blank\" rel=\"noopener noreferrer\">DESCARGAR RESULTADOS<\/a><\/td>\n<\/tr>\n<tr>\n<td align=\"center\">ENTREVISTA PERSONAL DE POSTULANTES APTOS<\/td>\n<td align=\"center\">10 de enero del 2020<\/td>\n<td align=\"center\">CERRADO<\/td>\n<\/tr>\n<tr>\n<td align=\"center\">PUBLICACI\u00d3N DE RESULTADOS Y<br \/>\nPRESENTACI\u00d3N DE INFORME FINAL AL<br \/>\nRECTOR DE LA UNIVERSIDAD<\/td>\n<td align=\"center\">11 de enero del 2020<br \/>\n11:00 hrs<\/td>\n<td align=\"center\"><a href=\"https:\/\/drive.google.com\/file\/d\/1oA44YIWoVjY_1MVy-ugOMuNUCQ0gaAYK\/view?usp=sharing\" target=\"_blank\" rel=\"noopener noreferrer\">DESCARGAR RESULTADOS FINALES<\/a><\/td>\n<\/tr>\n<tr>\n<td align=\"center\">ANEXO 01<\/td>\n<td align=\"center\">SUMILLAS<\/td>\n<td align=\"center\"><a href=\"https:\/\/drive.google.com\/file\/d\/1lDP4mwRnQWkYO89Ar9R1oFE71kMC6Uho\/view?usp=sharing\" target=\"_blank\" rel=\"noopener noreferrer\">CF &#8211; CONTABILIDAD Y FINAZAS<\/a><br \/>\n<a href=\"https:\/\/drive.google.com\/file\/d\/1FcQ0fYiUZIkoC8ct9pac1IKJzSVajX6z\/view?usp=sharing\" target=\"_blank\" rel=\"noopener noreferrer\">IA &#8211; INGENIER\u00cdA AMBIENTAL<\/a><br \/>\n<a href=\"https:\/\/drive.google.com\/file\/d\/1NiBaYTaaAhb-yEFG1btL8TRccsVJINc9\/view?usp=sharing\" target=\"_blank\" rel=\"noopener noreferrer\">OD &#8211; ODONTOLOG\u00cdA<\/a><br \/>\n<a href=\"https:\/\/drive.google.com\/file\/d\/1e1-ZuH8amGft5QcGjaUzZ9n3gMOJH8Ye\/view?usp=sharing\" target=\"_blank\" rel=\"noopener noreferrer\">DE &#8211; DERECHO<\/a><\/td>\n<\/tr>\n<tr>\n<td align=\"center\">ANEXO 02<\/td>\n<td align=\"center\">MODELO DE SILABO 2020<\/td>\n<td align=\"center\"><a href=\"https:\/\/drive.google.com\/file\/d\/16J2PePcQgA14Ojh4WeGXe-oJbLe4hEY3\/view?usp=sharing\" target=\"_blank\" rel=\"noopener noreferrer\">DESCARGAR SILABO<\/a><\/td>\n<\/tr>\n<tr>\n<td align=\"center\">ANEXO 03<\/td>\n<td align=\"center\">FORMATOS A PRESENTAR<\/td>\n<td align=\"center\"><a href=\"https:\/\/drive.google.com\/file\/d\/12wZKh3Kr9N-CDRaAxP1BrN4s-GmJzaKC\/view?usp=sharing\" target=\"_blank\" rel=\"noopener noreferrer\">DESCARGAR FORMATOS<\/a><\/td>\n<\/tr>\n<\/tbody>\n<\/table>\n<\/div>\n<p><strong>NOTA<\/strong><\/p>\n<ol>\n<li>La publicaci\u00f3n del cronograma, bases, plazas y requisitos de la convocatoria para docentes ordinarios y contratados en la categor\u00eda de auxiliar, est\u00e1 en la p\u00e1gina web de la ULC <a href=\"http:\/\/www.ulc.edu.pe\/\">www.ulc.edu.pe<\/a> .<\/li>\n<li>La recepci\u00f3n de expedientes se efectuar\u00e1 en Secretar\u00eda General de la ULC, primer piso del pabell\u00f3n principal, lugar Av. Gregorio Albarrac\u00edn N\u00ba500\u2013Tacna, Tel. (052) \u2013 412140.<\/li>\n<\/ol>\n[\/vc_column_text][\/vc_tta_section][vc_tta_section title=&#8221;Convocatoria 2019&#8243; tab_id=&#8221;1577985294833-f7aa5b6a-ea10&#8243;][vc_column_text]<strong>La Universidad Latinoamericana CIMA, mediante la RESOLUCION N\u00ba004-2019-CU-ULC), de Consejo Universitario ha aprobado el Concurso de Selecci\u00f3n para Docentes <\/strong>2019 de la Universidad Latinoamericana CIMA, en el que se establece el Cronograma y Cuadro de Plazas Docentes.[\/vc_column_text][vc_separator][vc_column_text]\n<p style=\"text-align: center;\"><strong>CONVOCATORIA CONCURSO P\u00daBLICO PARA DOCENTES CONTRATADOS<\/strong><\/p>\n<p style=\"text-align: center;\"><strong>(Autorizado mediante Resoluci\u00f3n N\u00ba004-2019-CU-ULC)<\/strong><\/p>\n<table style=\"width: 876px; height: 164px;\" width=\"503\" frame=\"void\" rules=\"rows\">\n<tbody>\n<tr style=\"height: 23px;\">\n<td style=\"width: 443.95px; height: 23px; text-align: center;\"><span style=\"font-size: 10pt;\"><strong>DETALLE<\/strong><\/span><\/td>\n<td style=\"width: 234.99px; height: 23px; text-align: center;\"><span style=\"font-size: 10pt;\"><strong>FECHA<\/strong><\/span><\/td>\n<td style=\"width: 187.06px; height: 23px; text-align: center;\"><span style=\"font-size: 10pt;\"><strong>Estado<\/strong><\/span><\/td>\n<\/tr>\n<tr style=\"height: 135px;\">\n<td style=\"width: 443.95px; height: 10px; text-align: center;\"><span style=\"font-size: 10pt;\">PUBLICACI\u00d3N DE CONVOCATORIA<\/span><\/td>\n<td style=\"width: 234.99px; height: 10px; text-align: center;\"><span style=\"font-size: 10pt;\">19 de febrero del 2019<\/span><\/td>\n<td style=\"width: 187.06px; height: 10px; text-align: center;\"><span style=\"font-size: 10pt;\"><a href=\"https:\/\/drive.google.com\/file\/d\/1w-K0wmIB1rUIA54vHHRYiMvyJ4Sx6G4P\/view?usp=sharing\" target=\"_blank\" rel=\"noopener noreferrer\">Descargar Reglamento<\/a><\/span><\/p>\n<p><span style=\"font-size: 10pt;\"><a href=\"http:\/\/ulc.edu.pe\/ulcWeb\/wp-content\/uploads\/2019\/02\/ULC_BASES-DEL-CONCURSO-PUBLICO-DOCENTE.pdf\" target=\"_blank\" rel=\"noopener noreferrer\">Descargar Bases<\/a><\/span><\/td>\n<\/tr>\n<tr style=\"height: 28px;\">\n<td style=\"width: 443.95px; height: 28px; text-align: center;\"><span style=\"font-size: 10pt;\">VENTA DE BASES<\/span><\/td>\n<td style=\"width: 234.99px; height: 28px; text-align: center;\"><span style=\"font-size: 10pt;\">20 de febrero del 2019 <\/span><br \/>\n<span style=\"font-size: 10pt;\">En la Oficina de Tesorer\u00eda de la ULC<\/span><\/td>\n<td style=\"width: 187.06px; height: 28px; text-align: center;\"><span style=\"font-size: 10pt;\">&#8211;<\/span><\/td>\n<\/tr>\n<tr style=\"height: 71px;\">\n<td style=\"width: 443.95px; height: 10px; text-align: center;\"><span style=\"font-size: 10pt;\">INSCRIPCI\u00d3N Y RECEPCI\u00d3N DE EXPEDIENTES<\/span><\/td>\n<td style=\"width: 234.99px; height: 10px; text-align: center;\"><span style=\"font-size: 10pt;\">21 de febrero del 2019 <\/span><br \/>\n<span style=\"font-size: 10pt;\">Mesa de partes de la ULC<\/span><\/td>\n<td style=\"width: 187.06px; height: 10px; text-align: center;\"><span style=\"font-size: 10pt;\"> &#8211;<\/span><\/td>\n<\/tr>\n<tr style=\"height: 71px;\">\n<td style=\"width: 443.95px; height: 10px; text-align: center;\"><span style=\"font-size: 10pt;\">REMISI\u00d3N DE EXPEDIENTES A LA COMISI\u00d3N<\/span><br \/>\n<span style=\"font-size: 10pt;\">EVALUADORA<\/span><\/td>\n<td style=\"width: 234.99px; height: 10px; text-align: center;\"><span style=\"font-size: 10pt;\">22 febrero del 2019 <\/span><br \/>\n<span style=\"font-size: 10pt;\">08.00 horas <\/span><\/td>\n<td style=\"width: 187.06px; height: 10px; text-align: center;\"><span style=\"font-size: 10pt;\"> &#8211;<\/span><\/td>\n<\/tr>\n<tr style=\"height: 10px;\">\n<td style=\"width: 443.95px; height: 10px; text-align: center;\"><span style=\"font-size: 10pt;\">EVALUACI\u00d3N DE EXPEDIENTES<\/span><\/td>\n<td style=\"width: 234.99px; height: 10px; text-align: center;\"><span style=\"font-size: 10pt;\">22 febrero del 2019 <\/span><\/td>\n<td style=\"width: 187.06px; height: 10px; text-align: center;\"><span style=\"font-size: 10pt;\">\u00a0&#8211;<\/span><\/td>\n<\/tr>\n<tr style=\"height: 23px;\">\n<td style=\"width: 443.95px; height: 23px; text-align: center;\"><span style=\"font-size: 10pt;\">PUBLICACION DE APTOS <\/span><\/td>\n<td style=\"width: 234.99px; height: 23px; text-align: center;\"><span style=\"font-size: 10pt;\">23 febrero del 2019<\/span><\/td>\n<td style=\"width: 187.06px; height: 23px; text-align: center;\"><a href=\"http:\/\/ulc.edu.pe\/ulcWeb\/wp-content\/uploads\/2019\/02\/ULC_CONCURSO-DOCENTES-APTOS.pdf\" target=\"_blank\" rel=\"noopener noreferrer\">Descargar<\/a><\/td>\n<\/tr>\n<tr style=\"height: 10px;\">\n<td style=\"width: 443.95px; height: 10px; text-align: center;\"><span style=\"font-size: 10pt;\">ASIGNACI\u00d3N DE TEMA DE CLASE<br \/>\nMAGISTRAL<\/span><\/td>\n<td style=\"width: 234.99px; height: 10px; text-align: center;\"><span style=\"font-size: 10pt;\">23 febrero del 2019<br \/>\n12:00 horas <\/span><\/td>\n<td style=\"width: 187.06px; height: 10px; text-align: center;\"><a href=\"http:\/\/ulc.edu.pe\/ulcWeb\/wp-content\/uploads\/2019\/02\/ULC_CONCURSO-DOCENTES-APTOS.pdf\" target=\"_blank\" rel=\"noopener noreferrer\">Descargar<\/a><\/td>\n<\/tr>\n<tr style=\"height: 10px;\">\n<td style=\"width: 443.95px; height: 10px; text-align: center;\"><span style=\"font-size: 10pt;\">CLASE MAGISTRAL DE POSTULANTES<br \/>\nAPTOS<\/span><\/td>\n<td style=\"width: 234.99px; height: 10px; text-align: center;\"><span style=\"font-size: 10pt;\">25 febrero del 2019 <\/span><\/td>\n<td style=\"width: 187.06px; height: 10px; text-align: center;\">&#8211;<\/td>\n<\/tr>\n<tr style=\"height: 143px;\">\n<td style=\"width: 443.95px; height: 10px; text-align: center;\"><span style=\"font-size: 10pt;\">PUBLICACI\u00d3N DE RESULTADOS Y<br \/>\nPRESENTACI\u00d3N DE INFORME FINAL AL<br \/>\nRECTOR DE LA UNIVERSIDAD<\/span><\/td>\n<td style=\"width: 234.99px; height: 10px; text-align: center;\"><span style=\"font-size: 10pt;\">26 febrero del 2019<\/span><\/td>\n<td style=\"width: 187.06px; height: 10px; text-align: center;\"><a href=\"http:\/\/ulc.edu.pe\/ulcWeb\/wp-content\/uploads\/2019\/02\/ULC_RESULTADOS-DOCENTES_2019_I.pdf\" target=\"_blank\" rel=\"noopener noreferrer\">Descargar<\/a><\/td>\n<\/tr>\n<tr style=\"height: 199px;\">\n<td style=\"width: 443.95px; height: 10px; text-align: center;\">ANEXO 01<span style=\"font-size: 10pt;\"><br \/>\n<\/span><\/td>\n<td style=\"width: 234.99px; height: 10px; text-align: center;\"><span style=\"font-size: 10pt;\">SUMILLAS<br \/>\n<\/span><\/td>\n<td style=\"width: 187.06px; height: 10px; text-align: center;\"><a href=\"http:\/\/ulc.edu.pe\/ulcWeb\/wp-content\/uploads\/2019\/02\/SUMILLAS-CONTABILIDAD.pdf\" target=\"_blank\" rel=\"noopener noreferrer\">Contabilidad y Finanzas<\/a><\/p>\n<p><a href=\"http:\/\/ulc.edu.pe\/ulcWeb\/wp-content\/uploads\/2019\/02\/SUMILLAS-AMBIENTAL.pdf\" target=\"_blank\" rel=\"noopener noreferrer\">Ingenier\u00eda Ambiental<\/a><\/p>\n<p><a href=\"http:\/\/ulc.edu.pe\/ulcWeb\/wp-content\/uploads\/2019\/02\/SUMILLAS-ODONTOLOGIA.pdf\" target=\"_blank\" rel=\"noopener noreferrer\">Odontolog\u00eda<\/a><\/p>\n<p><a href=\"http:\/\/ulc.edu.pe\/ulcWeb\/wp-content\/uploads\/2019\/02\/SUMILLAS-DERECHO.pdf\" target=\"_blank\" rel=\"noopener noreferrer\">Derecho<\/a><\/td>\n<\/tr>\n<tr style=\"height: 47px;\">\n<td style=\"width: 443.95px; height: 10px; text-align: center;\">ANEXO 02<\/td>\n<td style=\"width: 234.99px; height: 10px; text-align: center;\"><span style=\"font-size: 10pt;\">MODELO DE SILABO 2019<br \/>\n<\/span><\/td>\n<td style=\"width: 187.06px; height: 10px; text-align: center;\"><a href=\"http:\/\/ulc.edu.pe\/ulcWeb\/wp-content\/uploads\/2019\/02\/GUIA-DE-ELABORACION-SILABO-2019-I-DOCENTES.pdf\" target=\"_blank\" rel=\"noopener noreferrer\">SILABO<\/a><\/td>\n<\/tr>\n<\/tbody>\n<\/table>\n<p><strong>NOTA<\/strong><\/p>\n<ol>\n<li>La publicaci\u00f3n del cronograma, bases, plazas y requisitos de la convocatoria para docentes ordinarios y contratados en la categor\u00eda de auxiliar, est\u00e1 en la p\u00e1gina web de la ULC <a href=\"http:\/\/www.ulc.edu.pe\/\">www.ulc.edu.pe<\/a> .<\/li>\n<li>La recepci\u00f3n de expedientes se efectuar\u00e1 en Secretar\u00eda General de la ULC, primer piso del pabell\u00f3n principal, en horario de atenci\u00f3n de 08:00 a 13:00 horas y de 15:00 a 18:00 horas, lugar Av. Gregorio Albarrac\u00edn N\u00ba500\u2013Tacna, Tel. (052) \u2013 412140.<\/li>\n<\/ol>\n[\/vc_column_text][\/vc_tta_section][vc_tta_section title=&#8221;Convocatoria 2018&#8243; tab_id=&#8221;1550152419860-c866b876-7f38&#8243;][vc_column_text]<strong>La Universidad Latinoamericana CIMA realiz\u00f3 contrataci\u00f3n directa de Docentes mediante Resoluci\u00f3n 019-2018-DIR-ULC.<\/strong>[\/vc_column_text][vc_separator][\/vc_tta_section][vc_tta_section title=&#8221;Convocatoria 2017&#8243; tab_id=&#8221;1575647030528-e7dff5e9-4d70&#8243;][vc_column_text]<strong>La Universidad Latinoamericana CIMA, mediante la RESOLUCION N\u00aa069-2017-CU-ULC, de Consejo Universitario ha aprobado el Concurso de Selecci\u00f3n para Docentes <\/strong>2017 de la Universidad Latinoamericana CIMA, en el que se establece el Cronograma y Cuadro de Plazas Docentes.[\/vc_column_text][vc_separator][vc_column_text]\n<p style=\"text-align: center;\"><strong>CONVOCATORIA CONCURSO P\u00daBLICO PARA DOCENTES NOMBRADOS Y CONTRATADOS &#8211; CATEGOR\u00cdA AUXILIAR <\/strong><\/p>\n<p style=\"text-align: center;\"><strong>(Autorizado mediante Resoluci\u00f3n N\u00ba033-2017-CU-ULC)<\/strong><\/p>\n<table style=\"height: 185px;\" width=\"503\" frame=\"void\" rules=\"rows\">\n<tbody>\n<tr>\n<td style=\"width: 160.34px; text-align: center;\"><span style=\"font-size: 10pt;\"><strong>DETALLE<\/strong><\/span><\/td>\n<td style=\"width: 160.33px; text-align: center;\"><span style=\"font-size: 10pt;\"><strong>FECHA<\/strong><\/span><\/td>\n<td style=\"width: 160.33px; text-align: center;\"><span style=\"font-size: 10pt;\"><strong>Estado<\/strong><\/span><\/td>\n<\/tr>\n<tr>\n<td style=\"width: 160.34px; text-align: center;\"><span style=\"font-size: 10pt;\">PUBLICACI\u00d3N DE CONVOCATORIA <\/span><\/td>\n<td style=\"width: 160.33px; text-align: center;\"><span style=\"font-size: 10pt;\">23\u00a0de febrero del 2017<\/span><\/td>\n<td style=\"width: 160.33px; text-align: center;\">\u00a0<a href=\"http:\/\/ulc.edu.pe\/ulcWeb\/wp-content\/uploads\/2017\/09\/ULC_2017_CONCURSO-P\u00daBLICO-PARA-DOCENTES.pdf\" target=\"_blank\" rel=\"noopener noreferrer\">Descargar Plazas<\/a><\/td>\n<\/tr>\n<tr>\n<td style=\"width: 160.34px; text-align: center;\"><span style=\"font-size: 10pt;\">INSCRIPCI\u00d3N Y RECEPCI\u00d3N DE EXPEDIENTES <\/span><\/td>\n<td style=\"width: 160.33px; text-align: center;\"><span style=\"font-size: 10pt;\">24 &#8211; 25 \u00a0de febrero del 2017<\/span><\/td>\n<td style=\"width: 160.33px; text-align: center;\">Cerrado<\/td>\n<\/tr>\n<tr>\n<td style=\"width: 160.34px; text-align: center;\"><span style=\"font-size: 10pt;\">PROCESO DE CALIFICACI\u00d3N DE EXPEDIENTES<\/span><\/td>\n<td style=\"width: 160.33px; text-align: center;\"><span style=\"font-size: 10pt;\">27\u00a0de febrero del 2017<\/span><\/td>\n<td style=\"width: 160.33px; text-align: center;\">\u00a0Cerrado<\/td>\n<\/tr>\n<tr>\n<td style=\"width: 160.34px; text-align: center;\"><span style=\"font-size: 10pt;\">CLASE MAGISTRAL, ENTREVISTA PERSONAL<\/span><\/td>\n<td style=\"width: 160.33px; text-align: center;\"><span style=\"font-size: 10pt;\">28\u00a0de febrero del 2017<\/span><\/td>\n<td style=\"width: 160.33px; text-align: center;\">\u00a0Cerrado<\/td>\n<\/tr>\n<tr>\n<td style=\"width: 160.34px; text-align: center;\"><span style=\"font-size: 10pt;\">PUBLICACI\u00d3N DE RESULTADOS<\/span><\/td>\n<td style=\"width: 160.33px; text-align: center;\"><span style=\"font-size: 10pt;\">01\u00a0de marzo del 2017<\/span><\/td>\n<td style=\"width: 160.33px; text-align: center;\">\u00a0Cerrado<\/td>\n<\/tr>\n<\/tbody>\n<\/table>\n<p><strong>NOTA<\/strong><\/p>\n<ol>\n<li>La publicaci\u00f3n del cronograma, bases, plazas y requisitos de la convocatoria para docentes ordinarios y contratados en la\u00a0\u00a0 categor\u00eda de auxiliar, est\u00e1 en la p\u00e1gina web de la ULC <a href=\"http:\/\/www.ulc.edu.pe\/\">www.ulc.edu.pe<\/a> .<\/li>\n<li>La recepci\u00f3n de expedientes se efectuar\u00e1 en Secretar\u00eda General de la ULC, primer piso del pabell\u00f3n principal, en horario de atenci\u00f3n de 08:00 a 13:00 horas y de 15:00 a 18:00 horas, lugar Av. Gregorio Albarrac\u00edn N\u00ba500\u2013Tacna, Tel. (052) \u2013 412140.<\/li>\n<\/ol>\n[\/vc_column_text][\/vc_tta_section][vc_tta_section title=&#8221;Convocatoria 2016&#8243; tab_id=&#8221;1505950435248-dc08a47f-3e29&#8243;][vc_column_text]<strong>La Universidad Latinoamericana CIMA, mediante la RESOLUCION N\u00aa030-2016-CU-ULC, de Consejo Universitario ha aprobado el Concurso de Selecci\u00f3n para Docentes <\/strong>2016 de la Universidad Latinoamericana CIMA, en el que se establece el Cronograma y Cuadro de Plazas Docentes.[\/vc_column_text][vc_separator][vc_column_text]\n<p style=\"text-align: center;\"><strong>CONVOCATORIA CONCURSO P\u00daBLICO PARA DOCENTES NOMBRADOS Y CONTRATADOS &#8211; CATEGOR\u00cdA AUXILIAR <\/strong><\/p>\n<p style=\"text-align: center;\"><strong>(Autorizado mediante Resoluci\u00f3n N\u00ba030-2016-CO-ULC)<\/strong><\/p>\n<table style=\"height: 185px;\" width=\"503\" frame=\"void\" rules=\"rows\">\n<tbody>\n<tr>\n<td style=\"width: 160.34px; text-align: center;\"><span style=\"font-size: 10pt;\"><strong>DETALLE<\/strong><\/span><\/td>\n<td style=\"width: 160.33px; text-align: center;\"><span style=\"font-size: 10pt;\"><strong>FECHA<\/strong><\/span><\/td>\n<td style=\"width: 160.33px; text-align: center;\"><span style=\"font-size: 10pt;\"><strong>Estado<\/strong><\/span><\/td>\n<\/tr>\n<tr>\n<td style=\"width: 160.34px; text-align: center;\"><span style=\"font-size: 10pt;\">PUBLICACI\u00d3N DE CONVOCATORIA <\/span><\/td>\n<td style=\"width: 160.33px; text-align: center;\"><span style=\"font-size: 10pt;\">17 de marzo del 2016<\/span><\/td>\n<td style=\"width: 160.33px; text-align: center;\">\u00a0<a href=\"http:\/\/ulc.edu.pe\/ulcWeb\/wp-content\/uploads\/2017\/09\/ULC_2016_CONCURSO-P\u00daBLICO-PARA-DOCENTES.pdf\" target=\"_blank\" rel=\"noopener noreferrer\">Descargar Plazas<\/a><\/td>\n<\/tr>\n<tr>\n<td style=\"width: 160.34px; text-align: center;\"><span style=\"font-size: 10pt;\">INSCRIPCI\u00d3N Y RECEPCI\u00d3N DE EXPEDIENTES <\/span><\/td>\n<td style=\"width: 160.33px; text-align: center;\"><span style=\"font-size: 10pt;\">18 de marzo del 2016<\/span><\/td>\n<td style=\"width: 160.33px; text-align: center;\">Cerrado<\/td>\n<\/tr>\n<tr>\n<td style=\"width: 160.34px; text-align: center;\"><span style=\"font-size: 10pt;\">PROCESO DE CALIFICACI\u00d3N DE EXPEDIENTES<\/span><\/td>\n<td style=\"width: 160.33px; text-align: center;\"><span style=\"font-size: 10pt;\">21 de marzo del 2016<\/span><\/td>\n<td style=\"width: 160.33px; text-align: center;\">\u00a0Cerrado<\/td>\n<\/tr>\n<tr>\n<td style=\"width: 160.34px; text-align: center;\"><span style=\"font-size: 10pt;\">CLASE MAGISTRAL, ENTREVISTA PERSONAL<\/span><\/td>\n<td style=\"width: 160.33px; text-align: center;\"><span style=\"font-size: 10pt;\">22 de marzo del 2016<\/span><\/td>\n<td style=\"width: 160.33px; text-align: center;\">\u00a0Cerrado<\/td>\n<\/tr>\n<tr>\n<td style=\"width: 160.34px; text-align: center;\"><span style=\"font-size: 10pt;\">PUBLICACI\u00d3N DE RESULTADOS<\/span><\/td>\n<td style=\"width: 160.33px; text-align: center;\"><span style=\"font-size: 10pt;\">23 de marzo del 2016<\/span><\/td>\n<td style=\"width: 160.33px; text-align: center;\">\u00a0Cerrado<\/td>\n<\/tr>\n<\/tbody>\n<\/table>\n<p><strong>NOTA<\/strong><\/p>\n<ol>\n<li>La publicaci\u00f3n del cronograma, bases, plazas y requisitos de la convocatoria para docentes ordinarios y contratados en la\u00a0\u00a0 categor\u00eda de auxiliar, est\u00e1 en la p\u00e1gina web de la ULC <a href=\"http:\/\/www.ulc.edu.pe\/\">www.ulc.edu.pe<\/a> .<\/li>\n<li>La recepci\u00f3n de expedientes se efectuar\u00e1 en Secretar\u00eda General de la ULC, primer piso del pabell\u00f3n principal, en horario de atenci\u00f3n de 08:00 a 13:00 horas y de 15:00 a 18:00 horas, lugar Av. Gregorio Albarrac\u00edn N\u00ba500\u2013Tacna, Tel. (052) \u2013 412140.<\/li>\n<\/ol>\n[\/vc_column_text][\/vc_tta_section][\/vc_tta_tabs][\/vc_column][\/vc_row][vc_row][vc_column][\/vc_column][\/vc_row]\n<\/div>","protected":false},"excerpt":{"rendered":"<p>[vc_row full_width=&#8221;stretch_row&#8221; css=&#8221;.vc_custom_1536585765803{padding-top: 250px !important;padding-bottom: 50px !important;background-image: url(http:\/\/ulc.edu.pe\/ulcWeb\/wp-content\/uploads\/2018\/09\/ULC_LOGO_Oficina-de-Oficina-de-Personal_BANER.jpg?id=3839) !important;background-position: center !important;background-repeat: no-repeat !important;background-size: cover !important;}&#8221; el_class=&#8221;overlay fixed_bg&#8221;][vc_column][vc_custom_heading text=&#8221;CONVOCATORIA DOCENTES ULC&#8221; font_container=&#8221;tag:h1|text_align:left|color:%23ffffff&#8221; use_theme_fonts=&#8221;yes&#8221; subtitle_color=&#8221;#ffffff&#8221; subtitle=&#8221;Universidad Latinoamericana CIMA&#8221;][\/vc_column][\/vc_row][vc_row][vc_column][vc_column_text] [\/vc_column_text][vc_tta_tabs][vc_tta_section title=&#8221;Convocatoria Docente 2020&#8243; tab_id=&#8221;1505926548582-6185ddb0-25a9&#8243;][vc_column_text]La Universidad Latinoamericana CIMA, mediante la Resoluci\u00f3n N\u00ba003-2020-CU-ULC), de Consejo Universitario ha aprobado la &#8220;Directiva N\u00ba 001-2020-VRAC-ULC: Contrataci\u00f3n\u00a0 Directa de Docentes&#8221;[\/vc_column_text][vc_column_text] Directiva N\u00ba 001-2020-VRAC-ULC: Contrataci\u00f3n\u00a0 [&hellip;]<\/p>\n","protected":false},"author":3,"featured_media":0,"parent":0,"menu_order":0,"comment_status":"closed","ping_status":"closed","template":"","meta":{"footnotes":""},"class_list":["post-2408","page","type-page","status-publish","hentry"],"_links":{"self":[{"href":"https:\/\/ulc.edu.pe\/ulcWeb\/wp-json\/wp\/v2\/pages\/2408","targetHints":{"allow":["GET"]}}],"collection":[{"href":"https:\/\/ulc.edu.pe\/ulcWeb\/wp-json\/wp\/v2\/pages"}],"about":[{"href":"https:\/\/ulc.edu.pe\/ulcWeb\/wp-json\/wp\/v2\/types\/page"}],"author":[{"embeddable":true,"href":"https:\/\/ulc.edu.pe\/ulcWeb\/wp-json\/wp\/v2\/users\/3"}],"replies":[{"embeddable":true,"href":"https:\/\/ulc.edu.pe\/ulcWeb\/wp-json\/wp\/v2\/comments?post=2408"}],"version-history":[{"count":58,"href":"https:\/\/ulc.edu.pe\/ulcWeb\/wp-json\/wp\/v2\/pages\/2408\/revisions"}],"predecessor-version":[{"id":6601,"href":"https:\/\/ulc.edu.pe\/ulcWeb\/wp-json\/wp\/v2\/pages\/2408\/revisions\/6601"}],"wp:attachment":[{"href":"https:\/\/ulc.edu.pe\/ulcWeb\/wp-json\/wp\/v2\/media?parent=2408"}],"curies":[{"name":"wp","href":"https:\/\/api.w.org\/{rel}","templated":true}]}}