{"id":2119,"date":"2017-05-24T23:06:35","date_gmt":"2017-05-24T23:06:35","guid":{"rendered":"http:\/\/www.ulc.edu.pe\/?page_id=2119"},"modified":"2017-09-14T15:38:30","modified_gmt":"2017-09-14T15:38:30","slug":"investigacion-enlaces-de-interes","status":"publish","type":"page","link":"https:\/\/ulc.edu.pe\/ulcWeb\/investigacion-enlaces-de-interes\/","title":{"rendered":"Investigaci\u00f3n &#8211; Actividades de Capacitaci\u00f3n"},"content":{"rendered":"<div class=\"wpb-content-wrapper\">[vc_row][vc_column width=&#8221;1\/4&#8243;][stm_sidebar sidebar=&#8221;2107&#8243;][\/vc_column][vc_column width=&#8221;3\/4&#8243;][vc_custom_heading text=&#8221;ACTIVIDADES DE CAPACITACI\u00d3N&#8221; font_container=&#8221;tag:h2|text_align:left|color:%23000000&#8243; use_theme_fonts=&#8221;yes&#8221;][vc_message icon_fontawesome=&#8221;fa fa-file-pdf-o&#8221;]<a style=\"text-decoration: none; color: #636363;\" href=\"http:\/\/www.innovateperu.gob.pe\/fincyt\/doc\/peru_resiliente\/01\/bases\/Basesintegradas-Peru-Resiliente-Proyectos_IDi%20VF-compressed.pdf\" target=\"_blank\" rel=\"noopener noreferrer\">RETO PER\u00da RESILIENTE<\/a><\/p>\n<p>Innovaciones para la gesti\u00f3n de riesgo de desastres &#8211; Bases Integradas del Concurso &#8211; Proyectos I+d+i[\/vc_message][vc_message icon_fontawesome=&#8221;fa fa-file-pdf-o&#8221;]<a style=\"text-decoration: none; color: #636363;\" href=\"http:\/\/ulc.edu.pe\/ulcWeb\/wp-content\/uploads\/2017\/09\/AFICHE-CONFERENCIA-EL-DESAFIO-DE-CREAR-ECOSISTEMAS-DE-EMPRENDIMIENTO-E-INNOVACI\u00d3N.pdf\" target=\"_blank\" rel=\"noopener noreferrer\">CONFERENCIA &#8211; INICIO: Jueves 05 de Septiembre del 2017<\/a><\/p>\n<p>El Desaf\u00edo de crear Ecosistemas de Emprendimiento e Innovaci\u00f3n Antrop\u00f3loga[\/vc_message][vc_message icon_fontawesome=&#8221;fa fa-file-pdf-o&#8221;]<a style=\"text-decoration: none; color: #636363;\" href=\"http:\/\/ulc.edu.pe\/ulcWeb\/wp-content\/uploads\/2017\/08\/01_INVITACION-DIPLOMADO.pdf\" target=\"_blank\" rel=\"noopener noreferrer\">DIPLOMADO TALLER &#8211; INICIO: Jueves 14 de Septiembre del 2017<\/a><\/p>\n<p>Fortalecimiento de las Competencias Investigativas del Docente[\/vc_message][\/vc_column][\/vc_row]\n<\/div>","protected":false},"excerpt":{"rendered":"<p>[vc_row][vc_column width=&#8221;1\/4&#8243;][stm_sidebar sidebar=&#8221;2107&#8243;][\/vc_column][vc_column width=&#8221;3\/4&#8243;][vc_custom_heading text=&#8221;ACTIVIDADES DE CAPACITACI\u00d3N&#8221; font_container=&#8221;tag:h2|text_align:left|color:%23000000&#8243; use_theme_fonts=&#8221;yes&#8221;][vc_message icon_fontawesome=&#8221;fa fa-file-pdf-o&#8221;]RETO PER\u00da RESILIENTE Innovaciones para la gesti\u00f3n de riesgo de desastres &#8211; Bases Integradas del Concurso &#8211; Proyectos I+d+i[\/vc_message][vc_message icon_fontawesome=&#8221;fa fa-file-pdf-o&#8221;]CONFERENCIA &#8211; INICIO: Jueves 05 de Septiembre del 2017 El Desaf\u00edo de crear Ecosistemas de Emprendimiento e Innovaci\u00f3n Antrop\u00f3loga[\/vc_message][vc_message icon_fontawesome=&#8221;fa fa-file-pdf-o&#8221;]DIPLOMADO TALLER &#8211; INICIO: Jueves [&hellip;]<\/p>\n","protected":false},"author":2,"featured_media":0,"parent":0,"menu_order":0,"comment_status":"closed","ping_status":"closed","template":"","meta":{"footnotes":""},"class_list":["post-2119","page","type-page","status-publish","hentry"],"_links":{"self":[{"href":"https:\/\/ulc.edu.pe\/ulcWeb\/wp-json\/wp\/v2\/pages\/2119","targetHints":{"allow":["GET"]}}],"collection":[{"href":"https:\/\/ulc.edu.pe\/ulcWeb\/wp-json\/wp\/v2\/pages"}],"about":[{"href":"https:\/\/ulc.edu.pe\/ulcWeb\/wp-json\/wp\/v2\/types\/page"}],"author":[{"embeddable":true,"href":"https:\/\/ulc.edu.pe\/ulcWeb\/wp-json\/wp\/v2\/users\/2"}],"replies":[{"embeddable":true,"href":"https:\/\/ulc.edu.pe\/ulcWeb\/wp-json\/wp\/v2\/comments?post=2119"}],"version-history":[{"count":9,"href":"https:\/\/ulc.edu.pe\/ulcWeb\/wp-json\/wp\/v2\/pages\/2119\/revisions"}],"predecessor-version":[{"id":2382,"href":"https:\/\/ulc.edu.pe\/ulcWeb\/wp-json\/wp\/v2\/pages\/2119\/revisions\/2382"}],"wp:attachment":[{"href":"https:\/\/ulc.edu.pe\/ulcWeb\/wp-json\/wp\/v2\/media?parent=2119"}],"curies":[{"name":"wp","href":"https:\/\/api.w.org\/{rel}","templated":true}]}}