{"id":1264,"date":"2016-11-07T13:55:42","date_gmt":"2016-11-07T13:55:42","guid":{"rendered":"http:\/\/www.ulc.edu.pe\/ulcWeb\/?page_id=1264"},"modified":"2023-04-04T22:35:30","modified_gmt":"2023-04-04T22:35:30","slug":"decanos-de-facultad","status":"publish","type":"page","link":"https:\/\/ulc.edu.pe\/ulcWeb\/decanos-de-facultad\/","title":{"rendered":"Decanos de Facultad"},"content":{"rendered":"<div class=\"wpb-content-wrapper\">[vc_row][vc_column][vc_column_text]\n<p style=\"text-align: center;\">Los decanos de la ULC, cuentan con amplia experiencia en la educaci\u00f3n y gesti\u00f3n universitaria, siendo la m\u00e1xima autoridad en sus respectivas facultades.<\/p>\n[\/vc_column_text][vc_row_inner][vc_column_inner width=&#8221;1\/2&#8243;][vc_single_image image=&#8221;7586&#8243; img_size=&#8221;200&#215;300&#8243; alignment=&#8221;center&#8221; style=&#8221;vc_box_rounded&#8221;][vc_custom_heading text=&#8221;Decano de Contabilidad y Finanzas&#8221; font_container=&#8221;tag:h4|text_align:center|color:%23dd3333&#8243; use_theme_fonts=&#8221;yes&#8221; subtitle=&#8221;Mg. Gary Edmundo Montes de Oca Perez&#8221;][vc_column_text]\n<p style=\"text-align: center;\">Dr. Jes\u00fas Atahuasi Chaparro<\/p>\n[\/vc_column_text][\/vc_column_inner][vc_column_inner width=&#8221;1\/2&#8243;][vc_single_image image=&#8221;6690&#8243; img_size=&#8221;200&#215;300&#8243; alignment=&#8221;center&#8221; style=&#8221;vc_box_rounded&#8221;][vc_custom_heading text=&#8221;Decano de Ing. Ambiental&#8221; font_container=&#8221;tag:h4|text_align:center|color:%23dd3333&#8243; use_theme_fonts=&#8221;yes&#8221; subtitle=&#8221;Dr. C\u00e9sar Julio C\u00e1ceda Quiroz&#8221;][vc_column_text]\n<p style=\"text-align: center;\">Mg. Mario Eduardo Lara Landivar<\/p>\n[\/vc_column_text][\/vc_column_inner][\/vc_row_inner][vc_row_inner css=&#8221;.vc_custom_1478558050032{margin-top: 50px !important;}&#8221;][vc_column_inner width=&#8221;1\/2&#8243;][vc_single_image image=&#8221;6690&#8243; img_size=&#8221;200&#215;300&#8243; alignment=&#8221;center&#8221; style=&#8221;vc_box_rounded&#8221;][vc_custom_heading text=&#8221;Decano de Odontolog\u00ed\u00ada&#8221; font_container=&#8221;tag:h4|text_align:center|color:%23dd3333&#8243; use_theme_fonts=&#8221;yes&#8221; subtitle=&#8221;Mg. Mario Eduardo Lara Landivar&#8221;][vc_column_text]\n<p style=\"text-align: center;\">Mg. Mario Eduardo Lara Landivar<\/p>\n[\/vc_column_text][\/vc_column_inner][vc_column_inner width=&#8221;1\/2&#8243;][vc_single_image image=&#8221;7586&#8243; img_size=&#8221;200&#215;300&#8243; alignment=&#8221;center&#8221; style=&#8221;vc_box_rounded&#8221;][vc_custom_heading text=&#8221;Decano de Derecho&#8221; font_container=&#8221;tag:h4|text_align:center|color:%23dd3333&#8243; use_theme_fonts=&#8221;yes&#8221; subtitle=&#8221;Mg. Omar Pezo Jimenez&#8221;][vc_column_text]\n<p style=\"text-align: center;\">Dr. Jes\u00fas Atahuasi Chaparro<\/p>\n[\/vc_column_text][\/vc_column_inner][\/vc_row_inner][\/vc_column][\/vc_row]\n<\/div>","protected":false},"excerpt":{"rendered":"<p>[vc_row][vc_column][vc_column_text] Los decanos de la ULC, cuentan con amplia experiencia en la educaci\u00f3n y gesti\u00f3n universitaria, siendo la m\u00e1xima autoridad en sus respectivas facultades. [\/vc_column_text][vc_row_inner][vc_column_inner width=&#8221;1\/2&#8243;][vc_single_image image=&#8221;7586&#8243; img_size=&#8221;200&#215;300&#8243; alignment=&#8221;center&#8221; style=&#8221;vc_box_rounded&#8221;][vc_custom_heading text=&#8221;Decano de Contabilidad y Finanzas&#8221; font_container=&#8221;tag:h4|text_align:center|color:%23dd3333&#8243; use_theme_fonts=&#8221;yes&#8221; subtitle=&#8221;Mg. Gary Edmundo Montes de Oca Perez&#8221;][vc_column_text] Dr. Jes\u00fas Atahuasi Chaparro [\/vc_column_text][\/vc_column_inner][vc_column_inner width=&#8221;1\/2&#8243;][vc_single_image image=&#8221;6690&#8243; img_size=&#8221;200&#215;300&#8243; alignment=&#8221;center&#8221; style=&#8221;vc_box_rounded&#8221;][vc_custom_heading text=&#8221;Decano [&hellip;]<\/p>\n","protected":false},"author":3,"featured_media":0,"parent":0,"menu_order":0,"comment_status":"closed","ping_status":"closed","template":"","meta":{"footnotes":""},"class_list":["post-1264","page","type-page","status-publish","hentry"],"_links":{"self":[{"href":"https:\/\/ulc.edu.pe\/ulcWeb\/wp-json\/wp\/v2\/pages\/1264","targetHints":{"allow":["GET"]}}],"collection":[{"href":"https:\/\/ulc.edu.pe\/ulcWeb\/wp-json\/wp\/v2\/pages"}],"about":[{"href":"https:\/\/ulc.edu.pe\/ulcWeb\/wp-json\/wp\/v2\/types\/page"}],"author":[{"embeddable":true,"href":"https:\/\/ulc.edu.pe\/ulcWeb\/wp-json\/wp\/v2\/users\/3"}],"replies":[{"embeddable":true,"href":"https:\/\/ulc.edu.pe\/ulcWeb\/wp-json\/wp\/v2\/comments?post=1264"}],"version-history":[{"count":25,"href":"https:\/\/ulc.edu.pe\/ulcWeb\/wp-json\/wp\/v2\/pages\/1264\/revisions"}],"predecessor-version":[{"id":8091,"href":"https:\/\/ulc.edu.pe\/ulcWeb\/wp-json\/wp\/v2\/pages\/1264\/revisions\/8091"}],"wp:attachment":[{"href":"https:\/\/ulc.edu.pe\/ulcWeb\/wp-json\/wp\/v2\/media?parent=1264"}],"curies":[{"name":"wp","href":"https:\/\/api.w.org\/{rel}","templated":true}]}}