{"id":1259,"date":"2016-11-07T13:54:20","date_gmt":"2016-11-07T13:54:20","guid":{"rendered":"http:\/\/www.ulc.edu.pe\/ulcWeb\/?page_id=1259"},"modified":"2023-04-04T22:40:43","modified_gmt":"2023-04-04T22:40:43","slug":"rector-y-vicerrectores","status":"publish","type":"page","link":"https:\/\/ulc.edu.pe\/ulcWeb\/rector-y-vicerrectores\/","title":{"rendered":"Rector y Vicerrectores"},"content":{"rendered":"<div class=\"wpb-content-wrapper\">[vc_row][vc_column][vc_column_text]\n<p style=\"text-align: center;\">Las Autoridades Universitarias, tienen un\u00a0rol\u00a0vital\u00a0para el \u00e9xito acad\u00e9mico y de gesti\u00f3n de la ULC. Su principal prioridad es liderar\u00a0la mejora continua\u00a0y\u00a0los cambios necesarios\u00a0para cumplir con el plan estrat\u00e9gico institucional.<\/p>\n[\/vc_column_text][vc_row_inner][vc_column_inner width=&#8221;1\/3&#8243;][\/vc_column_inner][vc_column_inner width=&#8221;1\/3&#8243;][vc_single_image image=&#8221;3412&#8243; img_size=&#8221;200&#215;300&#8243; alignment=&#8221;center&#8221; style=&#8221;vc_box_rounded&#8221;][vc_column_text]\n<p style=\"text-align: center;\">Dr. Florentino Le\u00f3nidas Limache Luque<\/p>\n[\/vc_column_text][vc_custom_heading text=&#8221;Rector&#8221; font_container=&#8221;tag:h4|text_align:center|color:%23dd3333&#8243; use_theme_fonts=&#8221;yes&#8221; subtitle=&#8221;Dr. Florentino Le\u00f3nidas Limache Luque&#8221;][vc_custom_heading text=&#8221;Vicerrector Acad\u00e9mico&#8221; font_container=&#8221;tag:h4|text_align:center|color:%23dd3333&#8243; use_theme_fonts=&#8221;yes&#8221; subtitle=&#8221;Dr. Mauro Claros Limache Luque&#8221;][vc_custom_heading text=&#8221;Vicerrector de Investigaci\u00f3n&#8221; font_container=&#8221;tag:h4|text_align:center|color:%23dd3333&#8243; use_theme_fonts=&#8221;yes&#8221; subtitle=&#8221;Dr. Ricardo Le\u00f3nidas Mendoza Salas&#8221;][\/vc_column_inner][vc_column_inner width=&#8221;1\/3&#8243;][\/vc_column_inner][\/vc_row_inner][\/vc_column][\/vc_row]\n<\/div>","protected":false},"excerpt":{"rendered":"<p>[vc_row][vc_column][vc_column_text] Las Autoridades Universitarias, tienen un\u00a0rol\u00a0vital\u00a0para el \u00e9xito acad\u00e9mico y de gesti\u00f3n de la ULC. Su principal prioridad es liderar\u00a0la mejora continua\u00a0y\u00a0los cambios necesarios\u00a0para cumplir con el plan estrat\u00e9gico institucional. [\/vc_column_text][vc_row_inner][vc_column_inner width=&#8221;1\/3&#8243;][\/vc_column_inner][vc_column_inner width=&#8221;1\/3&#8243;][vc_single_image image=&#8221;3412&#8243; img_size=&#8221;200&#215;300&#8243; alignment=&#8221;center&#8221; style=&#8221;vc_box_rounded&#8221;][vc_column_text] Dr. Florentino Le\u00f3nidas Limache Luque [\/vc_column_text][vc_custom_heading text=&#8221;Rector&#8221; font_container=&#8221;tag:h4|text_align:center|color:%23dd3333&#8243; use_theme_fonts=&#8221;yes&#8221; subtitle=&#8221;Dr. Florentino Le\u00f3nidas Limache Luque&#8221;][vc_custom_heading text=&#8221;Vicerrector Acad\u00e9mico&#8221; font_container=&#8221;tag:h4|text_align:center|color:%23dd3333&#8243; use_theme_fonts=&#8221;yes&#8221; [&hellip;]<\/p>\n","protected":false},"author":3,"featured_media":0,"parent":0,"menu_order":0,"comment_status":"closed","ping_status":"closed","template":"","meta":{"footnotes":""},"class_list":["post-1259","page","type-page","status-publish","hentry"],"_links":{"self":[{"href":"https:\/\/ulc.edu.pe\/ulcWeb\/wp-json\/wp\/v2\/pages\/1259","targetHints":{"allow":["GET"]}}],"collection":[{"href":"https:\/\/ulc.edu.pe\/ulcWeb\/wp-json\/wp\/v2\/pages"}],"about":[{"href":"https:\/\/ulc.edu.pe\/ulcWeb\/wp-json\/wp\/v2\/types\/page"}],"author":[{"embeddable":true,"href":"https:\/\/ulc.edu.pe\/ulcWeb\/wp-json\/wp\/v2\/users\/3"}],"replies":[{"embeddable":true,"href":"https:\/\/ulc.edu.pe\/ulcWeb\/wp-json\/wp\/v2\/comments?post=1259"}],"version-history":[{"count":18,"href":"https:\/\/ulc.edu.pe\/ulcWeb\/wp-json\/wp\/v2\/pages\/1259\/revisions"}],"predecessor-version":[{"id":8092,"href":"https:\/\/ulc.edu.pe\/ulcWeb\/wp-json\/wp\/v2\/pages\/1259\/revisions\/8092"}],"wp:attachment":[{"href":"https:\/\/ulc.edu.pe\/ulcWeb\/wp-json\/wp\/v2\/media?parent=1259"}],"curies":[{"name":"wp","href":"https:\/\/api.w.org\/{rel}","templated":true}]}}