{"id":1253,"date":"2016-11-07T13:50:30","date_gmt":"2016-11-07T13:50:30","guid":{"rendered":"http:\/\/www.ulc.edu.pe\/ulcWeb\/?page_id=1253"},"modified":"2022-01-31T23:44:47","modified_gmt":"2022-01-31T23:44:47","slug":"mision-vision-valores-y-principios","status":"publish","type":"page","link":"https:\/\/ulc.edu.pe\/ulcWeb\/mision-vision-valores-y-principios\/","title":{"rendered":"Misi\u00f3n, visi\u00f3n, valores y principios"},"content":{"rendered":"<div class=\"wpb-content-wrapper\">[vc_row][vc_column width=&#8221;1\/2&#8243;][vc_single_image image=&#8221;7591&#8243; img_size=&#8221;full&#8221; alignment=&#8221;center&#8221;][gt3_spacing height=&#8221;32px&#8221;][vc_column_text]\n<p style=\"text-align: center;\"><span style=\"font-size: 12pt;\"><strong>APROBADO CON RESOLUCION N\u00ba 136-B-2019-CU-2019<\/strong><\/span><\/p>\n[\/vc_column_text][\/vc_column][vc_column width=&#8221;1\/2&#8243;][gt3_spacing height=&#8221;40px&#8221;][vc_custom_heading text=&#8221;Visi\u00f3n&#8221; font_container=&#8221;tag:h2|text_align:left|color:%23000000&#8243; use_theme_fonts=&#8221;yes&#8221;][vc_column_text]Ser referente regional en Educaci\u00f3n Universitaria y formadora de emprendedores exitosos, mediante la investigaci\u00f3n y su integraci\u00f3n con la comunidad y el medio ambiente.[\/vc_column_text][gt3_spacing height=&#8221;40px&#8221;][vc_separator][gt3_spacing height=&#8221;40px&#8221;][vc_custom_heading text=&#8221;Misi\u00f3n&#8221; font_container=&#8221;tag:h2|text_align:left|color:%23000000&#8243; use_theme_fonts=&#8221;yes&#8221;][vc_column_text]\n<ul>\n<li>Realizar investigaciones en todos los campos del saber humano, con el prop\u00f3sito de ofrecer alternativas eficaces y viables para el desarrollo sostenible de la Regi\u00f3n y del Pa\u00ed\u00ads.<\/li>\n<li>Formar profesionales emprendedores, con base cient\u00ed\u00adfica, tecnol\u00f3gica, human\u00ed\u00adstica y respetuosos del medio ambiente.<\/li>\n<li>Conservar, acrecentar, transmitir con sentido cr\u00ed\u00adtico y creativo, la cultura regional, nacional y universal.<\/li>\n<li>Vincular a la Universidad con la Comunidad, a fin de identificar sus experiencias y conocimientos, de esta manera extender su acci\u00f3n universitaria hacia ella.<\/li>\n<\/ul>\n[\/vc_column_text][gt3_spacing height=&#8221;40px&#8221;][vc_separator][gt3_spacing height=&#8221;40px&#8221;][vc_custom_heading text=&#8221;Valores&#8221; font_container=&#8221;tag:h2|text_align:left|color:%23000000&#8243; use_theme_fonts=&#8221;yes&#8221;][vc_column_text]Democracia, Justicia, Libertad, Creatividad, Innovaci\u00f3n, Confianza, Puntualidad, Solidaridad, Respeto a la Persona, Trabajo en equipo.[\/vc_column_text][gt3_spacing height=&#8221;40px&#8221;][vc_separator][gt3_spacing height=&#8221;40px&#8221;][vc_custom_heading text=&#8221;Principios&#8221; font_container=&#8221;tag:h2|text_align:left|color:%23000000&#8243; use_theme_fonts=&#8221;yes&#8221;][vc_column_text]\n<ul>\n<li>La participaci\u00f3n activa en el desarrollo de una consciencia nacional independiente, orientada a eliminar toda forma de dominaci\u00f3n interna y externa.<\/li>\n<li>La transformaci\u00f3n de la sociedad regional y peruana actuales en otra que garantice la justicia social.<\/li>\n<li>La autonom\u00ed\u00ada acad\u00e9mica, normativa, administrativa, econ\u00f3mica y de gobierno, de conformidad con la Constituci\u00f3n del Estado, la Ley Universitaria y otras normas legales.<\/li>\n<li>La preservaci\u00f3n, estudio y difusi\u00f3n de las riquezas art\u00ed\u00adsticas y artesanales de la regi\u00f3n.<\/li>\n<li>El rechazo a toda forma de violencia, intolerancia, discriminaci\u00f3n y dependencia.<\/li>\n<li>El pluralismo, la libertad de pensamiento, de cr\u00ed\u00adtica, de expresi\u00f3n y de c\u00e1tedra.<\/li>\n<li>La defensa de los Derechos Humanos, el servicio a la Comunidad Regional y Nacional.<\/li>\n<li>La b\u00fasqueda de la verdad y la afirmaci\u00f3n de los valores regionales y nacionales.<\/li>\n<\/ul>\n[\/vc_column_text][\/vc_column][\/vc_row]\n<\/div>","protected":false},"excerpt":{"rendered":"<p>[vc_row][vc_column width=&#8221;1\/2&#8243;][vc_single_image image=&#8221;7591&#8243; img_size=&#8221;full&#8221; alignment=&#8221;center&#8221;][gt3_spacing height=&#8221;32px&#8221;][vc_column_text] APROBADO CON RESOLUCION N\u00ba 136-B-2019-CU-2019 [\/vc_column_text][\/vc_column][vc_column width=&#8221;1\/2&#8243;][gt3_spacing height=&#8221;40px&#8221;][vc_custom_heading text=&#8221;Visi\u00f3n&#8221; font_container=&#8221;tag:h2|text_align:left|color:%23000000&#8243; use_theme_fonts=&#8221;yes&#8221;][vc_column_text]Ser referente regional en Educaci\u00f3n Universitaria y formadora de emprendedores exitosos, mediante la investigaci\u00f3n y su integraci\u00f3n con la comunidad y el medio ambiente.[\/vc_column_text][gt3_spacing height=&#8221;40px&#8221;][vc_separator][gt3_spacing height=&#8221;40px&#8221;][vc_custom_heading text=&#8221;Misi\u00f3n&#8221; font_container=&#8221;tag:h2|text_align:left|color:%23000000&#8243; use_theme_fonts=&#8221;yes&#8221;][vc_column_text] Realizar investigaciones en todos los campos del saber humano, con [&hellip;]<\/p>\n","protected":false},"author":3,"featured_media":0,"parent":0,"menu_order":0,"comment_status":"closed","ping_status":"closed","template":"","meta":{"footnotes":""},"class_list":["post-1253","page","type-page","status-publish","hentry"],"_links":{"self":[{"href":"https:\/\/ulc.edu.pe\/ulcWeb\/wp-json\/wp\/v2\/pages\/1253","targetHints":{"allow":["GET"]}}],"collection":[{"href":"https:\/\/ulc.edu.pe\/ulcWeb\/wp-json\/wp\/v2\/pages"}],"about":[{"href":"https:\/\/ulc.edu.pe\/ulcWeb\/wp-json\/wp\/v2\/types\/page"}],"author":[{"embeddable":true,"href":"https:\/\/ulc.edu.pe\/ulcWeb\/wp-json\/wp\/v2\/users\/3"}],"replies":[{"embeddable":true,"href":"https:\/\/ulc.edu.pe\/ulcWeb\/wp-json\/wp\/v2\/comments?post=1253"}],"version-history":[{"count":10,"href":"https:\/\/ulc.edu.pe\/ulcWeb\/wp-json\/wp\/v2\/pages\/1253\/revisions"}],"predecessor-version":[{"id":1291,"href":"https:\/\/ulc.edu.pe\/ulcWeb\/wp-json\/wp\/v2\/pages\/1253\/revisions\/1291"}],"wp:attachment":[{"href":"https:\/\/ulc.edu.pe\/ulcWeb\/wp-json\/wp\/v2\/media?parent=1253"}],"curies":[{"name":"wp","href":"https:\/\/api.w.org\/{rel}","templated":true}]}}