{"id":1241,"date":"2016-11-07T05:43:47","date_gmt":"2016-11-07T05:43:47","guid":{"rendered":"http:\/\/www.ulc.edu.pe\/ulcWeb\/?page_id=1241"},"modified":"2021-06-03T19:08:50","modified_gmt":"2021-06-03T19:08:50","slug":"bienvenida-del-rector","status":"publish","type":"page","link":"https:\/\/ulc.edu.pe\/ulcWeb\/bienvenida-del-rector\/","title":{"rendered":"Bienvenida del Rector"},"content":{"rendered":"<div class=\"wpb-content-wrapper\">[vc_row][vc_column width=&#8221;1\/4&#8243;][vc_single_image image=&#8221;3412&#8243; img_size=&#8221;large&#8221;][\/vc_column][vc_column width=&#8221;3\/4&#8243;][vc_row_inner][vc_column_inner][vc_column_text]\n<h3><\/h3>\n<p>Es grato para la Universidad Latinoamericana Cima darles la bienvenida en este d\u00ed\u00ada muy especial, ustedes representan la nueva generaci\u00f3n, que se incorpora para desarrollar una nueva vida tanto en lo social como en lo acad\u00e9mico en busca de nuevos horizontes.<\/p>\n<p>Nosotros, como instituci\u00f3n educativa superior nos obliga ser un referente regional en educaci\u00f3n universitaria, en la que el emprendimiento, la investigaci\u00f3n, los valores y la conservaci\u00f3n del medio ambiente lleven a formar hombres y mujeres para llegar a ser personas y profesionales \u00ed\u00adntegros que permita aportar al desarrollo de la regi\u00f3n.<\/p>\n<p>Por el lado de ustedes, es importante reflexionar que para ello se requiere responsabilidad, puntualidad pensando en que cada d\u00ed\u00ada deben ser mejores, ser mejor con sus compa\u00f1eros, con sus docentes, en sus relaciones sociales, superarse as\u00ed\u00ad mismo constantemente pensando en que el competidor eres t\u00fa mismo.<\/p>\n<p>\u00bfDe qu\u00e9 se trata esto? Muy sencillo. En la vida nos encontramos con muchos males, y no me refiero s\u00f3lo al mal moral, ante los cuales sentimos la necesidad de hacer algo, de cambiar las cosas, de mejorar. La mejor f\u00f3rmula para vencer esos males es haciendo el bien. Por ejemplo, para vencer el mal del ego\u00ed\u00adsmo, ser generoso; para vencer el mal de las injusticias sociales, ser solidario; para vencer el mal de la indiferencia, comprometerse con los dem\u00e1s.<\/p>\n<p>En la Universidad Latinoamericana Cima, directivos, autoridades, personal administrativo y docentes cada una de las personas que trabajan es esta instituci\u00f3n, lo m\u00e1s importante son ustedes, por ello nos encontramos felices.<\/p>\n<p>Es importante tomar con responsabilidad este desaf\u00ed\u00ado que se presenta ante ustedes.<\/p>\n<p>Bienvenidos a la comunidad universitaria ULC, muchos \u00e9xitos.<\/p>\n<h3 style=\"text-align: right;\"><span class=\"subtitle\">Dr. Florentino Le\u00f3nidas Limache Luque<\/span><\/h3>\n[\/vc_column_text][\/vc_column_inner][\/vc_row_inner][\/vc_column][\/vc_row]\n<\/div>","protected":false},"excerpt":{"rendered":"<p>[vc_row][vc_column width=&#8221;1\/4&#8243;][vc_single_image image=&#8221;3412&#8243; img_size=&#8221;large&#8221;][\/vc_column][vc_column width=&#8221;3\/4&#8243;][vc_row_inner][vc_column_inner][vc_column_text] Es grato para la Universidad Latinoamericana Cima darles la bienvenida en este d\u00ed\u00ada muy especial, ustedes representan la nueva generaci\u00f3n, que se incorpora para desarrollar una nueva vida tanto en lo social como en lo acad\u00e9mico en busca de nuevos horizontes. Nosotros, como instituci\u00f3n educativa superior nos obliga ser un [&hellip;]<\/p>\n","protected":false},"author":3,"featured_media":0,"parent":0,"menu_order":0,"comment_status":"closed","ping_status":"closed","template":"","meta":{"footnotes":""},"class_list":["post-1241","page","type-page","status-publish","hentry"],"_links":{"self":[{"href":"https:\/\/ulc.edu.pe\/ulcWeb\/wp-json\/wp\/v2\/pages\/1241","targetHints":{"allow":["GET"]}}],"collection":[{"href":"https:\/\/ulc.edu.pe\/ulcWeb\/wp-json\/wp\/v2\/pages"}],"about":[{"href":"https:\/\/ulc.edu.pe\/ulcWeb\/wp-json\/wp\/v2\/types\/page"}],"author":[{"embeddable":true,"href":"https:\/\/ulc.edu.pe\/ulcWeb\/wp-json\/wp\/v2\/users\/3"}],"replies":[{"embeddable":true,"href":"https:\/\/ulc.edu.pe\/ulcWeb\/wp-json\/wp\/v2\/comments?post=1241"}],"version-history":[{"count":13,"href":"https:\/\/ulc.edu.pe\/ulcWeb\/wp-json\/wp\/v2\/pages\/1241\/revisions"}],"predecessor-version":[{"id":7589,"href":"https:\/\/ulc.edu.pe\/ulcWeb\/wp-json\/wp\/v2\/pages\/1241\/revisions\/7589"}],"wp:attachment":[{"href":"https:\/\/ulc.edu.pe\/ulcWeb\/wp-json\/wp\/v2\/media?parent=1241"}],"curies":[{"name":"wp","href":"https:\/\/api.w.org\/{rel}","templated":true}]}}